{"id":19565,"date":"2023-11-04T15:41:50","date_gmt":"2023-11-04T14:41:50","guid":{"rendered":"http:\/\/isamurai.hu\/webshop\/product\/52-apple-imac-215-4k-2017-16-gb-ram-1tb-hdd\/"},"modified":"2025-07-18T13:03:53","modified_gmt":"2025-07-18T12:03:53","slug":"52-apple-imac-215-4k-2017-16-gb-ram-1tb-hdd","status":"publish","type":"product","link":"https:\/\/isamurai.hu\/webshop\/termek\/52-apple-imac-215-4k-2017-16-gb-ram-1tb-hdd\/","title":{"rendered":"55. Apple iMac 21,5&#8243; &#8211; 4K &#8211; 2017 &#8211; 16 GB RAM &#8211; 1TB HDD"},"content":{"rendered":"","protected":false},"excerpt":{"rendered":"<p>Elad\u00f3 egy haszn\u00e1lt Apple iMac. 4K-s 21,5&#8243;-os kijelz\u0151vel szerelt, 2017-es modell. 3 GHz-es Intel i5-\u00f6s processzorral \u00e9s dedik\u00e1lt Radeon Pro 555 Gpu-val, 1TB HDD-vel \u00e9s 16gb GB RAM-mal. A g\u00e9phez t\u00e1pk\u00e1bel j\u00e1r, valamint 3 h\u00f3nap garancia.<\/p>\n","protected":false},"featured_media":21298,"comment_status":"open","ping_status":"closed","template":"","meta":{"_acf_changed":false},"class_list":{"0":"post-19565","1":"product","2":"type-product","3":"status-publish","4":"has-post-thumbnail","6":"product_cat-imac","8":"first","9":"instock","10":"sale","11":"shipping-taxable","12":"purchasable","13":"product-type-simple"},"acf":[],"yoast_head":"<!-- This site is optimized with the Yoast SEO plugin v23.1 - https:\/\/yoast.com\/wordpress\/plugins\/seo\/ -->\n<title>55. Apple iMac 21,5&quot; - 4K - 2017 - 16 GB RAM - 1TB HDD - iSamurai<\/title>\n<meta name=\"robots\" content=\"index, follow, max-snippet:-1, max-image-preview:large, max-video-preview:-1\" \/>\n<link rel=\"canonical\" href=\"https:\/\/isamurai.hu\/webshop\/termek\/52-apple-imac-215-4k-2017-16-gb-ram-1tb-hdd\/\" \/>\n<meta property=\"og:locale\" content=\"hu_HU\" \/>\n<meta property=\"og:type\" content=\"article\" \/>\n<meta property=\"og:title\" content=\"55. Apple iMac 21,5&quot; - 4K - 2017 - 16 GB RAM - 1TB HDD - iSamurai\" \/>\n<meta property=\"og:description\" content=\"Elad\u00f3 egy haszn\u00e1lt Apple iMac. 4K-s 21,5&quot;-os kijelz\u0151vel szerelt, 2017-es modell. 3 GHz-es Intel i5-\u00f6s processzorral \u00e9s dedik\u00e1lt Radeon Pro 555 Gpu-val, 1TB HDD-vel \u00e9s 16gb GB RAM-mal. A g\u00e9phez t\u00e1pk\u00e1bel j\u00e1r, valamint 3 h\u00f3nap garancia.\" \/>\n<meta property=\"og:url\" content=\"https:\/\/isamurai.hu\/webshop\/termek\/52-apple-imac-215-4k-2017-16-gb-ram-1tb-hdd\/\" \/>\n<meta property=\"og:site_name\" content=\"iSamurai\" \/>\n<meta property=\"article:modified_time\" content=\"2025-07-18T12:03:53+00:00\" \/>\n<meta property=\"og:image\" content=\"http:\/\/isamurai.hu\/webshop\/wp-content\/uploads\/2023\/11\/Photoroom_000_20250718_135151.jpg\" \/>\n\t<meta property=\"og:image:width\" content=\"2400\" \/>\n\t<meta property=\"og:image:height\" content=\"1800\" \/>\n\t<meta property=\"og:image:type\" content=\"image\/jpeg\" \/>\n<meta name=\"twitter:card\" content=\"summary_large_image\" \/>\n<meta name=\"twitter:label1\" content=\"Becs\u00fclt olvas\u00e1si id\u0151\" \/>\n\t<meta name=\"twitter:data1\" content=\"1 perc\" \/>\n<script type=\"application\/ld+json\" class=\"yoast-schema-graph\">{\"@context\":\"https:\/\/schema.org\",\"@graph\":[{\"@type\":\"WebPage\",\"@id\":\"https:\/\/isamurai.hu\/webshop\/termek\/52-apple-imac-215-4k-2017-16-gb-ram-1tb-hdd\/\",\"url\":\"https:\/\/isamurai.hu\/webshop\/termek\/52-apple-imac-215-4k-2017-16-gb-ram-1tb-hdd\/\",\"name\":\"55. Apple iMac 21,5\\\" - 4K - 2017 - 16 GB RAM - 1TB HDD - iSamurai\",\"isPartOf\":{\"@id\":\"https:\/\/isamurai.hu\/webshop\/#website\"},\"primaryImageOfPage\":{\"@id\":\"https:\/\/isamurai.hu\/webshop\/termek\/52-apple-imac-215-4k-2017-16-gb-ram-1tb-hdd\/#primaryimage\"},\"image\":{\"@id\":\"https:\/\/isamurai.hu\/webshop\/termek\/52-apple-imac-215-4k-2017-16-gb-ram-1tb-hdd\/#primaryimage\"},\"thumbnailUrl\":\"https:\/\/isamurai.hu\/webshop\/wp-content\/uploads\/2023\/11\/Photoroom_000_20250718_135151.jpg\",\"datePublished\":\"2023-11-04T14:41:50+00:00\",\"dateModified\":\"2025-07-18T12:03:53+00:00\",\"breadcrumb\":{\"@id\":\"https:\/\/isamurai.hu\/webshop\/termek\/52-apple-imac-215-4k-2017-16-gb-ram-1tb-hdd\/#breadcrumb\"},\"inLanguage\":\"hu\",\"potentialAction\":[{\"@type\":\"ReadAction\",\"target\":[\"https:\/\/isamurai.hu\/webshop\/termek\/52-apple-imac-215-4k-2017-16-gb-ram-1tb-hdd\/\"]}]},{\"@type\":\"ImageObject\",\"inLanguage\":\"hu\",\"@id\":\"https:\/\/isamurai.hu\/webshop\/termek\/52-apple-imac-215-4k-2017-16-gb-ram-1tb-hdd\/#primaryimage\",\"url\":\"https:\/\/isamurai.hu\/webshop\/wp-content\/uploads\/2023\/11\/Photoroom_000_20250718_135151.jpg\",\"contentUrl\":\"https:\/\/isamurai.hu\/webshop\/wp-content\/uploads\/2023\/11\/Photoroom_000_20250718_135151.jpg\",\"width\":2400,\"height\":1800},{\"@type\":\"BreadcrumbList\",\"@id\":\"https:\/\/isamurai.hu\/webshop\/termek\/52-apple-imac-215-4k-2017-16-gb-ram-1tb-hdd\/#breadcrumb\",\"itemListElement\":[{\"@type\":\"ListItem\",\"position\":1,\"name\":\"Kezd\u0151lap\",\"item\":\"https:\/\/isamurai.hu\/webshop\/\"},{\"@type\":\"ListItem\",\"position\":2,\"name\":\"Ad\u00e1s-v\u00e9tel \u00e9s szerviz\",\"item\":\"https:\/\/isamurai.hu\/webshop\/\"},{\"@type\":\"ListItem\",\"position\":3,\"name\":\"55. Apple iMac 21,5&#8243; &#8211; 4K &#8211; 2017 &#8211; 16 GB RAM &#8211; 1TB HDD\"}]},{\"@type\":\"WebSite\",\"@id\":\"https:\/\/isamurai.hu\/webshop\/#website\",\"url\":\"https:\/\/isamurai.hu\/webshop\/\",\"name\":\"iSamurai\",\"description\":\"\",\"potentialAction\":[{\"@type\":\"SearchAction\",\"target\":{\"@type\":\"EntryPoint\",\"urlTemplate\":\"https:\/\/isamurai.hu\/webshop\/?s={search_term_string}\"},\"query-input\":\"required name=search_term_string\"}],\"inLanguage\":\"hu\"}]}<\/script>\n<!-- \/ Yoast SEO plugin. -->","yoast_head_json":{"title":"55. Apple iMac 21,5\" - 4K - 2017 - 16 GB RAM - 1TB HDD - iSamurai","robots":{"index":"index","follow":"follow","max-snippet":"max-snippet:-1","max-image-preview":"max-image-preview:large","max-video-preview":"max-video-preview:-1"},"canonical":"https:\/\/isamurai.hu\/webshop\/termek\/52-apple-imac-215-4k-2017-16-gb-ram-1tb-hdd\/","og_locale":"hu_HU","og_type":"article","og_title":"55. Apple iMac 21,5\" - 4K - 2017 - 16 GB RAM - 1TB HDD - iSamurai","og_description":"Elad\u00f3 egy haszn\u00e1lt Apple iMac. 4K-s 21,5\"-os kijelz\u0151vel szerelt, 2017-es modell. 3 GHz-es Intel i5-\u00f6s processzorral \u00e9s dedik\u00e1lt Radeon Pro 555 Gpu-val, 1TB HDD-vel \u00e9s 16gb GB RAM-mal. A g\u00e9phez t\u00e1pk\u00e1bel j\u00e1r, valamint 3 h\u00f3nap garancia.","og_url":"https:\/\/isamurai.hu\/webshop\/termek\/52-apple-imac-215-4k-2017-16-gb-ram-1tb-hdd\/","og_site_name":"iSamurai","article_modified_time":"2025-07-18T12:03:53+00:00","og_image":[{"width":2400,"height":1800,"url":"http:\/\/isamurai.hu\/webshop\/wp-content\/uploads\/2023\/11\/Photoroom_000_20250718_135151.jpg","type":"image\/jpeg"}],"twitter_card":"summary_large_image","twitter_misc":{"Becs\u00fclt olvas\u00e1si id\u0151":"1 perc"},"schema":{"@context":"https:\/\/schema.org","@graph":[{"@type":"WebPage","@id":"https:\/\/isamurai.hu\/webshop\/termek\/52-apple-imac-215-4k-2017-16-gb-ram-1tb-hdd\/","url":"https:\/\/isamurai.hu\/webshop\/termek\/52-apple-imac-215-4k-2017-16-gb-ram-1tb-hdd\/","name":"55. Apple iMac 21,5\" - 4K - 2017 - 16 GB RAM - 1TB HDD - iSamurai","isPartOf":{"@id":"https:\/\/isamurai.hu\/webshop\/#website"},"primaryImageOfPage":{"@id":"https:\/\/isamurai.hu\/webshop\/termek\/52-apple-imac-215-4k-2017-16-gb-ram-1tb-hdd\/#primaryimage"},"image":{"@id":"https:\/\/isamurai.hu\/webshop\/termek\/52-apple-imac-215-4k-2017-16-gb-ram-1tb-hdd\/#primaryimage"},"thumbnailUrl":"https:\/\/isamurai.hu\/webshop\/wp-content\/uploads\/2023\/11\/Photoroom_000_20250718_135151.jpg","datePublished":"2023-11-04T14:41:50+00:00","dateModified":"2025-07-18T12:03:53+00:00","breadcrumb":{"@id":"https:\/\/isamurai.hu\/webshop\/termek\/52-apple-imac-215-4k-2017-16-gb-ram-1tb-hdd\/#breadcrumb"},"inLanguage":"hu","potentialAction":[{"@type":"ReadAction","target":["https:\/\/isamurai.hu\/webshop\/termek\/52-apple-imac-215-4k-2017-16-gb-ram-1tb-hdd\/"]}]},{"@type":"ImageObject","inLanguage":"hu","@id":"https:\/\/isamurai.hu\/webshop\/termek\/52-apple-imac-215-4k-2017-16-gb-ram-1tb-hdd\/#primaryimage","url":"https:\/\/isamurai.hu\/webshop\/wp-content\/uploads\/2023\/11\/Photoroom_000_20250718_135151.jpg","contentUrl":"https:\/\/isamurai.hu\/webshop\/wp-content\/uploads\/2023\/11\/Photoroom_000_20250718_135151.jpg","width":2400,"height":1800},{"@type":"BreadcrumbList","@id":"https:\/\/isamurai.hu\/webshop\/termek\/52-apple-imac-215-4k-2017-16-gb-ram-1tb-hdd\/#breadcrumb","itemListElement":[{"@type":"ListItem","position":1,"name":"Kezd\u0151lap","item":"https:\/\/isamurai.hu\/webshop\/"},{"@type":"ListItem","position":2,"name":"Ad\u00e1s-v\u00e9tel \u00e9s szerviz","item":"https:\/\/isamurai.hu\/webshop\/"},{"@type":"ListItem","position":3,"name":"55. Apple iMac 21,5&#8243; &#8211; 4K &#8211; 2017 &#8211; 16 GB RAM &#8211; 1TB HDD"}]},{"@type":"WebSite","@id":"https:\/\/isamurai.hu\/webshop\/#website","url":"https:\/\/isamurai.hu\/webshop\/","name":"iSamurai","description":"","potentialAction":[{"@type":"SearchAction","target":{"@type":"EntryPoint","urlTemplate":"https:\/\/isamurai.hu\/webshop\/?s={search_term_string}"},"query-input":"required name=search_term_string"}],"inLanguage":"hu"}]}},"_links":{"self":[{"href":"https:\/\/isamurai.hu\/webshop\/wp-json\/wp\/v2\/product\/19565"}],"collection":[{"href":"https:\/\/isamurai.hu\/webshop\/wp-json\/wp\/v2\/product"}],"about":[{"href":"https:\/\/isamurai.hu\/webshop\/wp-json\/wp\/v2\/types\/product"}],"replies":[{"embeddable":true,"href":"https:\/\/isamurai.hu\/webshop\/wp-json\/wp\/v2\/comments?post=19565"}],"wp:featuredmedia":[{"embeddable":true,"href":"https:\/\/isamurai.hu\/webshop\/wp-json\/wp\/v2\/media\/21298"}],"wp:attachment":[{"href":"https:\/\/isamurai.hu\/webshop\/wp-json\/wp\/v2\/media?parent=19565"}],"curies":[{"name":"wp","href":"https:\/\/api.w.org\/{rel}","templated":true}]}}