{"id":19635,"date":"2023-11-24T14:08:13","date_gmt":"2023-11-24T13:08:13","guid":{"rendered":"http:\/\/isamurai.hu\/webshop\/product\/63-apple-iphone-15-pro-max-256-gb-fekete-titan-bontatlan\/"},"modified":"2026-03-14T12:11:13","modified_gmt":"2026-03-14T11:11:13","slug":"63-apple-iphone-15-pro-max-256-gb-fekete-titan-bontatlan","status":"publish","type":"product","link":"https:\/\/isamurai.hu\/webshop\/termek\/63-apple-iphone-15-pro-max-256-gb-fekete-titan-bontatlan\/","title":{"rendered":"39. Apple iPhone 15 Pro Max &#8211; 256 GB &#8211; Fekete Tit\u00e1n"},"content":{"rendered":"","protected":false},"excerpt":{"rendered":"<div>\n<p>Elad\u00f3 Apple iPhone 15 Pro Max k\u00e9sz\u00fcl\u00e9k. Fekete Tit\u00e1n sz\u00ednben, 256 GB bels\u0151 t\u00e1rhellyel, teljes doboz\u00e1val, valamint 2026.11.20-ig garanci\u00e1val.<\/p>\n<\/div>\n<p>&nbsp;<\/p>\n","protected":false},"featured_media":22244,"comment_status":"open","ping_status":"closed","template":"","meta":{"_acf_changed":false},"class_list":{"0":"post-19635","1":"product","2":"type-product","3":"status-publish","4":"has-post-thumbnail","6":"product_cat-iphone-15-15-plus-15-pro-15-pro-max-14-14-plus-14-pro-14-pro-max","8":"first","9":"instock","10":"shipping-taxable","11":"purchasable","12":"product-type-simple"},"acf":[],"yoast_head":"<!-- This site is optimized with the Yoast SEO plugin v23.1 - https:\/\/yoast.com\/wordpress\/plugins\/seo\/ -->\n<title>39. Apple iPhone 15 Pro Max - 256 GB - Fekete Tit\u00e1n - iSamurai<\/title>\n<meta name=\"robots\" content=\"index, follow, max-snippet:-1, max-image-preview:large, max-video-preview:-1\" \/>\n<link rel=\"canonical\" href=\"https:\/\/isamurai.hu\/webshop\/termek\/63-apple-iphone-15-pro-max-256-gb-fekete-titan-bontatlan\/\" \/>\n<meta property=\"og:locale\" content=\"hu_HU\" \/>\n<meta property=\"og:type\" content=\"article\" \/>\n<meta property=\"og:title\" content=\"39. Apple iPhone 15 Pro Max - 256 GB - Fekete Tit\u00e1n - iSamurai\" \/>\n<meta property=\"og:description\" content=\"Elad\u00f3 Apple iPhone 15 Pro Max k\u00e9sz\u00fcl\u00e9k. Fekete Tit\u00e1n sz\u00ednben, 256 GB bels\u0151 t\u00e1rhellyel, teljes doboz\u00e1val, valamint 2026.11.20-ig garanci\u00e1val.   &nbsp;\" \/>\n<meta property=\"og:url\" content=\"https:\/\/isamurai.hu\/webshop\/termek\/63-apple-iphone-15-pro-max-256-gb-fekete-titan-bontatlan\/\" \/>\n<meta property=\"og:site_name\" content=\"iSamurai\" \/>\n<meta property=\"article:modified_time\" content=\"2026-03-14T11:11:13+00:00\" \/>\n<meta property=\"og:image\" content=\"http:\/\/isamurai.hu\/webshop\/wp-content\/uploads\/2023\/11\/IMG_3755.jpg\" \/>\n\t<meta property=\"og:image:width\" content=\"2331\" \/>\n\t<meta property=\"og:image:height\" content=\"2331\" \/>\n\t<meta property=\"og:image:type\" content=\"image\/jpeg\" \/>\n<meta name=\"twitter:card\" content=\"summary_large_image\" \/>\n<meta name=\"twitter:label1\" content=\"Becs\u00fclt olvas\u00e1si id\u0151\" \/>\n\t<meta name=\"twitter:data1\" content=\"1 perc\" \/>\n<script type=\"application\/ld+json\" class=\"yoast-schema-graph\">{\"@context\":\"https:\/\/schema.org\",\"@graph\":[{\"@type\":\"WebPage\",\"@id\":\"https:\/\/isamurai.hu\/webshop\/termek\/63-apple-iphone-15-pro-max-256-gb-fekete-titan-bontatlan\/\",\"url\":\"https:\/\/isamurai.hu\/webshop\/termek\/63-apple-iphone-15-pro-max-256-gb-fekete-titan-bontatlan\/\",\"name\":\"39. Apple iPhone 15 Pro Max - 256 GB - Fekete Tit\u00e1n - iSamurai\",\"isPartOf\":{\"@id\":\"https:\/\/isamurai.hu\/webshop\/#website\"},\"primaryImageOfPage\":{\"@id\":\"https:\/\/isamurai.hu\/webshop\/termek\/63-apple-iphone-15-pro-max-256-gb-fekete-titan-bontatlan\/#primaryimage\"},\"image\":{\"@id\":\"https:\/\/isamurai.hu\/webshop\/termek\/63-apple-iphone-15-pro-max-256-gb-fekete-titan-bontatlan\/#primaryimage\"},\"thumbnailUrl\":\"https:\/\/isamurai.hu\/webshop\/wp-content\/uploads\/2023\/11\/IMG_3755.jpg\",\"datePublished\":\"2023-11-24T13:08:13+00:00\",\"dateModified\":\"2026-03-14T11:11:13+00:00\",\"breadcrumb\":{\"@id\":\"https:\/\/isamurai.hu\/webshop\/termek\/63-apple-iphone-15-pro-max-256-gb-fekete-titan-bontatlan\/#breadcrumb\"},\"inLanguage\":\"hu\",\"potentialAction\":[{\"@type\":\"ReadAction\",\"target\":[\"https:\/\/isamurai.hu\/webshop\/termek\/63-apple-iphone-15-pro-max-256-gb-fekete-titan-bontatlan\/\"]}]},{\"@type\":\"ImageObject\",\"inLanguage\":\"hu\",\"@id\":\"https:\/\/isamurai.hu\/webshop\/termek\/63-apple-iphone-15-pro-max-256-gb-fekete-titan-bontatlan\/#primaryimage\",\"url\":\"https:\/\/isamurai.hu\/webshop\/wp-content\/uploads\/2023\/11\/IMG_3755.jpg\",\"contentUrl\":\"https:\/\/isamurai.hu\/webshop\/wp-content\/uploads\/2023\/11\/IMG_3755.jpg\",\"width\":2331,\"height\":2331},{\"@type\":\"BreadcrumbList\",\"@id\":\"https:\/\/isamurai.hu\/webshop\/termek\/63-apple-iphone-15-pro-max-256-gb-fekete-titan-bontatlan\/#breadcrumb\",\"itemListElement\":[{\"@type\":\"ListItem\",\"position\":1,\"name\":\"Kezd\u0151lap\",\"item\":\"https:\/\/isamurai.hu\/webshop\/\"},{\"@type\":\"ListItem\",\"position\":2,\"name\":\"Ad\u00e1s-v\u00e9tel \u00e9s szerviz\",\"item\":\"https:\/\/isamurai.hu\/webshop\/\"},{\"@type\":\"ListItem\",\"position\":3,\"name\":\"39. Apple iPhone 15 Pro Max &#8211; 256 GB &#8211; Fekete Tit\u00e1n\"}]},{\"@type\":\"WebSite\",\"@id\":\"https:\/\/isamurai.hu\/webshop\/#website\",\"url\":\"https:\/\/isamurai.hu\/webshop\/\",\"name\":\"iSamurai\",\"description\":\"\",\"potentialAction\":[{\"@type\":\"SearchAction\",\"target\":{\"@type\":\"EntryPoint\",\"urlTemplate\":\"https:\/\/isamurai.hu\/webshop\/?s={search_term_string}\"},\"query-input\":\"required name=search_term_string\"}],\"inLanguage\":\"hu\"}]}<\/script>\n<!-- \/ Yoast SEO plugin. -->","yoast_head_json":{"title":"39. Apple iPhone 15 Pro Max - 256 GB - Fekete Tit\u00e1n - iSamurai","robots":{"index":"index","follow":"follow","max-snippet":"max-snippet:-1","max-image-preview":"max-image-preview:large","max-video-preview":"max-video-preview:-1"},"canonical":"https:\/\/isamurai.hu\/webshop\/termek\/63-apple-iphone-15-pro-max-256-gb-fekete-titan-bontatlan\/","og_locale":"hu_HU","og_type":"article","og_title":"39. Apple iPhone 15 Pro Max - 256 GB - Fekete Tit\u00e1n - iSamurai","og_description":"Elad\u00f3 Apple iPhone 15 Pro Max k\u00e9sz\u00fcl\u00e9k. Fekete Tit\u00e1n sz\u00ednben, 256 GB bels\u0151 t\u00e1rhellyel, teljes doboz\u00e1val, valamint 2026.11.20-ig garanci\u00e1val.   &nbsp;","og_url":"https:\/\/isamurai.hu\/webshop\/termek\/63-apple-iphone-15-pro-max-256-gb-fekete-titan-bontatlan\/","og_site_name":"iSamurai","article_modified_time":"2026-03-14T11:11:13+00:00","og_image":[{"width":2331,"height":2331,"url":"http:\/\/isamurai.hu\/webshop\/wp-content\/uploads\/2023\/11\/IMG_3755.jpg","type":"image\/jpeg"}],"twitter_card":"summary_large_image","twitter_misc":{"Becs\u00fclt olvas\u00e1si id\u0151":"1 perc"},"schema":{"@context":"https:\/\/schema.org","@graph":[{"@type":"WebPage","@id":"https:\/\/isamurai.hu\/webshop\/termek\/63-apple-iphone-15-pro-max-256-gb-fekete-titan-bontatlan\/","url":"https:\/\/isamurai.hu\/webshop\/termek\/63-apple-iphone-15-pro-max-256-gb-fekete-titan-bontatlan\/","name":"39. Apple iPhone 15 Pro Max - 256 GB - Fekete Tit\u00e1n - iSamurai","isPartOf":{"@id":"https:\/\/isamurai.hu\/webshop\/#website"},"primaryImageOfPage":{"@id":"https:\/\/isamurai.hu\/webshop\/termek\/63-apple-iphone-15-pro-max-256-gb-fekete-titan-bontatlan\/#primaryimage"},"image":{"@id":"https:\/\/isamurai.hu\/webshop\/termek\/63-apple-iphone-15-pro-max-256-gb-fekete-titan-bontatlan\/#primaryimage"},"thumbnailUrl":"https:\/\/isamurai.hu\/webshop\/wp-content\/uploads\/2023\/11\/IMG_3755.jpg","datePublished":"2023-11-24T13:08:13+00:00","dateModified":"2026-03-14T11:11:13+00:00","breadcrumb":{"@id":"https:\/\/isamurai.hu\/webshop\/termek\/63-apple-iphone-15-pro-max-256-gb-fekete-titan-bontatlan\/#breadcrumb"},"inLanguage":"hu","potentialAction":[{"@type":"ReadAction","target":["https:\/\/isamurai.hu\/webshop\/termek\/63-apple-iphone-15-pro-max-256-gb-fekete-titan-bontatlan\/"]}]},{"@type":"ImageObject","inLanguage":"hu","@id":"https:\/\/isamurai.hu\/webshop\/termek\/63-apple-iphone-15-pro-max-256-gb-fekete-titan-bontatlan\/#primaryimage","url":"https:\/\/isamurai.hu\/webshop\/wp-content\/uploads\/2023\/11\/IMG_3755.jpg","contentUrl":"https:\/\/isamurai.hu\/webshop\/wp-content\/uploads\/2023\/11\/IMG_3755.jpg","width":2331,"height":2331},{"@type":"BreadcrumbList","@id":"https:\/\/isamurai.hu\/webshop\/termek\/63-apple-iphone-15-pro-max-256-gb-fekete-titan-bontatlan\/#breadcrumb","itemListElement":[{"@type":"ListItem","position":1,"name":"Kezd\u0151lap","item":"https:\/\/isamurai.hu\/webshop\/"},{"@type":"ListItem","position":2,"name":"Ad\u00e1s-v\u00e9tel \u00e9s szerviz","item":"https:\/\/isamurai.hu\/webshop\/"},{"@type":"ListItem","position":3,"name":"39. Apple iPhone 15 Pro Max &#8211; 256 GB &#8211; Fekete Tit\u00e1n"}]},{"@type":"WebSite","@id":"https:\/\/isamurai.hu\/webshop\/#website","url":"https:\/\/isamurai.hu\/webshop\/","name":"iSamurai","description":"","potentialAction":[{"@type":"SearchAction","target":{"@type":"EntryPoint","urlTemplate":"https:\/\/isamurai.hu\/webshop\/?s={search_term_string}"},"query-input":"required name=search_term_string"}],"inLanguage":"hu"}]}},"_links":{"self":[{"href":"https:\/\/isamurai.hu\/webshop\/wp-json\/wp\/v2\/product\/19635"}],"collection":[{"href":"https:\/\/isamurai.hu\/webshop\/wp-json\/wp\/v2\/product"}],"about":[{"href":"https:\/\/isamurai.hu\/webshop\/wp-json\/wp\/v2\/types\/product"}],"replies":[{"embeddable":true,"href":"https:\/\/isamurai.hu\/webshop\/wp-json\/wp\/v2\/comments?post=19635"}],"wp:featuredmedia":[{"embeddable":true,"href":"https:\/\/isamurai.hu\/webshop\/wp-json\/wp\/v2\/media\/22244"}],"wp:attachment":[{"href":"https:\/\/isamurai.hu\/webshop\/wp-json\/wp\/v2\/media?parent=19635"}],"curies":[{"name":"wp","href":"https:\/\/api.w.org\/{rel}","templated":true}]}}