{"id":20271,"date":"2024-09-09T10:49:18","date_gmt":"2024-09-09T09:49:18","guid":{"rendered":"https:\/\/isamurai.hu\/webshop\/?post_type=product&#038;p=20271"},"modified":"2026-04-10T16:18:00","modified_gmt":"2026-04-10T15:18:00","slug":"35-apple-macbook-pro-16-16-gb-512-ssd-m1-pro","status":"publish","type":"product","link":"https:\/\/isamurai.hu\/webshop\/termek\/35-apple-macbook-pro-16-16-gb-512-ssd-m1-pro\/","title":{"rendered":"35. Apple MacBook Pro 16&#8243; &#8211; 16 GB &#8211; 512 SSD &#8211; M1 Pro"},"content":{"rendered":"","protected":false},"excerpt":{"rendered":"<div class=\"woocommerce-product-details__short-description\">\n<p>Elad\u00f3 egy haszn\u00e1lt Apple MacBook Pro 16\u2033, Apple M1 Pro chippel, magyar billenty\u0171zettel. Space Gray sz\u00ednben, 16 GB RAM-mal \u00e9s 512 GB SSD-vel. T\u00f6lt\u0151vel valamint 3 h\u00f3nap garanci\u00e1val.<\/p>\n<\/div>\n","protected":false},"featured_media":22319,"comment_status":"open","ping_status":"closed","template":"","meta":{"_acf_changed":false},"class_list":{"0":"post-20271","1":"product","2":"type-product","3":"status-publish","4":"has-post-thumbnail","6":"product_cat-macbook","8":"first","9":"instock","10":"shipping-taxable","11":"purchasable","12":"product-type-simple"},"acf":[],"yoast_head":"<!-- This site is optimized with the Yoast SEO plugin v23.1 - https:\/\/yoast.com\/wordpress\/plugins\/seo\/ -->\n<title>35. Apple MacBook Pro 16&quot; - 16 GB - 512 SSD - M1 Pro - iSamurai<\/title>\n<meta name=\"robots\" content=\"index, follow, max-snippet:-1, max-image-preview:large, max-video-preview:-1\" \/>\n<link rel=\"canonical\" href=\"https:\/\/isamurai.hu\/webshop\/termek\/35-apple-macbook-pro-16-16-gb-512-ssd-m1-pro\/\" \/>\n<meta property=\"og:locale\" content=\"hu_HU\" \/>\n<meta property=\"og:type\" content=\"article\" \/>\n<meta property=\"og:title\" content=\"35. Apple MacBook Pro 16&quot; - 16 GB - 512 SSD - M1 Pro - iSamurai\" \/>\n<meta property=\"og:description\" content=\"Elad\u00f3 egy haszn\u00e1lt Apple MacBook Pro 16\u2033, Apple M1 Pro chippel, magyar billenty\u0171zettel. Space Gray sz\u00ednben, 16 GB RAM-mal \u00e9s 512 GB SSD-vel. T\u00f6lt\u0151vel valamint 3 h\u00f3nap garanci\u00e1val.\" \/>\n<meta property=\"og:url\" content=\"https:\/\/isamurai.hu\/webshop\/termek\/35-apple-macbook-pro-16-16-gb-512-ssd-m1-pro\/\" \/>\n<meta property=\"og:site_name\" content=\"iSamurai\" \/>\n<meta property=\"article:modified_time\" content=\"2026-04-10T15:18:00+00:00\" \/>\n<meta property=\"og:image\" content=\"http:\/\/isamurai.hu\/webshop\/wp-content\/uploads\/2024\/09\/IMG_2064-scaled.jpg\" \/>\n\t<meta property=\"og:image:width\" content=\"2560\" \/>\n\t<meta property=\"og:image:height\" content=\"2560\" \/>\n\t<meta property=\"og:image:type\" content=\"image\/jpeg\" \/>\n<meta name=\"twitter:card\" content=\"summary_large_image\" \/>\n<meta name=\"twitter:label1\" content=\"Becs\u00fclt olvas\u00e1si id\u0151\" \/>\n\t<meta name=\"twitter:data1\" content=\"1 perc\" \/>\n<script type=\"application\/ld+json\" class=\"yoast-schema-graph\">{\"@context\":\"https:\/\/schema.org\",\"@graph\":[{\"@type\":\"WebPage\",\"@id\":\"https:\/\/isamurai.hu\/webshop\/termek\/35-apple-macbook-pro-16-16-gb-512-ssd-m1-pro\/\",\"url\":\"https:\/\/isamurai.hu\/webshop\/termek\/35-apple-macbook-pro-16-16-gb-512-ssd-m1-pro\/\",\"name\":\"35. Apple MacBook Pro 16\\\" - 16 GB - 512 SSD - M1 Pro - iSamurai\",\"isPartOf\":{\"@id\":\"https:\/\/isamurai.hu\/webshop\/#website\"},\"primaryImageOfPage\":{\"@id\":\"https:\/\/isamurai.hu\/webshop\/termek\/35-apple-macbook-pro-16-16-gb-512-ssd-m1-pro\/#primaryimage\"},\"image\":{\"@id\":\"https:\/\/isamurai.hu\/webshop\/termek\/35-apple-macbook-pro-16-16-gb-512-ssd-m1-pro\/#primaryimage\"},\"thumbnailUrl\":\"https:\/\/isamurai.hu\/webshop\/wp-content\/uploads\/2024\/09\/IMG_2064-scaled.jpg\",\"datePublished\":\"2024-09-09T09:49:18+00:00\",\"dateModified\":\"2026-04-10T15:18:00+00:00\",\"breadcrumb\":{\"@id\":\"https:\/\/isamurai.hu\/webshop\/termek\/35-apple-macbook-pro-16-16-gb-512-ssd-m1-pro\/#breadcrumb\"},\"inLanguage\":\"hu\",\"potentialAction\":[{\"@type\":\"ReadAction\",\"target\":[\"https:\/\/isamurai.hu\/webshop\/termek\/35-apple-macbook-pro-16-16-gb-512-ssd-m1-pro\/\"]}]},{\"@type\":\"ImageObject\",\"inLanguage\":\"hu\",\"@id\":\"https:\/\/isamurai.hu\/webshop\/termek\/35-apple-macbook-pro-16-16-gb-512-ssd-m1-pro\/#primaryimage\",\"url\":\"https:\/\/isamurai.hu\/webshop\/wp-content\/uploads\/2024\/09\/IMG_2064-scaled.jpg\",\"contentUrl\":\"https:\/\/isamurai.hu\/webshop\/wp-content\/uploads\/2024\/09\/IMG_2064-scaled.jpg\",\"width\":2560,\"height\":2560},{\"@type\":\"BreadcrumbList\",\"@id\":\"https:\/\/isamurai.hu\/webshop\/termek\/35-apple-macbook-pro-16-16-gb-512-ssd-m1-pro\/#breadcrumb\",\"itemListElement\":[{\"@type\":\"ListItem\",\"position\":1,\"name\":\"Kezd\u0151lap\",\"item\":\"https:\/\/isamurai.hu\/webshop\/\"},{\"@type\":\"ListItem\",\"position\":2,\"name\":\"Ad\u00e1s-v\u00e9tel \u00e9s szerviz\",\"item\":\"https:\/\/isamurai.hu\/webshop\/\"},{\"@type\":\"ListItem\",\"position\":3,\"name\":\"35. Apple MacBook Pro 16&#8243; &#8211; 16 GB &#8211; 512 SSD &#8211; M1 Pro\"}]},{\"@type\":\"WebSite\",\"@id\":\"https:\/\/isamurai.hu\/webshop\/#website\",\"url\":\"https:\/\/isamurai.hu\/webshop\/\",\"name\":\"iSamurai\",\"description\":\"\",\"potentialAction\":[{\"@type\":\"SearchAction\",\"target\":{\"@type\":\"EntryPoint\",\"urlTemplate\":\"https:\/\/isamurai.hu\/webshop\/?s={search_term_string}\"},\"query-input\":\"required name=search_term_string\"}],\"inLanguage\":\"hu\"}]}<\/script>\n<!-- \/ Yoast SEO plugin. -->","yoast_head_json":{"title":"35. Apple MacBook Pro 16\" - 16 GB - 512 SSD - M1 Pro - iSamurai","robots":{"index":"index","follow":"follow","max-snippet":"max-snippet:-1","max-image-preview":"max-image-preview:large","max-video-preview":"max-video-preview:-1"},"canonical":"https:\/\/isamurai.hu\/webshop\/termek\/35-apple-macbook-pro-16-16-gb-512-ssd-m1-pro\/","og_locale":"hu_HU","og_type":"article","og_title":"35. Apple MacBook Pro 16\" - 16 GB - 512 SSD - M1 Pro - iSamurai","og_description":"Elad\u00f3 egy haszn\u00e1lt Apple MacBook Pro 16\u2033, Apple M1 Pro chippel, magyar billenty\u0171zettel. Space Gray sz\u00ednben, 16 GB RAM-mal \u00e9s 512 GB SSD-vel. T\u00f6lt\u0151vel valamint 3 h\u00f3nap garanci\u00e1val.","og_url":"https:\/\/isamurai.hu\/webshop\/termek\/35-apple-macbook-pro-16-16-gb-512-ssd-m1-pro\/","og_site_name":"iSamurai","article_modified_time":"2026-04-10T15:18:00+00:00","og_image":[{"width":2560,"height":2560,"url":"http:\/\/isamurai.hu\/webshop\/wp-content\/uploads\/2024\/09\/IMG_2064-scaled.jpg","type":"image\/jpeg"}],"twitter_card":"summary_large_image","twitter_misc":{"Becs\u00fclt olvas\u00e1si id\u0151":"1 perc"},"schema":{"@context":"https:\/\/schema.org","@graph":[{"@type":"WebPage","@id":"https:\/\/isamurai.hu\/webshop\/termek\/35-apple-macbook-pro-16-16-gb-512-ssd-m1-pro\/","url":"https:\/\/isamurai.hu\/webshop\/termek\/35-apple-macbook-pro-16-16-gb-512-ssd-m1-pro\/","name":"35. Apple MacBook Pro 16\" - 16 GB - 512 SSD - M1 Pro - iSamurai","isPartOf":{"@id":"https:\/\/isamurai.hu\/webshop\/#website"},"primaryImageOfPage":{"@id":"https:\/\/isamurai.hu\/webshop\/termek\/35-apple-macbook-pro-16-16-gb-512-ssd-m1-pro\/#primaryimage"},"image":{"@id":"https:\/\/isamurai.hu\/webshop\/termek\/35-apple-macbook-pro-16-16-gb-512-ssd-m1-pro\/#primaryimage"},"thumbnailUrl":"https:\/\/isamurai.hu\/webshop\/wp-content\/uploads\/2024\/09\/IMG_2064-scaled.jpg","datePublished":"2024-09-09T09:49:18+00:00","dateModified":"2026-04-10T15:18:00+00:00","breadcrumb":{"@id":"https:\/\/isamurai.hu\/webshop\/termek\/35-apple-macbook-pro-16-16-gb-512-ssd-m1-pro\/#breadcrumb"},"inLanguage":"hu","potentialAction":[{"@type":"ReadAction","target":["https:\/\/isamurai.hu\/webshop\/termek\/35-apple-macbook-pro-16-16-gb-512-ssd-m1-pro\/"]}]},{"@type":"ImageObject","inLanguage":"hu","@id":"https:\/\/isamurai.hu\/webshop\/termek\/35-apple-macbook-pro-16-16-gb-512-ssd-m1-pro\/#primaryimage","url":"https:\/\/isamurai.hu\/webshop\/wp-content\/uploads\/2024\/09\/IMG_2064-scaled.jpg","contentUrl":"https:\/\/isamurai.hu\/webshop\/wp-content\/uploads\/2024\/09\/IMG_2064-scaled.jpg","width":2560,"height":2560},{"@type":"BreadcrumbList","@id":"https:\/\/isamurai.hu\/webshop\/termek\/35-apple-macbook-pro-16-16-gb-512-ssd-m1-pro\/#breadcrumb","itemListElement":[{"@type":"ListItem","position":1,"name":"Kezd\u0151lap","item":"https:\/\/isamurai.hu\/webshop\/"},{"@type":"ListItem","position":2,"name":"Ad\u00e1s-v\u00e9tel \u00e9s szerviz","item":"https:\/\/isamurai.hu\/webshop\/"},{"@type":"ListItem","position":3,"name":"35. Apple MacBook Pro 16&#8243; &#8211; 16 GB &#8211; 512 SSD &#8211; M1 Pro"}]},{"@type":"WebSite","@id":"https:\/\/isamurai.hu\/webshop\/#website","url":"https:\/\/isamurai.hu\/webshop\/","name":"iSamurai","description":"","potentialAction":[{"@type":"SearchAction","target":{"@type":"EntryPoint","urlTemplate":"https:\/\/isamurai.hu\/webshop\/?s={search_term_string}"},"query-input":"required name=search_term_string"}],"inLanguage":"hu"}]}},"_links":{"self":[{"href":"https:\/\/isamurai.hu\/webshop\/wp-json\/wp\/v2\/product\/20271"}],"collection":[{"href":"https:\/\/isamurai.hu\/webshop\/wp-json\/wp\/v2\/product"}],"about":[{"href":"https:\/\/isamurai.hu\/webshop\/wp-json\/wp\/v2\/types\/product"}],"replies":[{"embeddable":true,"href":"https:\/\/isamurai.hu\/webshop\/wp-json\/wp\/v2\/comments?post=20271"}],"wp:featuredmedia":[{"embeddable":true,"href":"https:\/\/isamurai.hu\/webshop\/wp-json\/wp\/v2\/media\/22319"}],"wp:attachment":[{"href":"https:\/\/isamurai.hu\/webshop\/wp-json\/wp\/v2\/media?parent=20271"}],"curies":[{"name":"wp","href":"https:\/\/api.w.org\/{rel}","templated":true}]}}