{"id":20658,"date":"2024-11-06T13:27:07","date_gmt":"2024-11-06T12:27:07","guid":{"rendered":"https:\/\/isamurai.hu\/webshop\/?post_type=product&#038;p=20658"},"modified":"2026-03-19T14:42:13","modified_gmt":"2026-03-19T13:42:13","slug":"131-apple-iphone-11-pro-max-64-gb-space-gray-uj-akku","status":"publish","type":"product","link":"https:\/\/isamurai.hu\/webshop\/termek\/131-apple-iphone-11-pro-max-64-gb-space-gray-uj-akku\/","title":{"rendered":"14. Apple iPhone 11 Pro  &#8211; 256 GB &#8211; Ez\u00fcst &#8211; 100% AKKU"},"content":{"rendered":"","protected":false},"excerpt":{"rendered":"<p>Elad\u00f3 egy Apple iPhone 11 PRO k\u00e9sz\u00fcl\u00e9k, ez\u00fcst sz\u00ednben, 256 GB t\u00e1rhellyel. T\u00f6lt\u0151k\u00e1bellel, valamint 3 h\u00f3nap iSamurai garanci\u00e1val. B\u00e1rmilyen h\u00e1l\u00f3zaton haszn\u00e1lhat\u00f3. Az akkuja 100%-os!<\/p>\n","protected":false},"featured_media":22260,"comment_status":"open","ping_status":"closed","template":"","meta":{"_acf_changed":false},"class_list":{"0":"post-20658","1":"product","2":"type-product","3":"status-publish","4":"has-post-thumbnail","6":"product_cat-hasznalt-es-uj-iphone-11-11-pro-11-pro-max","8":"first","9":"instock","10":"sale","11":"shipping-taxable","12":"purchasable","13":"product-type-simple"},"acf":[],"yoast_head":"<!-- This site is optimized with the Yoast SEO plugin v23.1 - https:\/\/yoast.com\/wordpress\/plugins\/seo\/ -->\n<title>14. Apple iPhone 11 Pro - 256 GB - Ez\u00fcst - 100% AKKU - iSamurai<\/title>\n<meta name=\"robots\" content=\"index, follow, max-snippet:-1, max-image-preview:large, max-video-preview:-1\" \/>\n<link rel=\"canonical\" href=\"https:\/\/isamurai.hu\/webshop\/termek\/131-apple-iphone-11-pro-max-64-gb-space-gray-uj-akku\/\" \/>\n<meta property=\"og:locale\" content=\"hu_HU\" \/>\n<meta property=\"og:type\" content=\"article\" \/>\n<meta property=\"og:title\" content=\"14. Apple iPhone 11 Pro - 256 GB - Ez\u00fcst - 100% AKKU - iSamurai\" \/>\n<meta property=\"og:description\" content=\"Elad\u00f3 egy Apple iPhone 11 PRO k\u00e9sz\u00fcl\u00e9k, ez\u00fcst sz\u00ednben, 256 GB t\u00e1rhellyel. T\u00f6lt\u0151k\u00e1bellel, valamint 3 h\u00f3nap iSamurai garanci\u00e1val. B\u00e1rmilyen h\u00e1l\u00f3zaton haszn\u00e1lhat\u00f3. Az akkuja 100%-os!\" \/>\n<meta property=\"og:url\" content=\"https:\/\/isamurai.hu\/webshop\/termek\/131-apple-iphone-11-pro-max-64-gb-space-gray-uj-akku\/\" \/>\n<meta property=\"og:site_name\" content=\"iSamurai\" \/>\n<meta property=\"article:modified_time\" content=\"2026-03-19T13:42:13+00:00\" \/>\n<meta property=\"og:image\" content=\"http:\/\/isamurai.hu\/webshop\/wp-content\/uploads\/2024\/11\/IMG_3772.jpg\" \/>\n\t<meta property=\"og:image:width\" content=\"2475\" \/>\n\t<meta property=\"og:image:height\" content=\"2475\" \/>\n\t<meta property=\"og:image:type\" content=\"image\/jpeg\" \/>\n<meta name=\"twitter:card\" content=\"summary_large_image\" \/>\n<meta name=\"twitter:label1\" content=\"Becs\u00fclt olvas\u00e1si id\u0151\" \/>\n\t<meta name=\"twitter:data1\" content=\"1 perc\" \/>\n<script type=\"application\/ld+json\" class=\"yoast-schema-graph\">{\"@context\":\"https:\/\/schema.org\",\"@graph\":[{\"@type\":\"WebPage\",\"@id\":\"https:\/\/isamurai.hu\/webshop\/termek\/131-apple-iphone-11-pro-max-64-gb-space-gray-uj-akku\/\",\"url\":\"https:\/\/isamurai.hu\/webshop\/termek\/131-apple-iphone-11-pro-max-64-gb-space-gray-uj-akku\/\",\"name\":\"14. Apple iPhone 11 Pro - 256 GB - Ez\u00fcst - 100% AKKU - iSamurai\",\"isPartOf\":{\"@id\":\"https:\/\/isamurai.hu\/webshop\/#website\"},\"primaryImageOfPage\":{\"@id\":\"https:\/\/isamurai.hu\/webshop\/termek\/131-apple-iphone-11-pro-max-64-gb-space-gray-uj-akku\/#primaryimage\"},\"image\":{\"@id\":\"https:\/\/isamurai.hu\/webshop\/termek\/131-apple-iphone-11-pro-max-64-gb-space-gray-uj-akku\/#primaryimage\"},\"thumbnailUrl\":\"https:\/\/isamurai.hu\/webshop\/wp-content\/uploads\/2024\/11\/IMG_3772.jpg\",\"datePublished\":\"2024-11-06T12:27:07+00:00\",\"dateModified\":\"2026-03-19T13:42:13+00:00\",\"breadcrumb\":{\"@id\":\"https:\/\/isamurai.hu\/webshop\/termek\/131-apple-iphone-11-pro-max-64-gb-space-gray-uj-akku\/#breadcrumb\"},\"inLanguage\":\"hu\",\"potentialAction\":[{\"@type\":\"ReadAction\",\"target\":[\"https:\/\/isamurai.hu\/webshop\/termek\/131-apple-iphone-11-pro-max-64-gb-space-gray-uj-akku\/\"]}]},{\"@type\":\"ImageObject\",\"inLanguage\":\"hu\",\"@id\":\"https:\/\/isamurai.hu\/webshop\/termek\/131-apple-iphone-11-pro-max-64-gb-space-gray-uj-akku\/#primaryimage\",\"url\":\"https:\/\/isamurai.hu\/webshop\/wp-content\/uploads\/2024\/11\/IMG_3772.jpg\",\"contentUrl\":\"https:\/\/isamurai.hu\/webshop\/wp-content\/uploads\/2024\/11\/IMG_3772.jpg\",\"width\":2475,\"height\":2475},{\"@type\":\"BreadcrumbList\",\"@id\":\"https:\/\/isamurai.hu\/webshop\/termek\/131-apple-iphone-11-pro-max-64-gb-space-gray-uj-akku\/#breadcrumb\",\"itemListElement\":[{\"@type\":\"ListItem\",\"position\":1,\"name\":\"Kezd\u0151lap\",\"item\":\"https:\/\/isamurai.hu\/webshop\/\"},{\"@type\":\"ListItem\",\"position\":2,\"name\":\"Ad\u00e1s-v\u00e9tel \u00e9s szerviz\",\"item\":\"https:\/\/isamurai.hu\/webshop\/\"},{\"@type\":\"ListItem\",\"position\":3,\"name\":\"14. Apple iPhone 11 Pro &#8211; 256 GB &#8211; Ez\u00fcst &#8211; 100% AKKU\"}]},{\"@type\":\"WebSite\",\"@id\":\"https:\/\/isamurai.hu\/webshop\/#website\",\"url\":\"https:\/\/isamurai.hu\/webshop\/\",\"name\":\"iSamurai\",\"description\":\"\",\"potentialAction\":[{\"@type\":\"SearchAction\",\"target\":{\"@type\":\"EntryPoint\",\"urlTemplate\":\"https:\/\/isamurai.hu\/webshop\/?s={search_term_string}\"},\"query-input\":\"required name=search_term_string\"}],\"inLanguage\":\"hu\"}]}<\/script>\n<!-- \/ Yoast SEO plugin. -->","yoast_head_json":{"title":"14. Apple iPhone 11 Pro - 256 GB - Ez\u00fcst - 100% AKKU - iSamurai","robots":{"index":"index","follow":"follow","max-snippet":"max-snippet:-1","max-image-preview":"max-image-preview:large","max-video-preview":"max-video-preview:-1"},"canonical":"https:\/\/isamurai.hu\/webshop\/termek\/131-apple-iphone-11-pro-max-64-gb-space-gray-uj-akku\/","og_locale":"hu_HU","og_type":"article","og_title":"14. Apple iPhone 11 Pro - 256 GB - Ez\u00fcst - 100% AKKU - iSamurai","og_description":"Elad\u00f3 egy Apple iPhone 11 PRO k\u00e9sz\u00fcl\u00e9k, ez\u00fcst sz\u00ednben, 256 GB t\u00e1rhellyel. T\u00f6lt\u0151k\u00e1bellel, valamint 3 h\u00f3nap iSamurai garanci\u00e1val. B\u00e1rmilyen h\u00e1l\u00f3zaton haszn\u00e1lhat\u00f3. Az akkuja 100%-os!","og_url":"https:\/\/isamurai.hu\/webshop\/termek\/131-apple-iphone-11-pro-max-64-gb-space-gray-uj-akku\/","og_site_name":"iSamurai","article_modified_time":"2026-03-19T13:42:13+00:00","og_image":[{"width":2475,"height":2475,"url":"http:\/\/isamurai.hu\/webshop\/wp-content\/uploads\/2024\/11\/IMG_3772.jpg","type":"image\/jpeg"}],"twitter_card":"summary_large_image","twitter_misc":{"Becs\u00fclt olvas\u00e1si id\u0151":"1 perc"},"schema":{"@context":"https:\/\/schema.org","@graph":[{"@type":"WebPage","@id":"https:\/\/isamurai.hu\/webshop\/termek\/131-apple-iphone-11-pro-max-64-gb-space-gray-uj-akku\/","url":"https:\/\/isamurai.hu\/webshop\/termek\/131-apple-iphone-11-pro-max-64-gb-space-gray-uj-akku\/","name":"14. Apple iPhone 11 Pro - 256 GB - Ez\u00fcst - 100% AKKU - iSamurai","isPartOf":{"@id":"https:\/\/isamurai.hu\/webshop\/#website"},"primaryImageOfPage":{"@id":"https:\/\/isamurai.hu\/webshop\/termek\/131-apple-iphone-11-pro-max-64-gb-space-gray-uj-akku\/#primaryimage"},"image":{"@id":"https:\/\/isamurai.hu\/webshop\/termek\/131-apple-iphone-11-pro-max-64-gb-space-gray-uj-akku\/#primaryimage"},"thumbnailUrl":"https:\/\/isamurai.hu\/webshop\/wp-content\/uploads\/2024\/11\/IMG_3772.jpg","datePublished":"2024-11-06T12:27:07+00:00","dateModified":"2026-03-19T13:42:13+00:00","breadcrumb":{"@id":"https:\/\/isamurai.hu\/webshop\/termek\/131-apple-iphone-11-pro-max-64-gb-space-gray-uj-akku\/#breadcrumb"},"inLanguage":"hu","potentialAction":[{"@type":"ReadAction","target":["https:\/\/isamurai.hu\/webshop\/termek\/131-apple-iphone-11-pro-max-64-gb-space-gray-uj-akku\/"]}]},{"@type":"ImageObject","inLanguage":"hu","@id":"https:\/\/isamurai.hu\/webshop\/termek\/131-apple-iphone-11-pro-max-64-gb-space-gray-uj-akku\/#primaryimage","url":"https:\/\/isamurai.hu\/webshop\/wp-content\/uploads\/2024\/11\/IMG_3772.jpg","contentUrl":"https:\/\/isamurai.hu\/webshop\/wp-content\/uploads\/2024\/11\/IMG_3772.jpg","width":2475,"height":2475},{"@type":"BreadcrumbList","@id":"https:\/\/isamurai.hu\/webshop\/termek\/131-apple-iphone-11-pro-max-64-gb-space-gray-uj-akku\/#breadcrumb","itemListElement":[{"@type":"ListItem","position":1,"name":"Kezd\u0151lap","item":"https:\/\/isamurai.hu\/webshop\/"},{"@type":"ListItem","position":2,"name":"Ad\u00e1s-v\u00e9tel \u00e9s szerviz","item":"https:\/\/isamurai.hu\/webshop\/"},{"@type":"ListItem","position":3,"name":"14. Apple iPhone 11 Pro &#8211; 256 GB &#8211; Ez\u00fcst &#8211; 100% AKKU"}]},{"@type":"WebSite","@id":"https:\/\/isamurai.hu\/webshop\/#website","url":"https:\/\/isamurai.hu\/webshop\/","name":"iSamurai","description":"","potentialAction":[{"@type":"SearchAction","target":{"@type":"EntryPoint","urlTemplate":"https:\/\/isamurai.hu\/webshop\/?s={search_term_string}"},"query-input":"required name=search_term_string"}],"inLanguage":"hu"}]}},"_links":{"self":[{"href":"https:\/\/isamurai.hu\/webshop\/wp-json\/wp\/v2\/product\/20658"}],"collection":[{"href":"https:\/\/isamurai.hu\/webshop\/wp-json\/wp\/v2\/product"}],"about":[{"href":"https:\/\/isamurai.hu\/webshop\/wp-json\/wp\/v2\/types\/product"}],"replies":[{"embeddable":true,"href":"https:\/\/isamurai.hu\/webshop\/wp-json\/wp\/v2\/comments?post=20658"}],"wp:featuredmedia":[{"embeddable":true,"href":"https:\/\/isamurai.hu\/webshop\/wp-json\/wp\/v2\/media\/22260"}],"wp:attachment":[{"href":"https:\/\/isamurai.hu\/webshop\/wp-json\/wp\/v2\/media?parent=20658"}],"curies":[{"name":"wp","href":"https:\/\/api.w.org\/{rel}","templated":true}]}}