{"id":21146,"date":"2025-05-28T11:55:55","date_gmt":"2025-05-28T10:55:55","guid":{"rendered":"https:\/\/isamurai.hu\/webshop\/?post_type=product&#038;p=21146"},"modified":"2026-03-19T19:38:00","modified_gmt":"2026-03-19T18:38:00","slug":"__trashed-25__trashed-2","status":"publish","type":"product","link":"https:\/\/isamurai.hu\/webshop\/termek\/__trashed-25__trashed-2\/","title":{"rendered":"75. Apple iPhone 14 Pro &#8211; 128 GB &#8211; Arany"},"content":{"rendered":"","protected":false},"excerpt":{"rendered":"<div>\n<p>Elad\u00f3 egy Apple iPhone 14 Pro k\u00e9sz\u00fcl\u00e9k. Arany sz\u00ednben, 128 GB bels\u0151 t\u00e1rhellyel. Doboz\u00e1ban t\u00f6lt\u0151k\u00e1bellel, valamint 3 h\u00f3nap iSamurai garanci\u00e1val. A k\u00e9sz\u00fcl\u00e9k k\u00e1rtyaf\u00fcggetlen, b\u00e1rmilyen h\u00e1l\u00f3zaton haszn\u00e1lhat\u00f3. Az akkuja 100%-os.<\/p>\n<\/div>\n","protected":false},"featured_media":22255,"comment_status":"open","ping_status":"closed","template":"","meta":{"_acf_changed":false},"class_list":{"0":"post-21146","1":"product","2":"type-product","3":"status-publish","4":"has-post-thumbnail","6":"product_cat-iphone-15-15-plus-15-pro-15-pro-max-14-14-plus-14-pro-14-pro-max","8":"first","9":"instock","10":"sale","11":"shipping-taxable","12":"purchasable","13":"product-type-simple"},"acf":[],"yoast_head":"<!-- This site is optimized with the Yoast SEO plugin v23.1 - https:\/\/yoast.com\/wordpress\/plugins\/seo\/ -->\n<title>75. Apple iPhone 14 Pro - 128 GB - Arany - iSamurai<\/title>\n<meta name=\"robots\" content=\"index, follow, max-snippet:-1, max-image-preview:large, max-video-preview:-1\" \/>\n<link rel=\"canonical\" href=\"https:\/\/isamurai.hu\/webshop\/termek\/__trashed-25__trashed-2\/\" \/>\n<meta property=\"og:locale\" content=\"hu_HU\" \/>\n<meta property=\"og:type\" content=\"article\" \/>\n<meta property=\"og:title\" content=\"75. Apple iPhone 14 Pro - 128 GB - Arany - iSamurai\" \/>\n<meta property=\"og:description\" content=\"Elad\u00f3 egy Apple iPhone 14 Pro k\u00e9sz\u00fcl\u00e9k. Arany sz\u00ednben, 128 GB bels\u0151 t\u00e1rhellyel. Doboz\u00e1ban t\u00f6lt\u0151k\u00e1bellel, valamint 3 h\u00f3nap iSamurai garanci\u00e1val. A k\u00e9sz\u00fcl\u00e9k k\u00e1rtyaf\u00fcggetlen, b\u00e1rmilyen h\u00e1l\u00f3zaton haszn\u00e1lhat\u00f3. Az akkuja 100%-os.\" \/>\n<meta property=\"og:url\" content=\"https:\/\/isamurai.hu\/webshop\/termek\/__trashed-25__trashed-2\/\" \/>\n<meta property=\"og:site_name\" content=\"iSamurai\" \/>\n<meta property=\"article:modified_time\" content=\"2026-03-19T18:38:00+00:00\" \/>\n<meta property=\"og:image\" content=\"http:\/\/isamurai.hu\/webshop\/wp-content\/uploads\/2025\/05\/IMG_3767-scaled.jpg\" \/>\n\t<meta property=\"og:image:width\" content=\"2560\" \/>\n\t<meta property=\"og:image:height\" content=\"2560\" \/>\n\t<meta property=\"og:image:type\" content=\"image\/jpeg\" \/>\n<meta name=\"twitter:card\" content=\"summary_large_image\" \/>\n<meta name=\"twitter:label1\" content=\"Becs\u00fclt olvas\u00e1si id\u0151\" \/>\n\t<meta name=\"twitter:data1\" content=\"1 perc\" \/>\n<script type=\"application\/ld+json\" class=\"yoast-schema-graph\">{\"@context\":\"https:\/\/schema.org\",\"@graph\":[{\"@type\":\"WebPage\",\"@id\":\"https:\/\/isamurai.hu\/webshop\/termek\/__trashed-25__trashed-2\/\",\"url\":\"https:\/\/isamurai.hu\/webshop\/termek\/__trashed-25__trashed-2\/\",\"name\":\"75. Apple iPhone 14 Pro - 128 GB - Arany - iSamurai\",\"isPartOf\":{\"@id\":\"https:\/\/isamurai.hu\/webshop\/#website\"},\"primaryImageOfPage\":{\"@id\":\"https:\/\/isamurai.hu\/webshop\/termek\/__trashed-25__trashed-2\/#primaryimage\"},\"image\":{\"@id\":\"https:\/\/isamurai.hu\/webshop\/termek\/__trashed-25__trashed-2\/#primaryimage\"},\"thumbnailUrl\":\"https:\/\/isamurai.hu\/webshop\/wp-content\/uploads\/2025\/05\/IMG_3767-scaled.jpg\",\"datePublished\":\"2025-05-28T10:55:55+00:00\",\"dateModified\":\"2026-03-19T18:38:00+00:00\",\"breadcrumb\":{\"@id\":\"https:\/\/isamurai.hu\/webshop\/termek\/__trashed-25__trashed-2\/#breadcrumb\"},\"inLanguage\":\"hu\",\"potentialAction\":[{\"@type\":\"ReadAction\",\"target\":[\"https:\/\/isamurai.hu\/webshop\/termek\/__trashed-25__trashed-2\/\"]}]},{\"@type\":\"ImageObject\",\"inLanguage\":\"hu\",\"@id\":\"https:\/\/isamurai.hu\/webshop\/termek\/__trashed-25__trashed-2\/#primaryimage\",\"url\":\"https:\/\/isamurai.hu\/webshop\/wp-content\/uploads\/2025\/05\/IMG_3767-scaled.jpg\",\"contentUrl\":\"https:\/\/isamurai.hu\/webshop\/wp-content\/uploads\/2025\/05\/IMG_3767-scaled.jpg\",\"width\":2560,\"height\":2560},{\"@type\":\"BreadcrumbList\",\"@id\":\"https:\/\/isamurai.hu\/webshop\/termek\/__trashed-25__trashed-2\/#breadcrumb\",\"itemListElement\":[{\"@type\":\"ListItem\",\"position\":1,\"name\":\"Kezd\u0151lap\",\"item\":\"https:\/\/isamurai.hu\/webshop\/\"},{\"@type\":\"ListItem\",\"position\":2,\"name\":\"Ad\u00e1s-v\u00e9tel \u00e9s szerviz\",\"item\":\"https:\/\/isamurai.hu\/webshop\/\"},{\"@type\":\"ListItem\",\"position\":3,\"name\":\"75. Apple iPhone 14 Pro &#8211; 128 GB &#8211; Arany\"}]},{\"@type\":\"WebSite\",\"@id\":\"https:\/\/isamurai.hu\/webshop\/#website\",\"url\":\"https:\/\/isamurai.hu\/webshop\/\",\"name\":\"iSamurai\",\"description\":\"\",\"potentialAction\":[{\"@type\":\"SearchAction\",\"target\":{\"@type\":\"EntryPoint\",\"urlTemplate\":\"https:\/\/isamurai.hu\/webshop\/?s={search_term_string}\"},\"query-input\":\"required name=search_term_string\"}],\"inLanguage\":\"hu\"}]}<\/script>\n<!-- \/ Yoast SEO plugin. -->","yoast_head_json":{"title":"75. Apple iPhone 14 Pro - 128 GB - Arany - iSamurai","robots":{"index":"index","follow":"follow","max-snippet":"max-snippet:-1","max-image-preview":"max-image-preview:large","max-video-preview":"max-video-preview:-1"},"canonical":"https:\/\/isamurai.hu\/webshop\/termek\/__trashed-25__trashed-2\/","og_locale":"hu_HU","og_type":"article","og_title":"75. Apple iPhone 14 Pro - 128 GB - Arany - iSamurai","og_description":"Elad\u00f3 egy Apple iPhone 14 Pro k\u00e9sz\u00fcl\u00e9k. Arany sz\u00ednben, 128 GB bels\u0151 t\u00e1rhellyel. Doboz\u00e1ban t\u00f6lt\u0151k\u00e1bellel, valamint 3 h\u00f3nap iSamurai garanci\u00e1val. A k\u00e9sz\u00fcl\u00e9k k\u00e1rtyaf\u00fcggetlen, b\u00e1rmilyen h\u00e1l\u00f3zaton haszn\u00e1lhat\u00f3. Az akkuja 100%-os.","og_url":"https:\/\/isamurai.hu\/webshop\/termek\/__trashed-25__trashed-2\/","og_site_name":"iSamurai","article_modified_time":"2026-03-19T18:38:00+00:00","og_image":[{"width":2560,"height":2560,"url":"http:\/\/isamurai.hu\/webshop\/wp-content\/uploads\/2025\/05\/IMG_3767-scaled.jpg","type":"image\/jpeg"}],"twitter_card":"summary_large_image","twitter_misc":{"Becs\u00fclt olvas\u00e1si id\u0151":"1 perc"},"schema":{"@context":"https:\/\/schema.org","@graph":[{"@type":"WebPage","@id":"https:\/\/isamurai.hu\/webshop\/termek\/__trashed-25__trashed-2\/","url":"https:\/\/isamurai.hu\/webshop\/termek\/__trashed-25__trashed-2\/","name":"75. Apple iPhone 14 Pro - 128 GB - Arany - iSamurai","isPartOf":{"@id":"https:\/\/isamurai.hu\/webshop\/#website"},"primaryImageOfPage":{"@id":"https:\/\/isamurai.hu\/webshop\/termek\/__trashed-25__trashed-2\/#primaryimage"},"image":{"@id":"https:\/\/isamurai.hu\/webshop\/termek\/__trashed-25__trashed-2\/#primaryimage"},"thumbnailUrl":"https:\/\/isamurai.hu\/webshop\/wp-content\/uploads\/2025\/05\/IMG_3767-scaled.jpg","datePublished":"2025-05-28T10:55:55+00:00","dateModified":"2026-03-19T18:38:00+00:00","breadcrumb":{"@id":"https:\/\/isamurai.hu\/webshop\/termek\/__trashed-25__trashed-2\/#breadcrumb"},"inLanguage":"hu","potentialAction":[{"@type":"ReadAction","target":["https:\/\/isamurai.hu\/webshop\/termek\/__trashed-25__trashed-2\/"]}]},{"@type":"ImageObject","inLanguage":"hu","@id":"https:\/\/isamurai.hu\/webshop\/termek\/__trashed-25__trashed-2\/#primaryimage","url":"https:\/\/isamurai.hu\/webshop\/wp-content\/uploads\/2025\/05\/IMG_3767-scaled.jpg","contentUrl":"https:\/\/isamurai.hu\/webshop\/wp-content\/uploads\/2025\/05\/IMG_3767-scaled.jpg","width":2560,"height":2560},{"@type":"BreadcrumbList","@id":"https:\/\/isamurai.hu\/webshop\/termek\/__trashed-25__trashed-2\/#breadcrumb","itemListElement":[{"@type":"ListItem","position":1,"name":"Kezd\u0151lap","item":"https:\/\/isamurai.hu\/webshop\/"},{"@type":"ListItem","position":2,"name":"Ad\u00e1s-v\u00e9tel \u00e9s szerviz","item":"https:\/\/isamurai.hu\/webshop\/"},{"@type":"ListItem","position":3,"name":"75. Apple iPhone 14 Pro &#8211; 128 GB &#8211; Arany"}]},{"@type":"WebSite","@id":"https:\/\/isamurai.hu\/webshop\/#website","url":"https:\/\/isamurai.hu\/webshop\/","name":"iSamurai","description":"","potentialAction":[{"@type":"SearchAction","target":{"@type":"EntryPoint","urlTemplate":"https:\/\/isamurai.hu\/webshop\/?s={search_term_string}"},"query-input":"required name=search_term_string"}],"inLanguage":"hu"}]}},"_links":{"self":[{"href":"https:\/\/isamurai.hu\/webshop\/wp-json\/wp\/v2\/product\/21146"}],"collection":[{"href":"https:\/\/isamurai.hu\/webshop\/wp-json\/wp\/v2\/product"}],"about":[{"href":"https:\/\/isamurai.hu\/webshop\/wp-json\/wp\/v2\/types\/product"}],"replies":[{"embeddable":true,"href":"https:\/\/isamurai.hu\/webshop\/wp-json\/wp\/v2\/comments?post=21146"}],"wp:featuredmedia":[{"embeddable":true,"href":"https:\/\/isamurai.hu\/webshop\/wp-json\/wp\/v2\/media\/22255"}],"wp:attachment":[{"href":"https:\/\/isamurai.hu\/webshop\/wp-json\/wp\/v2\/media?parent=21146"}],"curies":[{"name":"wp","href":"https:\/\/api.w.org\/{rel}","templated":true}]}}