{"id":21191,"date":"2025-06-23T16:51:53","date_gmt":"2025-06-23T15:51:53","guid":{"rendered":"https:\/\/isamurai.hu\/webshop\/?post_type=product&#038;p=21191"},"modified":"2026-03-19T19:27:31","modified_gmt":"2026-03-19T18:27:31","slug":"157-apple-iphone-14-pro-256-gb-space-black-uj-akku","status":"publish","type":"product","link":"https:\/\/isamurai.hu\/webshop\/termek\/157-apple-iphone-14-pro-256-gb-space-black-uj-akku\/","title":{"rendered":"128. Apple iPhone 14 Pro &#8211; 128 GB &#8211; Space Black &#8211; Akku 100%"},"content":{"rendered":"","protected":false},"excerpt":{"rendered":"<div>\n<p>Elad\u00f3 egy haszn\u00e1lt Apple iPhone 14 Pro k\u00e9sz\u00fcl\u00e9k. Fekete sz\u00ednben, 128 GB bels\u0151 t\u00e1rhellyel. Doboz\u00e1ban t\u00f6lt\u0151k\u00e1bellel, valamint 3 h\u00f3nap garanci\u00e1val. A k\u00e9sz\u00fcl\u00e9k k\u00e1rtyaf\u00fcggetlen, b\u00e1rmilyen h\u00e1l\u00f3zaton haszn\u00e1lhat\u00f3. Akkuja, 100%-os.<\/p>\n<\/div>\n","protected":false},"featured_media":22256,"comment_status":"open","ping_status":"closed","template":"","meta":{"_acf_changed":false},"class_list":{"0":"post-21191","1":"product","2":"type-product","3":"status-publish","4":"has-post-thumbnail","6":"product_cat-iphone-15-15-plus-15-pro-15-pro-max-14-14-plus-14-pro-14-pro-max","8":"first","9":"instock","10":"sale","11":"shipping-taxable","12":"purchasable","13":"product-type-simple"},"acf":[],"yoast_head":"<!-- This site is optimized with the Yoast SEO plugin v23.1 - https:\/\/yoast.com\/wordpress\/plugins\/seo\/ -->\n<title>128. Apple iPhone 14 Pro - 128 GB - Space Black - Akku 100% - iSamurai<\/title>\n<meta name=\"robots\" content=\"index, follow, max-snippet:-1, max-image-preview:large, max-video-preview:-1\" \/>\n<link rel=\"canonical\" href=\"https:\/\/isamurai.hu\/webshop\/termek\/157-apple-iphone-14-pro-256-gb-space-black-uj-akku\/\" \/>\n<meta property=\"og:locale\" content=\"hu_HU\" \/>\n<meta property=\"og:type\" content=\"article\" \/>\n<meta property=\"og:title\" content=\"128. Apple iPhone 14 Pro - 128 GB - Space Black - Akku 100% - iSamurai\" \/>\n<meta property=\"og:description\" content=\"Elad\u00f3 egy haszn\u00e1lt Apple iPhone 14 Pro k\u00e9sz\u00fcl\u00e9k. Fekete sz\u00ednben, 128 GB bels\u0151 t\u00e1rhellyel. Doboz\u00e1ban t\u00f6lt\u0151k\u00e1bellel, valamint 3 h\u00f3nap garanci\u00e1val. A k\u00e9sz\u00fcl\u00e9k k\u00e1rtyaf\u00fcggetlen, b\u00e1rmilyen h\u00e1l\u00f3zaton haszn\u00e1lhat\u00f3. Akkuja, 100%-os.\" \/>\n<meta property=\"og:url\" content=\"https:\/\/isamurai.hu\/webshop\/termek\/157-apple-iphone-14-pro-256-gb-space-black-uj-akku\/\" \/>\n<meta property=\"og:site_name\" content=\"iSamurai\" \/>\n<meta property=\"article:modified_time\" content=\"2026-03-19T18:27:31+00:00\" \/>\n<meta property=\"og:image\" content=\"http:\/\/isamurai.hu\/webshop\/wp-content\/uploads\/2025\/06\/IMG_3768-scaled.jpeg\" \/>\n\t<meta property=\"og:image:width\" content=\"2560\" \/>\n\t<meta property=\"og:image:height\" content=\"2560\" \/>\n\t<meta property=\"og:image:type\" content=\"image\/jpeg\" \/>\n<meta name=\"twitter:card\" content=\"summary_large_image\" \/>\n<meta name=\"twitter:label1\" content=\"Becs\u00fclt olvas\u00e1si id\u0151\" \/>\n\t<meta name=\"twitter:data1\" content=\"1 perc\" \/>\n<script type=\"application\/ld+json\" class=\"yoast-schema-graph\">{\"@context\":\"https:\/\/schema.org\",\"@graph\":[{\"@type\":\"WebPage\",\"@id\":\"https:\/\/isamurai.hu\/webshop\/termek\/157-apple-iphone-14-pro-256-gb-space-black-uj-akku\/\",\"url\":\"https:\/\/isamurai.hu\/webshop\/termek\/157-apple-iphone-14-pro-256-gb-space-black-uj-akku\/\",\"name\":\"128. Apple iPhone 14 Pro - 128 GB - Space Black - Akku 100% - iSamurai\",\"isPartOf\":{\"@id\":\"https:\/\/isamurai.hu\/webshop\/#website\"},\"primaryImageOfPage\":{\"@id\":\"https:\/\/isamurai.hu\/webshop\/termek\/157-apple-iphone-14-pro-256-gb-space-black-uj-akku\/#primaryimage\"},\"image\":{\"@id\":\"https:\/\/isamurai.hu\/webshop\/termek\/157-apple-iphone-14-pro-256-gb-space-black-uj-akku\/#primaryimage\"},\"thumbnailUrl\":\"https:\/\/isamurai.hu\/webshop\/wp-content\/uploads\/2025\/06\/IMG_3768-scaled.jpeg\",\"datePublished\":\"2025-06-23T15:51:53+00:00\",\"dateModified\":\"2026-03-19T18:27:31+00:00\",\"breadcrumb\":{\"@id\":\"https:\/\/isamurai.hu\/webshop\/termek\/157-apple-iphone-14-pro-256-gb-space-black-uj-akku\/#breadcrumb\"},\"inLanguage\":\"hu\",\"potentialAction\":[{\"@type\":\"ReadAction\",\"target\":[\"https:\/\/isamurai.hu\/webshop\/termek\/157-apple-iphone-14-pro-256-gb-space-black-uj-akku\/\"]}]},{\"@type\":\"ImageObject\",\"inLanguage\":\"hu\",\"@id\":\"https:\/\/isamurai.hu\/webshop\/termek\/157-apple-iphone-14-pro-256-gb-space-black-uj-akku\/#primaryimage\",\"url\":\"https:\/\/isamurai.hu\/webshop\/wp-content\/uploads\/2025\/06\/IMG_3768-scaled.jpeg\",\"contentUrl\":\"https:\/\/isamurai.hu\/webshop\/wp-content\/uploads\/2025\/06\/IMG_3768-scaled.jpeg\",\"width\":2560,\"height\":2560},{\"@type\":\"BreadcrumbList\",\"@id\":\"https:\/\/isamurai.hu\/webshop\/termek\/157-apple-iphone-14-pro-256-gb-space-black-uj-akku\/#breadcrumb\",\"itemListElement\":[{\"@type\":\"ListItem\",\"position\":1,\"name\":\"Kezd\u0151lap\",\"item\":\"https:\/\/isamurai.hu\/webshop\/\"},{\"@type\":\"ListItem\",\"position\":2,\"name\":\"Ad\u00e1s-v\u00e9tel \u00e9s szerviz\",\"item\":\"https:\/\/isamurai.hu\/webshop\/\"},{\"@type\":\"ListItem\",\"position\":3,\"name\":\"128. Apple iPhone 14 Pro &#8211; 128 GB &#8211; Space Black &#8211; Akku 100%\"}]},{\"@type\":\"WebSite\",\"@id\":\"https:\/\/isamurai.hu\/webshop\/#website\",\"url\":\"https:\/\/isamurai.hu\/webshop\/\",\"name\":\"iSamurai\",\"description\":\"\",\"potentialAction\":[{\"@type\":\"SearchAction\",\"target\":{\"@type\":\"EntryPoint\",\"urlTemplate\":\"https:\/\/isamurai.hu\/webshop\/?s={search_term_string}\"},\"query-input\":\"required name=search_term_string\"}],\"inLanguage\":\"hu\"}]}<\/script>\n<!-- \/ Yoast SEO plugin. -->","yoast_head_json":{"title":"128. Apple iPhone 14 Pro - 128 GB - Space Black - Akku 100% - iSamurai","robots":{"index":"index","follow":"follow","max-snippet":"max-snippet:-1","max-image-preview":"max-image-preview:large","max-video-preview":"max-video-preview:-1"},"canonical":"https:\/\/isamurai.hu\/webshop\/termek\/157-apple-iphone-14-pro-256-gb-space-black-uj-akku\/","og_locale":"hu_HU","og_type":"article","og_title":"128. Apple iPhone 14 Pro - 128 GB - Space Black - Akku 100% - iSamurai","og_description":"Elad\u00f3 egy haszn\u00e1lt Apple iPhone 14 Pro k\u00e9sz\u00fcl\u00e9k. Fekete sz\u00ednben, 128 GB bels\u0151 t\u00e1rhellyel. Doboz\u00e1ban t\u00f6lt\u0151k\u00e1bellel, valamint 3 h\u00f3nap garanci\u00e1val. A k\u00e9sz\u00fcl\u00e9k k\u00e1rtyaf\u00fcggetlen, b\u00e1rmilyen h\u00e1l\u00f3zaton haszn\u00e1lhat\u00f3. Akkuja, 100%-os.","og_url":"https:\/\/isamurai.hu\/webshop\/termek\/157-apple-iphone-14-pro-256-gb-space-black-uj-akku\/","og_site_name":"iSamurai","article_modified_time":"2026-03-19T18:27:31+00:00","og_image":[{"width":2560,"height":2560,"url":"http:\/\/isamurai.hu\/webshop\/wp-content\/uploads\/2025\/06\/IMG_3768-scaled.jpeg","type":"image\/jpeg"}],"twitter_card":"summary_large_image","twitter_misc":{"Becs\u00fclt olvas\u00e1si id\u0151":"1 perc"},"schema":{"@context":"https:\/\/schema.org","@graph":[{"@type":"WebPage","@id":"https:\/\/isamurai.hu\/webshop\/termek\/157-apple-iphone-14-pro-256-gb-space-black-uj-akku\/","url":"https:\/\/isamurai.hu\/webshop\/termek\/157-apple-iphone-14-pro-256-gb-space-black-uj-akku\/","name":"128. Apple iPhone 14 Pro - 128 GB - Space Black - Akku 100% - iSamurai","isPartOf":{"@id":"https:\/\/isamurai.hu\/webshop\/#website"},"primaryImageOfPage":{"@id":"https:\/\/isamurai.hu\/webshop\/termek\/157-apple-iphone-14-pro-256-gb-space-black-uj-akku\/#primaryimage"},"image":{"@id":"https:\/\/isamurai.hu\/webshop\/termek\/157-apple-iphone-14-pro-256-gb-space-black-uj-akku\/#primaryimage"},"thumbnailUrl":"https:\/\/isamurai.hu\/webshop\/wp-content\/uploads\/2025\/06\/IMG_3768-scaled.jpeg","datePublished":"2025-06-23T15:51:53+00:00","dateModified":"2026-03-19T18:27:31+00:00","breadcrumb":{"@id":"https:\/\/isamurai.hu\/webshop\/termek\/157-apple-iphone-14-pro-256-gb-space-black-uj-akku\/#breadcrumb"},"inLanguage":"hu","potentialAction":[{"@type":"ReadAction","target":["https:\/\/isamurai.hu\/webshop\/termek\/157-apple-iphone-14-pro-256-gb-space-black-uj-akku\/"]}]},{"@type":"ImageObject","inLanguage":"hu","@id":"https:\/\/isamurai.hu\/webshop\/termek\/157-apple-iphone-14-pro-256-gb-space-black-uj-akku\/#primaryimage","url":"https:\/\/isamurai.hu\/webshop\/wp-content\/uploads\/2025\/06\/IMG_3768-scaled.jpeg","contentUrl":"https:\/\/isamurai.hu\/webshop\/wp-content\/uploads\/2025\/06\/IMG_3768-scaled.jpeg","width":2560,"height":2560},{"@type":"BreadcrumbList","@id":"https:\/\/isamurai.hu\/webshop\/termek\/157-apple-iphone-14-pro-256-gb-space-black-uj-akku\/#breadcrumb","itemListElement":[{"@type":"ListItem","position":1,"name":"Kezd\u0151lap","item":"https:\/\/isamurai.hu\/webshop\/"},{"@type":"ListItem","position":2,"name":"Ad\u00e1s-v\u00e9tel \u00e9s szerviz","item":"https:\/\/isamurai.hu\/webshop\/"},{"@type":"ListItem","position":3,"name":"128. Apple iPhone 14 Pro &#8211; 128 GB &#8211; Space Black &#8211; Akku 100%"}]},{"@type":"WebSite","@id":"https:\/\/isamurai.hu\/webshop\/#website","url":"https:\/\/isamurai.hu\/webshop\/","name":"iSamurai","description":"","potentialAction":[{"@type":"SearchAction","target":{"@type":"EntryPoint","urlTemplate":"https:\/\/isamurai.hu\/webshop\/?s={search_term_string}"},"query-input":"required name=search_term_string"}],"inLanguage":"hu"}]}},"_links":{"self":[{"href":"https:\/\/isamurai.hu\/webshop\/wp-json\/wp\/v2\/product\/21191"}],"collection":[{"href":"https:\/\/isamurai.hu\/webshop\/wp-json\/wp\/v2\/product"}],"about":[{"href":"https:\/\/isamurai.hu\/webshop\/wp-json\/wp\/v2\/types\/product"}],"replies":[{"embeddable":true,"href":"https:\/\/isamurai.hu\/webshop\/wp-json\/wp\/v2\/comments?post=21191"}],"wp:featuredmedia":[{"embeddable":true,"href":"https:\/\/isamurai.hu\/webshop\/wp-json\/wp\/v2\/media\/22256"}],"wp:attachment":[{"href":"https:\/\/isamurai.hu\/webshop\/wp-json\/wp\/v2\/media?parent=21191"}],"curies":[{"name":"wp","href":"https:\/\/api.w.org\/{rel}","templated":true}]}}