{"id":21329,"date":"2025-07-18T14:40:43","date_gmt":"2025-07-18T13:40:43","guid":{"rendered":"https:\/\/isamurai.hu\/webshop\/?post_type=product&#038;p=21329"},"modified":"2025-11-04T18:23:54","modified_gmt":"2025-11-04T17:23:54","slug":"41-apple-macbook-air-2018-13-8-gb-ram-hasznalt","status":"publish","type":"product","link":"https:\/\/isamurai.hu\/webshop\/termek\/41-apple-macbook-air-2018-13-8-gb-ram-hasznalt\/","title":{"rendered":"41. Apple MacBook Air &#8211; 2018 &#8211; 13&#8243; &#8211; 8 GB RAM &#8211; haszn\u00e1lt"},"content":{"rendered":"","protected":false},"excerpt":{"rendered":"<p>Elad\u00f3 egy haszn\u00e1lt Apple MacBook Air. 13&#8243;-os retina kijelz\u0151vel, 2018-as modell. 1,6 GHz-es Intel i5-\u00f6s processzorral, UHD 617-es GPU-val, valamint 128 GB-os SSD-vel \u00e9s 8 GB RAM-mal szerelve. T\u00f6lt\u0151vel, valamint 3 h\u00f3nap iSamurai garanci\u00e1val.<\/p>\n","protected":false},"featured_media":21760,"comment_status":"open","ping_status":"closed","template":"","meta":{"_acf_changed":false},"class_list":{"0":"post-21329","1":"product","2":"type-product","3":"status-publish","4":"has-post-thumbnail","6":"product_cat-macbook","8":"first","9":"instock","10":"shipping-taxable","11":"purchasable","12":"product-type-simple"},"acf":[],"yoast_head":"<!-- This site is optimized with the Yoast SEO plugin v23.1 - https:\/\/yoast.com\/wordpress\/plugins\/seo\/ -->\n<title>41. Apple MacBook Air - 2018 - 13&quot; - 8 GB RAM - haszn\u00e1lt - iSamurai<\/title>\n<meta name=\"robots\" content=\"index, follow, max-snippet:-1, max-image-preview:large, max-video-preview:-1\" \/>\n<link rel=\"canonical\" href=\"https:\/\/isamurai.hu\/webshop\/termek\/41-apple-macbook-air-2018-13-8-gb-ram-hasznalt\/\" \/>\n<meta property=\"og:locale\" content=\"hu_HU\" \/>\n<meta property=\"og:type\" content=\"article\" \/>\n<meta property=\"og:title\" content=\"41. Apple MacBook Air - 2018 - 13&quot; - 8 GB RAM - haszn\u00e1lt - iSamurai\" \/>\n<meta property=\"og:description\" content=\"Elad\u00f3 egy haszn\u00e1lt Apple MacBook Air. 13&quot;-os retina kijelz\u0151vel, 2018-as modell. 1,6 GHz-es Intel i5-\u00f6s processzorral, UHD 617-es GPU-val, valamint 128 GB-os SSD-vel \u00e9s 8 GB RAM-mal szerelve. T\u00f6lt\u0151vel, valamint 3 h\u00f3nap iSamurai garanci\u00e1val.\" \/>\n<meta property=\"og:url\" content=\"https:\/\/isamurai.hu\/webshop\/termek\/41-apple-macbook-air-2018-13-8-gb-ram-hasznalt\/\" \/>\n<meta property=\"og:site_name\" content=\"iSamurai\" \/>\n<meta property=\"article:modified_time\" content=\"2025-11-04T17:23:54+00:00\" \/>\n<meta property=\"og:image\" content=\"http:\/\/isamurai.hu\/webshop\/wp-content\/uploads\/2025\/07\/IMG_4073-scaled.jpg\" \/>\n\t<meta property=\"og:image:width\" content=\"2560\" \/>\n\t<meta property=\"og:image:height\" content=\"2560\" \/>\n\t<meta property=\"og:image:type\" content=\"image\/jpeg\" \/>\n<meta name=\"twitter:card\" content=\"summary_large_image\" \/>\n<meta name=\"twitter:label1\" content=\"Becs\u00fclt olvas\u00e1si id\u0151\" \/>\n\t<meta name=\"twitter:data1\" content=\"1 perc\" \/>\n<script type=\"application\/ld+json\" class=\"yoast-schema-graph\">{\"@context\":\"https:\/\/schema.org\",\"@graph\":[{\"@type\":\"WebPage\",\"@id\":\"https:\/\/isamurai.hu\/webshop\/termek\/41-apple-macbook-air-2018-13-8-gb-ram-hasznalt\/\",\"url\":\"https:\/\/isamurai.hu\/webshop\/termek\/41-apple-macbook-air-2018-13-8-gb-ram-hasznalt\/\",\"name\":\"41. Apple MacBook Air - 2018 - 13\\\" - 8 GB RAM - haszn\u00e1lt - iSamurai\",\"isPartOf\":{\"@id\":\"https:\/\/isamurai.hu\/webshop\/#website\"},\"primaryImageOfPage\":{\"@id\":\"https:\/\/isamurai.hu\/webshop\/termek\/41-apple-macbook-air-2018-13-8-gb-ram-hasznalt\/#primaryimage\"},\"image\":{\"@id\":\"https:\/\/isamurai.hu\/webshop\/termek\/41-apple-macbook-air-2018-13-8-gb-ram-hasznalt\/#primaryimage\"},\"thumbnailUrl\":\"https:\/\/isamurai.hu\/webshop\/wp-content\/uploads\/2025\/07\/IMG_4073-scaled.jpg\",\"datePublished\":\"2025-07-18T13:40:43+00:00\",\"dateModified\":\"2025-11-04T17:23:54+00:00\",\"breadcrumb\":{\"@id\":\"https:\/\/isamurai.hu\/webshop\/termek\/41-apple-macbook-air-2018-13-8-gb-ram-hasznalt\/#breadcrumb\"},\"inLanguage\":\"hu\",\"potentialAction\":[{\"@type\":\"ReadAction\",\"target\":[\"https:\/\/isamurai.hu\/webshop\/termek\/41-apple-macbook-air-2018-13-8-gb-ram-hasznalt\/\"]}]},{\"@type\":\"ImageObject\",\"inLanguage\":\"hu\",\"@id\":\"https:\/\/isamurai.hu\/webshop\/termek\/41-apple-macbook-air-2018-13-8-gb-ram-hasznalt\/#primaryimage\",\"url\":\"https:\/\/isamurai.hu\/webshop\/wp-content\/uploads\/2025\/07\/IMG_4073-scaled.jpg\",\"contentUrl\":\"https:\/\/isamurai.hu\/webshop\/wp-content\/uploads\/2025\/07\/IMG_4073-scaled.jpg\",\"width\":2560,\"height\":2560},{\"@type\":\"BreadcrumbList\",\"@id\":\"https:\/\/isamurai.hu\/webshop\/termek\/41-apple-macbook-air-2018-13-8-gb-ram-hasznalt\/#breadcrumb\",\"itemListElement\":[{\"@type\":\"ListItem\",\"position\":1,\"name\":\"Kezd\u0151lap\",\"item\":\"https:\/\/isamurai.hu\/webshop\/\"},{\"@type\":\"ListItem\",\"position\":2,\"name\":\"Ad\u00e1s-v\u00e9tel \u00e9s szerviz\",\"item\":\"https:\/\/isamurai.hu\/webshop\/\"},{\"@type\":\"ListItem\",\"position\":3,\"name\":\"41. Apple MacBook Air &#8211; 2018 &#8211; 13&#8243; &#8211; 8 GB RAM &#8211; haszn\u00e1lt\"}]},{\"@type\":\"WebSite\",\"@id\":\"https:\/\/isamurai.hu\/webshop\/#website\",\"url\":\"https:\/\/isamurai.hu\/webshop\/\",\"name\":\"iSamurai\",\"description\":\"\",\"potentialAction\":[{\"@type\":\"SearchAction\",\"target\":{\"@type\":\"EntryPoint\",\"urlTemplate\":\"https:\/\/isamurai.hu\/webshop\/?s={search_term_string}\"},\"query-input\":\"required name=search_term_string\"}],\"inLanguage\":\"hu\"}]}<\/script>\n<!-- \/ Yoast SEO plugin. -->","yoast_head_json":{"title":"41. Apple MacBook Air - 2018 - 13\" - 8 GB RAM - haszn\u00e1lt - iSamurai","robots":{"index":"index","follow":"follow","max-snippet":"max-snippet:-1","max-image-preview":"max-image-preview:large","max-video-preview":"max-video-preview:-1"},"canonical":"https:\/\/isamurai.hu\/webshop\/termek\/41-apple-macbook-air-2018-13-8-gb-ram-hasznalt\/","og_locale":"hu_HU","og_type":"article","og_title":"41. Apple MacBook Air - 2018 - 13\" - 8 GB RAM - haszn\u00e1lt - iSamurai","og_description":"Elad\u00f3 egy haszn\u00e1lt Apple MacBook Air. 13\"-os retina kijelz\u0151vel, 2018-as modell. 1,6 GHz-es Intel i5-\u00f6s processzorral, UHD 617-es GPU-val, valamint 128 GB-os SSD-vel \u00e9s 8 GB RAM-mal szerelve. T\u00f6lt\u0151vel, valamint 3 h\u00f3nap iSamurai garanci\u00e1val.","og_url":"https:\/\/isamurai.hu\/webshop\/termek\/41-apple-macbook-air-2018-13-8-gb-ram-hasznalt\/","og_site_name":"iSamurai","article_modified_time":"2025-11-04T17:23:54+00:00","og_image":[{"width":2560,"height":2560,"url":"http:\/\/isamurai.hu\/webshop\/wp-content\/uploads\/2025\/07\/IMG_4073-scaled.jpg","type":"image\/jpeg"}],"twitter_card":"summary_large_image","twitter_misc":{"Becs\u00fclt olvas\u00e1si id\u0151":"1 perc"},"schema":{"@context":"https:\/\/schema.org","@graph":[{"@type":"WebPage","@id":"https:\/\/isamurai.hu\/webshop\/termek\/41-apple-macbook-air-2018-13-8-gb-ram-hasznalt\/","url":"https:\/\/isamurai.hu\/webshop\/termek\/41-apple-macbook-air-2018-13-8-gb-ram-hasznalt\/","name":"41. Apple MacBook Air - 2018 - 13\" - 8 GB RAM - haszn\u00e1lt - iSamurai","isPartOf":{"@id":"https:\/\/isamurai.hu\/webshop\/#website"},"primaryImageOfPage":{"@id":"https:\/\/isamurai.hu\/webshop\/termek\/41-apple-macbook-air-2018-13-8-gb-ram-hasznalt\/#primaryimage"},"image":{"@id":"https:\/\/isamurai.hu\/webshop\/termek\/41-apple-macbook-air-2018-13-8-gb-ram-hasznalt\/#primaryimage"},"thumbnailUrl":"https:\/\/isamurai.hu\/webshop\/wp-content\/uploads\/2025\/07\/IMG_4073-scaled.jpg","datePublished":"2025-07-18T13:40:43+00:00","dateModified":"2025-11-04T17:23:54+00:00","breadcrumb":{"@id":"https:\/\/isamurai.hu\/webshop\/termek\/41-apple-macbook-air-2018-13-8-gb-ram-hasznalt\/#breadcrumb"},"inLanguage":"hu","potentialAction":[{"@type":"ReadAction","target":["https:\/\/isamurai.hu\/webshop\/termek\/41-apple-macbook-air-2018-13-8-gb-ram-hasznalt\/"]}]},{"@type":"ImageObject","inLanguage":"hu","@id":"https:\/\/isamurai.hu\/webshop\/termek\/41-apple-macbook-air-2018-13-8-gb-ram-hasznalt\/#primaryimage","url":"https:\/\/isamurai.hu\/webshop\/wp-content\/uploads\/2025\/07\/IMG_4073-scaled.jpg","contentUrl":"https:\/\/isamurai.hu\/webshop\/wp-content\/uploads\/2025\/07\/IMG_4073-scaled.jpg","width":2560,"height":2560},{"@type":"BreadcrumbList","@id":"https:\/\/isamurai.hu\/webshop\/termek\/41-apple-macbook-air-2018-13-8-gb-ram-hasznalt\/#breadcrumb","itemListElement":[{"@type":"ListItem","position":1,"name":"Kezd\u0151lap","item":"https:\/\/isamurai.hu\/webshop\/"},{"@type":"ListItem","position":2,"name":"Ad\u00e1s-v\u00e9tel \u00e9s szerviz","item":"https:\/\/isamurai.hu\/webshop\/"},{"@type":"ListItem","position":3,"name":"41. Apple MacBook Air &#8211; 2018 &#8211; 13&#8243; &#8211; 8 GB RAM &#8211; haszn\u00e1lt"}]},{"@type":"WebSite","@id":"https:\/\/isamurai.hu\/webshop\/#website","url":"https:\/\/isamurai.hu\/webshop\/","name":"iSamurai","description":"","potentialAction":[{"@type":"SearchAction","target":{"@type":"EntryPoint","urlTemplate":"https:\/\/isamurai.hu\/webshop\/?s={search_term_string}"},"query-input":"required name=search_term_string"}],"inLanguage":"hu"}]}},"_links":{"self":[{"href":"https:\/\/isamurai.hu\/webshop\/wp-json\/wp\/v2\/product\/21329"}],"collection":[{"href":"https:\/\/isamurai.hu\/webshop\/wp-json\/wp\/v2\/product"}],"about":[{"href":"https:\/\/isamurai.hu\/webshop\/wp-json\/wp\/v2\/types\/product"}],"replies":[{"embeddable":true,"href":"https:\/\/isamurai.hu\/webshop\/wp-json\/wp\/v2\/comments?post=21329"}],"wp:featuredmedia":[{"embeddable":true,"href":"https:\/\/isamurai.hu\/webshop\/wp-json\/wp\/v2\/media\/21760"}],"wp:attachment":[{"href":"https:\/\/isamurai.hu\/webshop\/wp-json\/wp\/v2\/media?parent=21329"}],"curies":[{"name":"wp","href":"https:\/\/api.w.org\/{rel}","templated":true}]}}