{"id":21347,"date":"2025-07-19T09:19:32","date_gmt":"2025-07-19T08:19:32","guid":{"rendered":"https:\/\/isamurai.hu\/webshop\/?post_type=product&#038;p=21347"},"modified":"2026-05-12T18:04:52","modified_gmt":"2026-05-12T17:04:52","slug":"24-apple-macbook-pro-14-m4-space-black-16gb-512-ssd-magyar-akku-100-9-ciklus","status":"publish","type":"product","link":"https:\/\/isamurai.hu\/webshop\/termek\/24-apple-macbook-pro-14-m4-space-black-16gb-512-ssd-magyar-akku-100-9-ciklus\/","title":{"rendered":"24. Apple MacBook Pro 14&#8243; &#8211; M4 &#8211; Space Black &#8211; 16GB &#8211; 512 SSD &#8211; Magyar &#8211; Akku 100% &#8211; 9 Ciklus"},"content":{"rendered":"","protected":false},"excerpt":{"rendered":"<p>Elad\u00f3 egy \u00fajszer\u0171 Macbook Pro 14&#8243; k\u00e9sz\u00fcl\u00e9k. M4 chippes modell, asztrofekete sz\u00ednben, magyar billenty\u0171zettel. A g\u00e9pben 16 GB RAM \u00e9s 512GB SSD van. Doboz\u00e1ban t\u00f6lt\u0151j\u00e9vel, valamint 6 h\u00f3nap garanci\u00e1val. A g\u00e9p akkuja 100%-os, melyben mind\u00f6ssze 9 t\u00f6lt\u00e9si ciklus van.<\/p>\n","protected":false},"featured_media":22458,"comment_status":"open","ping_status":"closed","template":"","meta":{"_acf_changed":false},"class_list":{"0":"post-21347","1":"product","2":"type-product","3":"status-publish","4":"has-post-thumbnail","6":"product_cat-macbook","8":"first","9":"instock","10":"shipping-taxable","11":"purchasable","12":"product-type-simple"},"acf":[],"yoast_head":"<!-- This site is optimized with the Yoast SEO plugin v23.1 - https:\/\/yoast.com\/wordpress\/plugins\/seo\/ -->\n<title>24. Apple MacBook Pro 14&quot; - M4 - Space Black - 16GB - 512 SSD - Magyar - Akku 100% - 9 Ciklus - iSamurai<\/title>\n<meta name=\"robots\" content=\"index, follow, max-snippet:-1, max-image-preview:large, max-video-preview:-1\" \/>\n<link rel=\"canonical\" href=\"https:\/\/isamurai.hu\/webshop\/termek\/24-apple-macbook-pro-14-m4-space-black-16gb-512-ssd-magyar-akku-100-9-ciklus\/\" \/>\n<meta property=\"og:locale\" content=\"hu_HU\" \/>\n<meta property=\"og:type\" content=\"article\" \/>\n<meta property=\"og:title\" content=\"24. Apple MacBook Pro 14&quot; - M4 - Space Black - 16GB - 512 SSD - Magyar - Akku 100% - 9 Ciklus - iSamurai\" \/>\n<meta property=\"og:description\" content=\"Elad\u00f3 egy \u00fajszer\u0171 Macbook Pro 14&quot; k\u00e9sz\u00fcl\u00e9k. M4 chippes modell, asztrofekete sz\u00ednben, magyar billenty\u0171zettel. A g\u00e9pben 16 GB RAM \u00e9s 512GB SSD van. Doboz\u00e1ban t\u00f6lt\u0151j\u00e9vel, valamint 6 h\u00f3nap garanci\u00e1val. A g\u00e9p akkuja 100%-os, melyben mind\u00f6ssze 9 t\u00f6lt\u00e9si ciklus van.\" \/>\n<meta property=\"og:url\" content=\"https:\/\/isamurai.hu\/webshop\/termek\/24-apple-macbook-pro-14-m4-space-black-16gb-512-ssd-magyar-akku-100-9-ciklus\/\" \/>\n<meta property=\"og:site_name\" content=\"iSamurai\" \/>\n<meta property=\"article:modified_time\" content=\"2026-05-12T17:04:52+00:00\" \/>\n<meta property=\"og:image\" content=\"http:\/\/isamurai.hu\/webshop\/wp-content\/uploads\/2025\/07\/IMG_2374-scaled.jpeg\" \/>\n\t<meta property=\"og:image:width\" content=\"2560\" \/>\n\t<meta property=\"og:image:height\" content=\"2560\" \/>\n\t<meta property=\"og:image:type\" content=\"image\/jpeg\" \/>\n<meta name=\"twitter:card\" content=\"summary_large_image\" \/>\n<meta name=\"twitter:label1\" content=\"Becs\u00fclt olvas\u00e1si id\u0151\" \/>\n\t<meta name=\"twitter:data1\" content=\"1 perc\" \/>\n<script type=\"application\/ld+json\" class=\"yoast-schema-graph\">{\"@context\":\"https:\/\/schema.org\",\"@graph\":[{\"@type\":\"WebPage\",\"@id\":\"https:\/\/isamurai.hu\/webshop\/termek\/24-apple-macbook-pro-14-m4-space-black-16gb-512-ssd-magyar-akku-100-9-ciklus\/\",\"url\":\"https:\/\/isamurai.hu\/webshop\/termek\/24-apple-macbook-pro-14-m4-space-black-16gb-512-ssd-magyar-akku-100-9-ciklus\/\",\"name\":\"24. Apple MacBook Pro 14\\\" - M4 - Space Black - 16GB - 512 SSD - Magyar - Akku 100% - 9 Ciklus - iSamurai\",\"isPartOf\":{\"@id\":\"https:\/\/isamurai.hu\/webshop\/#website\"},\"primaryImageOfPage\":{\"@id\":\"https:\/\/isamurai.hu\/webshop\/termek\/24-apple-macbook-pro-14-m4-space-black-16gb-512-ssd-magyar-akku-100-9-ciklus\/#primaryimage\"},\"image\":{\"@id\":\"https:\/\/isamurai.hu\/webshop\/termek\/24-apple-macbook-pro-14-m4-space-black-16gb-512-ssd-magyar-akku-100-9-ciklus\/#primaryimage\"},\"thumbnailUrl\":\"https:\/\/isamurai.hu\/webshop\/wp-content\/uploads\/2025\/07\/IMG_2374-scaled.jpeg\",\"datePublished\":\"2025-07-19T08:19:32+00:00\",\"dateModified\":\"2026-05-12T17:04:52+00:00\",\"breadcrumb\":{\"@id\":\"https:\/\/isamurai.hu\/webshop\/termek\/24-apple-macbook-pro-14-m4-space-black-16gb-512-ssd-magyar-akku-100-9-ciklus\/#breadcrumb\"},\"inLanguage\":\"hu\",\"potentialAction\":[{\"@type\":\"ReadAction\",\"target\":[\"https:\/\/isamurai.hu\/webshop\/termek\/24-apple-macbook-pro-14-m4-space-black-16gb-512-ssd-magyar-akku-100-9-ciklus\/\"]}]},{\"@type\":\"ImageObject\",\"inLanguage\":\"hu\",\"@id\":\"https:\/\/isamurai.hu\/webshop\/termek\/24-apple-macbook-pro-14-m4-space-black-16gb-512-ssd-magyar-akku-100-9-ciklus\/#primaryimage\",\"url\":\"https:\/\/isamurai.hu\/webshop\/wp-content\/uploads\/2025\/07\/IMG_2374-scaled.jpeg\",\"contentUrl\":\"https:\/\/isamurai.hu\/webshop\/wp-content\/uploads\/2025\/07\/IMG_2374-scaled.jpeg\",\"width\":2560,\"height\":2560},{\"@type\":\"BreadcrumbList\",\"@id\":\"https:\/\/isamurai.hu\/webshop\/termek\/24-apple-macbook-pro-14-m4-space-black-16gb-512-ssd-magyar-akku-100-9-ciklus\/#breadcrumb\",\"itemListElement\":[{\"@type\":\"ListItem\",\"position\":1,\"name\":\"Kezd\u0151lap\",\"item\":\"https:\/\/isamurai.hu\/webshop\/\"},{\"@type\":\"ListItem\",\"position\":2,\"name\":\"Ad\u00e1s-v\u00e9tel \u00e9s szerviz\",\"item\":\"https:\/\/isamurai.hu\/webshop\/\"},{\"@type\":\"ListItem\",\"position\":3,\"name\":\"24. Apple MacBook Pro 14&#8243; &#8211; M4 &#8211; Space Black &#8211; 16GB &#8211; 512 SSD &#8211; Magyar &#8211; Akku 100% &#8211; 9 Ciklus\"}]},{\"@type\":\"WebSite\",\"@id\":\"https:\/\/isamurai.hu\/webshop\/#website\",\"url\":\"https:\/\/isamurai.hu\/webshop\/\",\"name\":\"iSamurai\",\"description\":\"\",\"potentialAction\":[{\"@type\":\"SearchAction\",\"target\":{\"@type\":\"EntryPoint\",\"urlTemplate\":\"https:\/\/isamurai.hu\/webshop\/?s={search_term_string}\"},\"query-input\":\"required name=search_term_string\"}],\"inLanguage\":\"hu\"}]}<\/script>\n<!-- \/ Yoast SEO plugin. -->","yoast_head_json":{"title":"24. Apple MacBook Pro 14\" - M4 - Space Black - 16GB - 512 SSD - Magyar - Akku 100% - 9 Ciklus - iSamurai","robots":{"index":"index","follow":"follow","max-snippet":"max-snippet:-1","max-image-preview":"max-image-preview:large","max-video-preview":"max-video-preview:-1"},"canonical":"https:\/\/isamurai.hu\/webshop\/termek\/24-apple-macbook-pro-14-m4-space-black-16gb-512-ssd-magyar-akku-100-9-ciklus\/","og_locale":"hu_HU","og_type":"article","og_title":"24. Apple MacBook Pro 14\" - M4 - Space Black - 16GB - 512 SSD - Magyar - Akku 100% - 9 Ciklus - iSamurai","og_description":"Elad\u00f3 egy \u00fajszer\u0171 Macbook Pro 14\" k\u00e9sz\u00fcl\u00e9k. M4 chippes modell, asztrofekete sz\u00ednben, magyar billenty\u0171zettel. A g\u00e9pben 16 GB RAM \u00e9s 512GB SSD van. Doboz\u00e1ban t\u00f6lt\u0151j\u00e9vel, valamint 6 h\u00f3nap garanci\u00e1val. A g\u00e9p akkuja 100%-os, melyben mind\u00f6ssze 9 t\u00f6lt\u00e9si ciklus van.","og_url":"https:\/\/isamurai.hu\/webshop\/termek\/24-apple-macbook-pro-14-m4-space-black-16gb-512-ssd-magyar-akku-100-9-ciklus\/","og_site_name":"iSamurai","article_modified_time":"2026-05-12T17:04:52+00:00","og_image":[{"width":2560,"height":2560,"url":"http:\/\/isamurai.hu\/webshop\/wp-content\/uploads\/2025\/07\/IMG_2374-scaled.jpeg","type":"image\/jpeg"}],"twitter_card":"summary_large_image","twitter_misc":{"Becs\u00fclt olvas\u00e1si id\u0151":"1 perc"},"schema":{"@context":"https:\/\/schema.org","@graph":[{"@type":"WebPage","@id":"https:\/\/isamurai.hu\/webshop\/termek\/24-apple-macbook-pro-14-m4-space-black-16gb-512-ssd-magyar-akku-100-9-ciklus\/","url":"https:\/\/isamurai.hu\/webshop\/termek\/24-apple-macbook-pro-14-m4-space-black-16gb-512-ssd-magyar-akku-100-9-ciklus\/","name":"24. Apple MacBook Pro 14\" - M4 - Space Black - 16GB - 512 SSD - Magyar - Akku 100% - 9 Ciklus - iSamurai","isPartOf":{"@id":"https:\/\/isamurai.hu\/webshop\/#website"},"primaryImageOfPage":{"@id":"https:\/\/isamurai.hu\/webshop\/termek\/24-apple-macbook-pro-14-m4-space-black-16gb-512-ssd-magyar-akku-100-9-ciklus\/#primaryimage"},"image":{"@id":"https:\/\/isamurai.hu\/webshop\/termek\/24-apple-macbook-pro-14-m4-space-black-16gb-512-ssd-magyar-akku-100-9-ciklus\/#primaryimage"},"thumbnailUrl":"https:\/\/isamurai.hu\/webshop\/wp-content\/uploads\/2025\/07\/IMG_2374-scaled.jpeg","datePublished":"2025-07-19T08:19:32+00:00","dateModified":"2026-05-12T17:04:52+00:00","breadcrumb":{"@id":"https:\/\/isamurai.hu\/webshop\/termek\/24-apple-macbook-pro-14-m4-space-black-16gb-512-ssd-magyar-akku-100-9-ciklus\/#breadcrumb"},"inLanguage":"hu","potentialAction":[{"@type":"ReadAction","target":["https:\/\/isamurai.hu\/webshop\/termek\/24-apple-macbook-pro-14-m4-space-black-16gb-512-ssd-magyar-akku-100-9-ciklus\/"]}]},{"@type":"ImageObject","inLanguage":"hu","@id":"https:\/\/isamurai.hu\/webshop\/termek\/24-apple-macbook-pro-14-m4-space-black-16gb-512-ssd-magyar-akku-100-9-ciklus\/#primaryimage","url":"https:\/\/isamurai.hu\/webshop\/wp-content\/uploads\/2025\/07\/IMG_2374-scaled.jpeg","contentUrl":"https:\/\/isamurai.hu\/webshop\/wp-content\/uploads\/2025\/07\/IMG_2374-scaled.jpeg","width":2560,"height":2560},{"@type":"BreadcrumbList","@id":"https:\/\/isamurai.hu\/webshop\/termek\/24-apple-macbook-pro-14-m4-space-black-16gb-512-ssd-magyar-akku-100-9-ciklus\/#breadcrumb","itemListElement":[{"@type":"ListItem","position":1,"name":"Kezd\u0151lap","item":"https:\/\/isamurai.hu\/webshop\/"},{"@type":"ListItem","position":2,"name":"Ad\u00e1s-v\u00e9tel \u00e9s szerviz","item":"https:\/\/isamurai.hu\/webshop\/"},{"@type":"ListItem","position":3,"name":"24. Apple MacBook Pro 14&#8243; &#8211; M4 &#8211; Space Black &#8211; 16GB &#8211; 512 SSD &#8211; Magyar &#8211; Akku 100% &#8211; 9 Ciklus"}]},{"@type":"WebSite","@id":"https:\/\/isamurai.hu\/webshop\/#website","url":"https:\/\/isamurai.hu\/webshop\/","name":"iSamurai","description":"","potentialAction":[{"@type":"SearchAction","target":{"@type":"EntryPoint","urlTemplate":"https:\/\/isamurai.hu\/webshop\/?s={search_term_string}"},"query-input":"required name=search_term_string"}],"inLanguage":"hu"}]}},"_links":{"self":[{"href":"https:\/\/isamurai.hu\/webshop\/wp-json\/wp\/v2\/product\/21347"}],"collection":[{"href":"https:\/\/isamurai.hu\/webshop\/wp-json\/wp\/v2\/product"}],"about":[{"href":"https:\/\/isamurai.hu\/webshop\/wp-json\/wp\/v2\/types\/product"}],"replies":[{"embeddable":true,"href":"https:\/\/isamurai.hu\/webshop\/wp-json\/wp\/v2\/comments?post=21347"}],"wp:featuredmedia":[{"embeddable":true,"href":"https:\/\/isamurai.hu\/webshop\/wp-json\/wp\/v2\/media\/22458"}],"wp:attachment":[{"href":"https:\/\/isamurai.hu\/webshop\/wp-json\/wp\/v2\/media?parent=21347"}],"curies":[{"name":"wp","href":"https:\/\/api.w.org\/{rel}","templated":true}]}}