{"id":21726,"date":"2025-10-26T14:56:21","date_gmt":"2025-10-26T13:56:21","guid":{"rendered":"https:\/\/isamurai.hu\/webshop\/?post_type=product&#038;p=21726"},"modified":"2026-01-27T14:04:22","modified_gmt":"2026-01-27T13:04:22","slug":"26-apple-macbook-air-13-2020-i3-256-gb-ssd-8-gb-ram","status":"publish","type":"product","link":"https:\/\/isamurai.hu\/webshop\/termek\/26-apple-macbook-air-13-2020-i3-256-gb-ssd-8-gb-ram\/","title":{"rendered":"20. Apple Macbook Air 13&#8243; &#8211; 2020 &#8211; i3 &#8211; 256 GB SSD &#8211; 8 GB RAM"},"content":{"rendered":"","protected":false},"excerpt":{"rendered":"<p>Elad\u00f3 egy asztrosz\u00fcrke sz\u00edn\u0171 Apple Macbook Air. 13&#8243;-os Retina kijelz\u0151vel, 2020-as modell, magyar billenty\u0171zettel. A k\u00e9sz\u00fcl\u00e9kben egy 1,1 GHz-es Intel i3-as CPU van, 8 GB RAM \u00e9s 256 GB SSD. T\u00f6lt\u0151vel, valamint 3 h\u00f3nap iSamurai garanci\u00e1val.<\/p>\n","protected":false},"featured_media":22001,"comment_status":"open","ping_status":"closed","template":"","meta":{"_acf_changed":false},"class_list":{"0":"post-21726","1":"product","2":"type-product","3":"status-publish","4":"has-post-thumbnail","6":"product_cat-macbook","8":"first","9":"instock","10":"shipping-taxable","11":"purchasable","12":"product-type-simple"},"acf":[],"yoast_head":"<!-- This site is optimized with the Yoast SEO plugin v23.1 - https:\/\/yoast.com\/wordpress\/plugins\/seo\/ -->\n<title>20. Apple Macbook Air 13&quot; - 2020 - i3 - 256 GB SSD - 8 GB RAM - iSamurai<\/title>\n<meta name=\"robots\" content=\"index, follow, max-snippet:-1, max-image-preview:large, max-video-preview:-1\" \/>\n<link rel=\"canonical\" href=\"https:\/\/isamurai.hu\/webshop\/termek\/26-apple-macbook-air-13-2020-i3-256-gb-ssd-8-gb-ram\/\" \/>\n<meta property=\"og:locale\" content=\"hu_HU\" \/>\n<meta property=\"og:type\" content=\"article\" \/>\n<meta property=\"og:title\" content=\"20. Apple Macbook Air 13&quot; - 2020 - i3 - 256 GB SSD - 8 GB RAM - iSamurai\" \/>\n<meta property=\"og:description\" content=\"Elad\u00f3 egy asztrosz\u00fcrke sz\u00edn\u0171 Apple Macbook Air. 13&quot;-os Retina kijelz\u0151vel, 2020-as modell, magyar billenty\u0171zettel. A k\u00e9sz\u00fcl\u00e9kben egy 1,1 GHz-es Intel i3-as CPU van, 8 GB RAM \u00e9s 256 GB SSD. T\u00f6lt\u0151vel, valamint 3 h\u00f3nap iSamurai garanci\u00e1val.\" \/>\n<meta property=\"og:url\" content=\"https:\/\/isamurai.hu\/webshop\/termek\/26-apple-macbook-air-13-2020-i3-256-gb-ssd-8-gb-ram\/\" \/>\n<meta property=\"og:site_name\" content=\"iSamurai\" \/>\n<meta property=\"article:modified_time\" content=\"2026-01-27T13:04:22+00:00\" \/>\n<meta property=\"og:image\" content=\"http:\/\/isamurai.hu\/webshop\/wp-content\/uploads\/2025\/10\/IMG_0404-scaled.jpg\" \/>\n\t<meta property=\"og:image:width\" content=\"2560\" \/>\n\t<meta property=\"og:image:height\" content=\"2560\" \/>\n\t<meta property=\"og:image:type\" content=\"image\/jpeg\" \/>\n<meta name=\"twitter:card\" content=\"summary_large_image\" \/>\n<meta name=\"twitter:label1\" content=\"Becs\u00fclt olvas\u00e1si id\u0151\" \/>\n\t<meta name=\"twitter:data1\" content=\"1 perc\" \/>\n<script type=\"application\/ld+json\" class=\"yoast-schema-graph\">{\"@context\":\"https:\/\/schema.org\",\"@graph\":[{\"@type\":\"WebPage\",\"@id\":\"https:\/\/isamurai.hu\/webshop\/termek\/26-apple-macbook-air-13-2020-i3-256-gb-ssd-8-gb-ram\/\",\"url\":\"https:\/\/isamurai.hu\/webshop\/termek\/26-apple-macbook-air-13-2020-i3-256-gb-ssd-8-gb-ram\/\",\"name\":\"20. Apple Macbook Air 13\\\" - 2020 - i3 - 256 GB SSD - 8 GB RAM - iSamurai\",\"isPartOf\":{\"@id\":\"https:\/\/isamurai.hu\/webshop\/#website\"},\"primaryImageOfPage\":{\"@id\":\"https:\/\/isamurai.hu\/webshop\/termek\/26-apple-macbook-air-13-2020-i3-256-gb-ssd-8-gb-ram\/#primaryimage\"},\"image\":{\"@id\":\"https:\/\/isamurai.hu\/webshop\/termek\/26-apple-macbook-air-13-2020-i3-256-gb-ssd-8-gb-ram\/#primaryimage\"},\"thumbnailUrl\":\"https:\/\/isamurai.hu\/webshop\/wp-content\/uploads\/2025\/10\/IMG_0404-scaled.jpg\",\"datePublished\":\"2025-10-26T13:56:21+00:00\",\"dateModified\":\"2026-01-27T13:04:22+00:00\",\"breadcrumb\":{\"@id\":\"https:\/\/isamurai.hu\/webshop\/termek\/26-apple-macbook-air-13-2020-i3-256-gb-ssd-8-gb-ram\/#breadcrumb\"},\"inLanguage\":\"hu\",\"potentialAction\":[{\"@type\":\"ReadAction\",\"target\":[\"https:\/\/isamurai.hu\/webshop\/termek\/26-apple-macbook-air-13-2020-i3-256-gb-ssd-8-gb-ram\/\"]}]},{\"@type\":\"ImageObject\",\"inLanguage\":\"hu\",\"@id\":\"https:\/\/isamurai.hu\/webshop\/termek\/26-apple-macbook-air-13-2020-i3-256-gb-ssd-8-gb-ram\/#primaryimage\",\"url\":\"https:\/\/isamurai.hu\/webshop\/wp-content\/uploads\/2025\/10\/IMG_0404-scaled.jpg\",\"contentUrl\":\"https:\/\/isamurai.hu\/webshop\/wp-content\/uploads\/2025\/10\/IMG_0404-scaled.jpg\",\"width\":2560,\"height\":2560},{\"@type\":\"BreadcrumbList\",\"@id\":\"https:\/\/isamurai.hu\/webshop\/termek\/26-apple-macbook-air-13-2020-i3-256-gb-ssd-8-gb-ram\/#breadcrumb\",\"itemListElement\":[{\"@type\":\"ListItem\",\"position\":1,\"name\":\"Kezd\u0151lap\",\"item\":\"https:\/\/isamurai.hu\/webshop\/\"},{\"@type\":\"ListItem\",\"position\":2,\"name\":\"Ad\u00e1s-v\u00e9tel \u00e9s szerviz\",\"item\":\"https:\/\/isamurai.hu\/webshop\/\"},{\"@type\":\"ListItem\",\"position\":3,\"name\":\"20. Apple Macbook Air 13&#8243; &#8211; 2020 &#8211; i3 &#8211; 256 GB SSD &#8211; 8 GB RAM\"}]},{\"@type\":\"WebSite\",\"@id\":\"https:\/\/isamurai.hu\/webshop\/#website\",\"url\":\"https:\/\/isamurai.hu\/webshop\/\",\"name\":\"iSamurai\",\"description\":\"\",\"potentialAction\":[{\"@type\":\"SearchAction\",\"target\":{\"@type\":\"EntryPoint\",\"urlTemplate\":\"https:\/\/isamurai.hu\/webshop\/?s={search_term_string}\"},\"query-input\":\"required name=search_term_string\"}],\"inLanguage\":\"hu\"}]}<\/script>\n<!-- \/ Yoast SEO plugin. -->","yoast_head_json":{"title":"20. Apple Macbook Air 13\" - 2020 - i3 - 256 GB SSD - 8 GB RAM - iSamurai","robots":{"index":"index","follow":"follow","max-snippet":"max-snippet:-1","max-image-preview":"max-image-preview:large","max-video-preview":"max-video-preview:-1"},"canonical":"https:\/\/isamurai.hu\/webshop\/termek\/26-apple-macbook-air-13-2020-i3-256-gb-ssd-8-gb-ram\/","og_locale":"hu_HU","og_type":"article","og_title":"20. Apple Macbook Air 13\" - 2020 - i3 - 256 GB SSD - 8 GB RAM - iSamurai","og_description":"Elad\u00f3 egy asztrosz\u00fcrke sz\u00edn\u0171 Apple Macbook Air. 13\"-os Retina kijelz\u0151vel, 2020-as modell, magyar billenty\u0171zettel. A k\u00e9sz\u00fcl\u00e9kben egy 1,1 GHz-es Intel i3-as CPU van, 8 GB RAM \u00e9s 256 GB SSD. T\u00f6lt\u0151vel, valamint 3 h\u00f3nap iSamurai garanci\u00e1val.","og_url":"https:\/\/isamurai.hu\/webshop\/termek\/26-apple-macbook-air-13-2020-i3-256-gb-ssd-8-gb-ram\/","og_site_name":"iSamurai","article_modified_time":"2026-01-27T13:04:22+00:00","og_image":[{"width":2560,"height":2560,"url":"http:\/\/isamurai.hu\/webshop\/wp-content\/uploads\/2025\/10\/IMG_0404-scaled.jpg","type":"image\/jpeg"}],"twitter_card":"summary_large_image","twitter_misc":{"Becs\u00fclt olvas\u00e1si id\u0151":"1 perc"},"schema":{"@context":"https:\/\/schema.org","@graph":[{"@type":"WebPage","@id":"https:\/\/isamurai.hu\/webshop\/termek\/26-apple-macbook-air-13-2020-i3-256-gb-ssd-8-gb-ram\/","url":"https:\/\/isamurai.hu\/webshop\/termek\/26-apple-macbook-air-13-2020-i3-256-gb-ssd-8-gb-ram\/","name":"20. Apple Macbook Air 13\" - 2020 - i3 - 256 GB SSD - 8 GB RAM - iSamurai","isPartOf":{"@id":"https:\/\/isamurai.hu\/webshop\/#website"},"primaryImageOfPage":{"@id":"https:\/\/isamurai.hu\/webshop\/termek\/26-apple-macbook-air-13-2020-i3-256-gb-ssd-8-gb-ram\/#primaryimage"},"image":{"@id":"https:\/\/isamurai.hu\/webshop\/termek\/26-apple-macbook-air-13-2020-i3-256-gb-ssd-8-gb-ram\/#primaryimage"},"thumbnailUrl":"https:\/\/isamurai.hu\/webshop\/wp-content\/uploads\/2025\/10\/IMG_0404-scaled.jpg","datePublished":"2025-10-26T13:56:21+00:00","dateModified":"2026-01-27T13:04:22+00:00","breadcrumb":{"@id":"https:\/\/isamurai.hu\/webshop\/termek\/26-apple-macbook-air-13-2020-i3-256-gb-ssd-8-gb-ram\/#breadcrumb"},"inLanguage":"hu","potentialAction":[{"@type":"ReadAction","target":["https:\/\/isamurai.hu\/webshop\/termek\/26-apple-macbook-air-13-2020-i3-256-gb-ssd-8-gb-ram\/"]}]},{"@type":"ImageObject","inLanguage":"hu","@id":"https:\/\/isamurai.hu\/webshop\/termek\/26-apple-macbook-air-13-2020-i3-256-gb-ssd-8-gb-ram\/#primaryimage","url":"https:\/\/isamurai.hu\/webshop\/wp-content\/uploads\/2025\/10\/IMG_0404-scaled.jpg","contentUrl":"https:\/\/isamurai.hu\/webshop\/wp-content\/uploads\/2025\/10\/IMG_0404-scaled.jpg","width":2560,"height":2560},{"@type":"BreadcrumbList","@id":"https:\/\/isamurai.hu\/webshop\/termek\/26-apple-macbook-air-13-2020-i3-256-gb-ssd-8-gb-ram\/#breadcrumb","itemListElement":[{"@type":"ListItem","position":1,"name":"Kezd\u0151lap","item":"https:\/\/isamurai.hu\/webshop\/"},{"@type":"ListItem","position":2,"name":"Ad\u00e1s-v\u00e9tel \u00e9s szerviz","item":"https:\/\/isamurai.hu\/webshop\/"},{"@type":"ListItem","position":3,"name":"20. Apple Macbook Air 13&#8243; &#8211; 2020 &#8211; i3 &#8211; 256 GB SSD &#8211; 8 GB RAM"}]},{"@type":"WebSite","@id":"https:\/\/isamurai.hu\/webshop\/#website","url":"https:\/\/isamurai.hu\/webshop\/","name":"iSamurai","description":"","potentialAction":[{"@type":"SearchAction","target":{"@type":"EntryPoint","urlTemplate":"https:\/\/isamurai.hu\/webshop\/?s={search_term_string}"},"query-input":"required name=search_term_string"}],"inLanguage":"hu"}]}},"_links":{"self":[{"href":"https:\/\/isamurai.hu\/webshop\/wp-json\/wp\/v2\/product\/21726"}],"collection":[{"href":"https:\/\/isamurai.hu\/webshop\/wp-json\/wp\/v2\/product"}],"about":[{"href":"https:\/\/isamurai.hu\/webshop\/wp-json\/wp\/v2\/types\/product"}],"replies":[{"embeddable":true,"href":"https:\/\/isamurai.hu\/webshop\/wp-json\/wp\/v2\/comments?post=21726"}],"wp:featuredmedia":[{"embeddable":true,"href":"https:\/\/isamurai.hu\/webshop\/wp-json\/wp\/v2\/media\/22001"}],"wp:attachment":[{"href":"https:\/\/isamurai.hu\/webshop\/wp-json\/wp\/v2\/media?parent=21726"}],"curies":[{"name":"wp","href":"https:\/\/api.w.org\/{rel}","templated":true}]}}