{"id":21951,"date":"2026-01-11T18:40:19","date_gmt":"2026-01-11T17:40:19","guid":{"rendered":"https:\/\/isamurai.hu\/webshop\/?post_type=product&#038;p=21951"},"modified":"2026-01-11T18:41:28","modified_gmt":"2026-01-11T17:41:28","slug":"17-apple-watch-ultra-2-49-mm-gpslte-ujszeru-98-akku","status":"publish","type":"product","link":"https:\/\/isamurai.hu\/webshop\/termek\/17-apple-watch-ultra-2-49-mm-gpslte-ujszeru-98-akku\/","title":{"rendered":"17. Apple Watch Ultra 2 &#8211; 49 mm &#8211; GPS+LTE &#8211; \u00dajszer\u0171 &#8211; 98% AKKU"},"content":{"rendered":"","protected":false},"excerpt":{"rendered":"<p>Elad\u00f3 egy haszn\u00e1lt, sz\u00e9p \u00e1llapot\u00fa Apple Watch Ultra 2 49 mm-es kijelz\u0151vel, Tit\u00e1n h\u00e1zas, GPS+LTE-s modell. T\u00f6lt\u0151k\u00e1bellel, valamint 3 h\u00f3nap garanci\u00e1val. Az akkuja 98%-os.<\/p>\n","protected":false},"featured_media":21952,"comment_status":"open","ping_status":"closed","template":"","meta":{"_acf_changed":false},"class_list":{"0":"post-21951","1":"product","2":"type-product","3":"status-publish","4":"has-post-thumbnail","6":"product_cat-watch","8":"first","9":"instock","10":"shipping-taxable","11":"purchasable","12":"product-type-simple"},"acf":[],"yoast_head":"<!-- This site is optimized with the Yoast SEO plugin v23.1 - https:\/\/yoast.com\/wordpress\/plugins\/seo\/ -->\n<title>17. Apple Watch Ultra 2 - 49 mm - GPS+LTE - \u00dajszer\u0171 - 98% AKKU - iSamurai<\/title>\n<meta name=\"robots\" content=\"index, follow, max-snippet:-1, max-image-preview:large, max-video-preview:-1\" \/>\n<link rel=\"canonical\" href=\"https:\/\/isamurai.hu\/webshop\/termek\/17-apple-watch-ultra-2-49-mm-gpslte-ujszeru-98-akku\/\" \/>\n<meta property=\"og:locale\" content=\"hu_HU\" \/>\n<meta property=\"og:type\" content=\"article\" \/>\n<meta property=\"og:title\" content=\"17. Apple Watch Ultra 2 - 49 mm - GPS+LTE - \u00dajszer\u0171 - 98% AKKU - iSamurai\" \/>\n<meta property=\"og:description\" content=\"Elad\u00f3 egy haszn\u00e1lt, sz\u00e9p \u00e1llapot\u00fa Apple Watch Ultra 2 49 mm-es kijelz\u0151vel, Tit\u00e1n h\u00e1zas, GPS+LTE-s modell. T\u00f6lt\u0151k\u00e1bellel, valamint 3 h\u00f3nap garanci\u00e1val. Az akkuja 98%-os.\" \/>\n<meta property=\"og:url\" content=\"https:\/\/isamurai.hu\/webshop\/termek\/17-apple-watch-ultra-2-49-mm-gpslte-ujszeru-98-akku\/\" \/>\n<meta property=\"og:site_name\" content=\"iSamurai\" \/>\n<meta property=\"article:modified_time\" content=\"2026-01-11T17:41:28+00:00\" \/>\n<meta property=\"og:image\" content=\"http:\/\/isamurai.hu\/webshop\/wp-content\/uploads\/2026\/01\/IMG_0274.jpeg\" \/>\n\t<meta property=\"og:image:width\" content=\"2439\" \/>\n\t<meta property=\"og:image:height\" content=\"2439\" \/>\n\t<meta property=\"og:image:type\" content=\"image\/jpeg\" \/>\n<meta name=\"twitter:card\" content=\"summary_large_image\" \/>\n<meta name=\"twitter:label1\" content=\"Becs\u00fclt olvas\u00e1si id\u0151\" \/>\n\t<meta name=\"twitter:data1\" content=\"1 perc\" \/>\n<script type=\"application\/ld+json\" class=\"yoast-schema-graph\">{\"@context\":\"https:\/\/schema.org\",\"@graph\":[{\"@type\":\"WebPage\",\"@id\":\"https:\/\/isamurai.hu\/webshop\/termek\/17-apple-watch-ultra-2-49-mm-gpslte-ujszeru-98-akku\/\",\"url\":\"https:\/\/isamurai.hu\/webshop\/termek\/17-apple-watch-ultra-2-49-mm-gpslte-ujszeru-98-akku\/\",\"name\":\"17. Apple Watch Ultra 2 - 49 mm - GPS+LTE - \u00dajszer\u0171 - 98% AKKU - iSamurai\",\"isPartOf\":{\"@id\":\"https:\/\/isamurai.hu\/webshop\/#website\"},\"primaryImageOfPage\":{\"@id\":\"https:\/\/isamurai.hu\/webshop\/termek\/17-apple-watch-ultra-2-49-mm-gpslte-ujszeru-98-akku\/#primaryimage\"},\"image\":{\"@id\":\"https:\/\/isamurai.hu\/webshop\/termek\/17-apple-watch-ultra-2-49-mm-gpslte-ujszeru-98-akku\/#primaryimage\"},\"thumbnailUrl\":\"https:\/\/isamurai.hu\/webshop\/wp-content\/uploads\/2026\/01\/IMG_0274.jpeg\",\"datePublished\":\"2026-01-11T17:40:19+00:00\",\"dateModified\":\"2026-01-11T17:41:28+00:00\",\"breadcrumb\":{\"@id\":\"https:\/\/isamurai.hu\/webshop\/termek\/17-apple-watch-ultra-2-49-mm-gpslte-ujszeru-98-akku\/#breadcrumb\"},\"inLanguage\":\"hu\",\"potentialAction\":[{\"@type\":\"ReadAction\",\"target\":[\"https:\/\/isamurai.hu\/webshop\/termek\/17-apple-watch-ultra-2-49-mm-gpslte-ujszeru-98-akku\/\"]}]},{\"@type\":\"ImageObject\",\"inLanguage\":\"hu\",\"@id\":\"https:\/\/isamurai.hu\/webshop\/termek\/17-apple-watch-ultra-2-49-mm-gpslte-ujszeru-98-akku\/#primaryimage\",\"url\":\"https:\/\/isamurai.hu\/webshop\/wp-content\/uploads\/2026\/01\/IMG_0274.jpeg\",\"contentUrl\":\"https:\/\/isamurai.hu\/webshop\/wp-content\/uploads\/2026\/01\/IMG_0274.jpeg\",\"width\":2439,\"height\":2439},{\"@type\":\"BreadcrumbList\",\"@id\":\"https:\/\/isamurai.hu\/webshop\/termek\/17-apple-watch-ultra-2-49-mm-gpslte-ujszeru-98-akku\/#breadcrumb\",\"itemListElement\":[{\"@type\":\"ListItem\",\"position\":1,\"name\":\"Kezd\u0151lap\",\"item\":\"https:\/\/isamurai.hu\/webshop\/\"},{\"@type\":\"ListItem\",\"position\":2,\"name\":\"Ad\u00e1s-v\u00e9tel \u00e9s szerviz\",\"item\":\"https:\/\/isamurai.hu\/webshop\/\"},{\"@type\":\"ListItem\",\"position\":3,\"name\":\"17. Apple Watch Ultra 2 &#8211; 49 mm &#8211; GPS+LTE &#8211; \u00dajszer\u0171 &#8211; 98% AKKU\"}]},{\"@type\":\"WebSite\",\"@id\":\"https:\/\/isamurai.hu\/webshop\/#website\",\"url\":\"https:\/\/isamurai.hu\/webshop\/\",\"name\":\"iSamurai\",\"description\":\"\",\"potentialAction\":[{\"@type\":\"SearchAction\",\"target\":{\"@type\":\"EntryPoint\",\"urlTemplate\":\"https:\/\/isamurai.hu\/webshop\/?s={search_term_string}\"},\"query-input\":\"required name=search_term_string\"}],\"inLanguage\":\"hu\"}]}<\/script>\n<!-- \/ Yoast SEO plugin. -->","yoast_head_json":{"title":"17. Apple Watch Ultra 2 - 49 mm - GPS+LTE - \u00dajszer\u0171 - 98% AKKU - iSamurai","robots":{"index":"index","follow":"follow","max-snippet":"max-snippet:-1","max-image-preview":"max-image-preview:large","max-video-preview":"max-video-preview:-1"},"canonical":"https:\/\/isamurai.hu\/webshop\/termek\/17-apple-watch-ultra-2-49-mm-gpslte-ujszeru-98-akku\/","og_locale":"hu_HU","og_type":"article","og_title":"17. Apple Watch Ultra 2 - 49 mm - GPS+LTE - \u00dajszer\u0171 - 98% AKKU - iSamurai","og_description":"Elad\u00f3 egy haszn\u00e1lt, sz\u00e9p \u00e1llapot\u00fa Apple Watch Ultra 2 49 mm-es kijelz\u0151vel, Tit\u00e1n h\u00e1zas, GPS+LTE-s modell. T\u00f6lt\u0151k\u00e1bellel, valamint 3 h\u00f3nap garanci\u00e1val. Az akkuja 98%-os.","og_url":"https:\/\/isamurai.hu\/webshop\/termek\/17-apple-watch-ultra-2-49-mm-gpslte-ujszeru-98-akku\/","og_site_name":"iSamurai","article_modified_time":"2026-01-11T17:41:28+00:00","og_image":[{"width":2439,"height":2439,"url":"http:\/\/isamurai.hu\/webshop\/wp-content\/uploads\/2026\/01\/IMG_0274.jpeg","type":"image\/jpeg"}],"twitter_card":"summary_large_image","twitter_misc":{"Becs\u00fclt olvas\u00e1si id\u0151":"1 perc"},"schema":{"@context":"https:\/\/schema.org","@graph":[{"@type":"WebPage","@id":"https:\/\/isamurai.hu\/webshop\/termek\/17-apple-watch-ultra-2-49-mm-gpslte-ujszeru-98-akku\/","url":"https:\/\/isamurai.hu\/webshop\/termek\/17-apple-watch-ultra-2-49-mm-gpslte-ujszeru-98-akku\/","name":"17. Apple Watch Ultra 2 - 49 mm - GPS+LTE - \u00dajszer\u0171 - 98% AKKU - iSamurai","isPartOf":{"@id":"https:\/\/isamurai.hu\/webshop\/#website"},"primaryImageOfPage":{"@id":"https:\/\/isamurai.hu\/webshop\/termek\/17-apple-watch-ultra-2-49-mm-gpslte-ujszeru-98-akku\/#primaryimage"},"image":{"@id":"https:\/\/isamurai.hu\/webshop\/termek\/17-apple-watch-ultra-2-49-mm-gpslte-ujszeru-98-akku\/#primaryimage"},"thumbnailUrl":"https:\/\/isamurai.hu\/webshop\/wp-content\/uploads\/2026\/01\/IMG_0274.jpeg","datePublished":"2026-01-11T17:40:19+00:00","dateModified":"2026-01-11T17:41:28+00:00","breadcrumb":{"@id":"https:\/\/isamurai.hu\/webshop\/termek\/17-apple-watch-ultra-2-49-mm-gpslte-ujszeru-98-akku\/#breadcrumb"},"inLanguage":"hu","potentialAction":[{"@type":"ReadAction","target":["https:\/\/isamurai.hu\/webshop\/termek\/17-apple-watch-ultra-2-49-mm-gpslte-ujszeru-98-akku\/"]}]},{"@type":"ImageObject","inLanguage":"hu","@id":"https:\/\/isamurai.hu\/webshop\/termek\/17-apple-watch-ultra-2-49-mm-gpslte-ujszeru-98-akku\/#primaryimage","url":"https:\/\/isamurai.hu\/webshop\/wp-content\/uploads\/2026\/01\/IMG_0274.jpeg","contentUrl":"https:\/\/isamurai.hu\/webshop\/wp-content\/uploads\/2026\/01\/IMG_0274.jpeg","width":2439,"height":2439},{"@type":"BreadcrumbList","@id":"https:\/\/isamurai.hu\/webshop\/termek\/17-apple-watch-ultra-2-49-mm-gpslte-ujszeru-98-akku\/#breadcrumb","itemListElement":[{"@type":"ListItem","position":1,"name":"Kezd\u0151lap","item":"https:\/\/isamurai.hu\/webshop\/"},{"@type":"ListItem","position":2,"name":"Ad\u00e1s-v\u00e9tel \u00e9s szerviz","item":"https:\/\/isamurai.hu\/webshop\/"},{"@type":"ListItem","position":3,"name":"17. Apple Watch Ultra 2 &#8211; 49 mm &#8211; GPS+LTE &#8211; \u00dajszer\u0171 &#8211; 98% AKKU"}]},{"@type":"WebSite","@id":"https:\/\/isamurai.hu\/webshop\/#website","url":"https:\/\/isamurai.hu\/webshop\/","name":"iSamurai","description":"","potentialAction":[{"@type":"SearchAction","target":{"@type":"EntryPoint","urlTemplate":"https:\/\/isamurai.hu\/webshop\/?s={search_term_string}"},"query-input":"required name=search_term_string"}],"inLanguage":"hu"}]}},"_links":{"self":[{"href":"https:\/\/isamurai.hu\/webshop\/wp-json\/wp\/v2\/product\/21951"}],"collection":[{"href":"https:\/\/isamurai.hu\/webshop\/wp-json\/wp\/v2\/product"}],"about":[{"href":"https:\/\/isamurai.hu\/webshop\/wp-json\/wp\/v2\/types\/product"}],"replies":[{"embeddable":true,"href":"https:\/\/isamurai.hu\/webshop\/wp-json\/wp\/v2\/comments?post=21951"}],"wp:featuredmedia":[{"embeddable":true,"href":"https:\/\/isamurai.hu\/webshop\/wp-json\/wp\/v2\/media\/21952"}],"wp:attachment":[{"href":"https:\/\/isamurai.hu\/webshop\/wp-json\/wp\/v2\/media?parent=21951"}],"curies":[{"name":"wp","href":"https:\/\/api.w.org\/{rel}","templated":true}]}}