{"id":22034,"date":"2026-02-08T13:48:59","date_gmt":"2026-02-08T12:48:59","guid":{"rendered":"https:\/\/isamurai.hu\/webshop\/?post_type=product&#038;p=22034"},"modified":"2026-03-27T13:22:48","modified_gmt":"2026-03-27T12:22:48","slug":"26-apple-ipad-air-6-128-gb-wifi-silver-ujszeru-m2","status":"publish","type":"product","link":"https:\/\/isamurai.hu\/webshop\/termek\/26-apple-ipad-air-6-128-gb-wifi-silver-ujszeru-m2\/","title":{"rendered":"27. Apple iPad Air 7 &#8211; 128 GB &#8211; Wifi+5G &#8211; \u00dajszer\u0171 &#8211; M3 &#8211; 100% akku &#8211; 2029.01"},"content":{"rendered":"","protected":false},"excerpt":{"rendered":"<p>Elad\u00f3 egy \u00fajszer\u0171 \u00e1llapotban l\u00e9v\u0151 Apple iPad Air 7. gener\u00e1ci\u00f3s k\u00e9sz\u00fcl\u00e9k. M3-as chippel, Asztrosz\u00fcrke sz\u00ednben, 128 GB bels\u0151 t\u00e1rhellyel, WiFi+Cellular modell. Doboz\u00e1ban, t\u00f6lt\u0151k\u00e1bellel, valamint 2027.01.28-ig Apple garanci\u00e9val +2\u00e9v szavatoss\u00e1ggal. Gy\u00e1ri akkuja 100%-os.<\/p>\n","protected":false},"featured_media":22276,"comment_status":"open","ping_status":"closed","template":"","meta":{"_acf_changed":false},"class_list":{"0":"post-22034","1":"product","2":"type-product","3":"status-publish","4":"has-post-thumbnail","6":"product_cat-ipad-ipad-air","8":"first","9":"instock","10":"shipping-taxable","11":"purchasable","12":"product-type-simple"},"acf":[],"yoast_head":"<!-- This site is optimized with the Yoast SEO plugin v23.1 - https:\/\/yoast.com\/wordpress\/plugins\/seo\/ -->\n<title>27. Apple iPad Air 7 - 128 GB - Wifi+5G - \u00dajszer\u0171 - M3 - 100% akku - 2029.01 - iSamurai<\/title>\n<meta name=\"robots\" content=\"index, follow, max-snippet:-1, max-image-preview:large, max-video-preview:-1\" \/>\n<link rel=\"canonical\" href=\"https:\/\/isamurai.hu\/webshop\/termek\/26-apple-ipad-air-6-128-gb-wifi-silver-ujszeru-m2\/\" \/>\n<meta property=\"og:locale\" content=\"hu_HU\" \/>\n<meta property=\"og:type\" content=\"article\" \/>\n<meta property=\"og:title\" content=\"27. Apple iPad Air 7 - 128 GB - Wifi+5G - \u00dajszer\u0171 - M3 - 100% akku - 2029.01 - iSamurai\" \/>\n<meta property=\"og:description\" content=\"Elad\u00f3 egy \u00fajszer\u0171 \u00e1llapotban l\u00e9v\u0151 Apple iPad Air 7. gener\u00e1ci\u00f3s k\u00e9sz\u00fcl\u00e9k. M3-as chippel, Asztrosz\u00fcrke sz\u00ednben, 128 GB bels\u0151 t\u00e1rhellyel, WiFi+Cellular modell. Doboz\u00e1ban, t\u00f6lt\u0151k\u00e1bellel, valamint 2027.01.28-ig Apple garanci\u00e9val +2\u00e9v szavatoss\u00e1ggal. Gy\u00e1ri akkuja 100%-os.\" \/>\n<meta property=\"og:url\" content=\"https:\/\/isamurai.hu\/webshop\/termek\/26-apple-ipad-air-6-128-gb-wifi-silver-ujszeru-m2\/\" \/>\n<meta property=\"og:site_name\" content=\"iSamurai\" \/>\n<meta property=\"article:modified_time\" content=\"2026-03-27T12:22:48+00:00\" \/>\n<meta property=\"og:image\" content=\"http:\/\/isamurai.hu\/webshop\/wp-content\/uploads\/2026\/02\/IMG_1981-scaled.jpg\" \/>\n\t<meta property=\"og:image:width\" content=\"2560\" \/>\n\t<meta property=\"og:image:height\" content=\"2560\" \/>\n\t<meta property=\"og:image:type\" content=\"image\/jpeg\" \/>\n<meta name=\"twitter:card\" content=\"summary_large_image\" \/>\n<meta name=\"twitter:label1\" content=\"Becs\u00fclt olvas\u00e1si id\u0151\" \/>\n\t<meta name=\"twitter:data1\" content=\"1 perc\" \/>\n<script type=\"application\/ld+json\" class=\"yoast-schema-graph\">{\"@context\":\"https:\/\/schema.org\",\"@graph\":[{\"@type\":\"WebPage\",\"@id\":\"https:\/\/isamurai.hu\/webshop\/termek\/26-apple-ipad-air-6-128-gb-wifi-silver-ujszeru-m2\/\",\"url\":\"https:\/\/isamurai.hu\/webshop\/termek\/26-apple-ipad-air-6-128-gb-wifi-silver-ujszeru-m2\/\",\"name\":\"27. Apple iPad Air 7 - 128 GB - Wifi+5G - \u00dajszer\u0171 - M3 - 100% akku - 2029.01 - iSamurai\",\"isPartOf\":{\"@id\":\"https:\/\/isamurai.hu\/webshop\/#website\"},\"primaryImageOfPage\":{\"@id\":\"https:\/\/isamurai.hu\/webshop\/termek\/26-apple-ipad-air-6-128-gb-wifi-silver-ujszeru-m2\/#primaryimage\"},\"image\":{\"@id\":\"https:\/\/isamurai.hu\/webshop\/termek\/26-apple-ipad-air-6-128-gb-wifi-silver-ujszeru-m2\/#primaryimage\"},\"thumbnailUrl\":\"https:\/\/isamurai.hu\/webshop\/wp-content\/uploads\/2026\/02\/IMG_1981-scaled.jpg\",\"datePublished\":\"2026-02-08T12:48:59+00:00\",\"dateModified\":\"2026-03-27T12:22:48+00:00\",\"breadcrumb\":{\"@id\":\"https:\/\/isamurai.hu\/webshop\/termek\/26-apple-ipad-air-6-128-gb-wifi-silver-ujszeru-m2\/#breadcrumb\"},\"inLanguage\":\"hu\",\"potentialAction\":[{\"@type\":\"ReadAction\",\"target\":[\"https:\/\/isamurai.hu\/webshop\/termek\/26-apple-ipad-air-6-128-gb-wifi-silver-ujszeru-m2\/\"]}]},{\"@type\":\"ImageObject\",\"inLanguage\":\"hu\",\"@id\":\"https:\/\/isamurai.hu\/webshop\/termek\/26-apple-ipad-air-6-128-gb-wifi-silver-ujszeru-m2\/#primaryimage\",\"url\":\"https:\/\/isamurai.hu\/webshop\/wp-content\/uploads\/2026\/02\/IMG_1981-scaled.jpg\",\"contentUrl\":\"https:\/\/isamurai.hu\/webshop\/wp-content\/uploads\/2026\/02\/IMG_1981-scaled.jpg\",\"width\":2560,\"height\":2560},{\"@type\":\"BreadcrumbList\",\"@id\":\"https:\/\/isamurai.hu\/webshop\/termek\/26-apple-ipad-air-6-128-gb-wifi-silver-ujszeru-m2\/#breadcrumb\",\"itemListElement\":[{\"@type\":\"ListItem\",\"position\":1,\"name\":\"Kezd\u0151lap\",\"item\":\"https:\/\/isamurai.hu\/webshop\/\"},{\"@type\":\"ListItem\",\"position\":2,\"name\":\"Ad\u00e1s-v\u00e9tel \u00e9s szerviz\",\"item\":\"https:\/\/isamurai.hu\/webshop\/\"},{\"@type\":\"ListItem\",\"position\":3,\"name\":\"27. Apple iPad Air 7 &#8211; 128 GB &#8211; Wifi+5G &#8211; \u00dajszer\u0171 &#8211; M3 &#8211; 100% akku &#8211; 2029.01\"}]},{\"@type\":\"WebSite\",\"@id\":\"https:\/\/isamurai.hu\/webshop\/#website\",\"url\":\"https:\/\/isamurai.hu\/webshop\/\",\"name\":\"iSamurai\",\"description\":\"\",\"potentialAction\":[{\"@type\":\"SearchAction\",\"target\":{\"@type\":\"EntryPoint\",\"urlTemplate\":\"https:\/\/isamurai.hu\/webshop\/?s={search_term_string}\"},\"query-input\":\"required name=search_term_string\"}],\"inLanguage\":\"hu\"}]}<\/script>\n<!-- \/ Yoast SEO plugin. -->","yoast_head_json":{"title":"27. Apple iPad Air 7 - 128 GB - Wifi+5G - \u00dajszer\u0171 - M3 - 100% akku - 2029.01 - iSamurai","robots":{"index":"index","follow":"follow","max-snippet":"max-snippet:-1","max-image-preview":"max-image-preview:large","max-video-preview":"max-video-preview:-1"},"canonical":"https:\/\/isamurai.hu\/webshop\/termek\/26-apple-ipad-air-6-128-gb-wifi-silver-ujszeru-m2\/","og_locale":"hu_HU","og_type":"article","og_title":"27. Apple iPad Air 7 - 128 GB - Wifi+5G - \u00dajszer\u0171 - M3 - 100% akku - 2029.01 - iSamurai","og_description":"Elad\u00f3 egy \u00fajszer\u0171 \u00e1llapotban l\u00e9v\u0151 Apple iPad Air 7. gener\u00e1ci\u00f3s k\u00e9sz\u00fcl\u00e9k. M3-as chippel, Asztrosz\u00fcrke sz\u00ednben, 128 GB bels\u0151 t\u00e1rhellyel, WiFi+Cellular modell. Doboz\u00e1ban, t\u00f6lt\u0151k\u00e1bellel, valamint 2027.01.28-ig Apple garanci\u00e9val +2\u00e9v szavatoss\u00e1ggal. Gy\u00e1ri akkuja 100%-os.","og_url":"https:\/\/isamurai.hu\/webshop\/termek\/26-apple-ipad-air-6-128-gb-wifi-silver-ujszeru-m2\/","og_site_name":"iSamurai","article_modified_time":"2026-03-27T12:22:48+00:00","og_image":[{"width":2560,"height":2560,"url":"http:\/\/isamurai.hu\/webshop\/wp-content\/uploads\/2026\/02\/IMG_1981-scaled.jpg","type":"image\/jpeg"}],"twitter_card":"summary_large_image","twitter_misc":{"Becs\u00fclt olvas\u00e1si id\u0151":"1 perc"},"schema":{"@context":"https:\/\/schema.org","@graph":[{"@type":"WebPage","@id":"https:\/\/isamurai.hu\/webshop\/termek\/26-apple-ipad-air-6-128-gb-wifi-silver-ujszeru-m2\/","url":"https:\/\/isamurai.hu\/webshop\/termek\/26-apple-ipad-air-6-128-gb-wifi-silver-ujszeru-m2\/","name":"27. Apple iPad Air 7 - 128 GB - Wifi+5G - \u00dajszer\u0171 - M3 - 100% akku - 2029.01 - iSamurai","isPartOf":{"@id":"https:\/\/isamurai.hu\/webshop\/#website"},"primaryImageOfPage":{"@id":"https:\/\/isamurai.hu\/webshop\/termek\/26-apple-ipad-air-6-128-gb-wifi-silver-ujszeru-m2\/#primaryimage"},"image":{"@id":"https:\/\/isamurai.hu\/webshop\/termek\/26-apple-ipad-air-6-128-gb-wifi-silver-ujszeru-m2\/#primaryimage"},"thumbnailUrl":"https:\/\/isamurai.hu\/webshop\/wp-content\/uploads\/2026\/02\/IMG_1981-scaled.jpg","datePublished":"2026-02-08T12:48:59+00:00","dateModified":"2026-03-27T12:22:48+00:00","breadcrumb":{"@id":"https:\/\/isamurai.hu\/webshop\/termek\/26-apple-ipad-air-6-128-gb-wifi-silver-ujszeru-m2\/#breadcrumb"},"inLanguage":"hu","potentialAction":[{"@type":"ReadAction","target":["https:\/\/isamurai.hu\/webshop\/termek\/26-apple-ipad-air-6-128-gb-wifi-silver-ujszeru-m2\/"]}]},{"@type":"ImageObject","inLanguage":"hu","@id":"https:\/\/isamurai.hu\/webshop\/termek\/26-apple-ipad-air-6-128-gb-wifi-silver-ujszeru-m2\/#primaryimage","url":"https:\/\/isamurai.hu\/webshop\/wp-content\/uploads\/2026\/02\/IMG_1981-scaled.jpg","contentUrl":"https:\/\/isamurai.hu\/webshop\/wp-content\/uploads\/2026\/02\/IMG_1981-scaled.jpg","width":2560,"height":2560},{"@type":"BreadcrumbList","@id":"https:\/\/isamurai.hu\/webshop\/termek\/26-apple-ipad-air-6-128-gb-wifi-silver-ujszeru-m2\/#breadcrumb","itemListElement":[{"@type":"ListItem","position":1,"name":"Kezd\u0151lap","item":"https:\/\/isamurai.hu\/webshop\/"},{"@type":"ListItem","position":2,"name":"Ad\u00e1s-v\u00e9tel \u00e9s szerviz","item":"https:\/\/isamurai.hu\/webshop\/"},{"@type":"ListItem","position":3,"name":"27. Apple iPad Air 7 &#8211; 128 GB &#8211; Wifi+5G &#8211; \u00dajszer\u0171 &#8211; M3 &#8211; 100% akku &#8211; 2029.01"}]},{"@type":"WebSite","@id":"https:\/\/isamurai.hu\/webshop\/#website","url":"https:\/\/isamurai.hu\/webshop\/","name":"iSamurai","description":"","potentialAction":[{"@type":"SearchAction","target":{"@type":"EntryPoint","urlTemplate":"https:\/\/isamurai.hu\/webshop\/?s={search_term_string}"},"query-input":"required name=search_term_string"}],"inLanguage":"hu"}]}},"_links":{"self":[{"href":"https:\/\/isamurai.hu\/webshop\/wp-json\/wp\/v2\/product\/22034"}],"collection":[{"href":"https:\/\/isamurai.hu\/webshop\/wp-json\/wp\/v2\/product"}],"about":[{"href":"https:\/\/isamurai.hu\/webshop\/wp-json\/wp\/v2\/types\/product"}],"replies":[{"embeddable":true,"href":"https:\/\/isamurai.hu\/webshop\/wp-json\/wp\/v2\/comments?post=22034"}],"wp:featuredmedia":[{"embeddable":true,"href":"https:\/\/isamurai.hu\/webshop\/wp-json\/wp\/v2\/media\/22276"}],"wp:attachment":[{"href":"https:\/\/isamurai.hu\/webshop\/wp-json\/wp\/v2\/media?parent=22034"}],"curies":[{"name":"wp","href":"https:\/\/api.w.org\/{rel}","templated":true}]}}