{"id":22047,"date":"2026-02-24T15:01:12","date_gmt":"2026-02-24T14:01:12","guid":{"rendered":"https:\/\/isamurai.hu\/webshop\/?post_type=product&#038;p=22047"},"modified":"2026-04-23T14:37:59","modified_gmt":"2026-04-23T13:37:59","slug":"101-apple-iphone-17-256-gb-sage-green-bontatlan-2027-02-11-2ev","status":"publish","type":"product","link":"https:\/\/isamurai.hu\/webshop\/termek\/101-apple-iphone-17-256-gb-sage-green-bontatlan-2027-02-11-2ev\/","title":{"rendered":"101. Apple iPhone 17 &#8211; 256 GB &#8211; Sage Green &#8211; Bontatlan &#8211; 2027.02.11. +2\u00e9v"},"content":{"rendered":"","protected":false},"excerpt":{"rendered":"<p>Elad\u00f3 egy \u00faj, Apple iPhone 17 k\u00e9sz\u00fcl\u00e9k, bontatlan doboz\u00e1ban, 256gb-os t\u00e1rhellyel. A telefon k\u00e1rtyaf\u00fcggetlen, \u00edgy b\u00e1rmely h\u00e1l\u00f3zaton haszn\u00e1lhat\u00f3. Az eszk\u00f6z 2027.02.11+2 \u00e9vig garanci\u00e1lis.<\/p>\n","protected":false},"featured_media":22333,"comment_status":"open","ping_status":"closed","template":"","meta":{"_acf_changed":false},"class_list":{"0":"post-22047","1":"product","2":"type-product","3":"status-publish","4":"has-post-thumbnail","6":"product_cat-iphone-17-17-pro-17-pro-max-air-16-16-plus-16-pro-16-pro-max-16e","8":"first","9":"instock","10":"shipping-taxable","11":"purchasable","12":"product-type-simple"},"acf":[],"yoast_head":"<!-- This site is optimized with the Yoast SEO plugin v23.1 - https:\/\/yoast.com\/wordpress\/plugins\/seo\/ -->\n<title>101. Apple iPhone 17 - 256 GB - Sage Green - Bontatlan - 2027.02.11. +2\u00e9v - iSamurai<\/title>\n<meta name=\"robots\" content=\"index, follow, max-snippet:-1, max-image-preview:large, max-video-preview:-1\" \/>\n<link rel=\"canonical\" href=\"https:\/\/isamurai.hu\/webshop\/termek\/101-apple-iphone-17-256-gb-sage-green-bontatlan-2027-02-11-2ev\/\" \/>\n<meta property=\"og:locale\" content=\"hu_HU\" \/>\n<meta property=\"og:type\" content=\"article\" \/>\n<meta property=\"og:title\" content=\"101. Apple iPhone 17 - 256 GB - Sage Green - Bontatlan - 2027.02.11. +2\u00e9v - iSamurai\" \/>\n<meta property=\"og:description\" content=\"Elad\u00f3 egy \u00faj, Apple iPhone 17 k\u00e9sz\u00fcl\u00e9k, bontatlan doboz\u00e1ban, 256gb-os t\u00e1rhellyel. A telefon k\u00e1rtyaf\u00fcggetlen, \u00edgy b\u00e1rmely h\u00e1l\u00f3zaton haszn\u00e1lhat\u00f3. Az eszk\u00f6z 2027.02.11+2 \u00e9vig garanci\u00e1lis.\" \/>\n<meta property=\"og:url\" content=\"https:\/\/isamurai.hu\/webshop\/termek\/101-apple-iphone-17-256-gb-sage-green-bontatlan-2027-02-11-2ev\/\" \/>\n<meta property=\"og:site_name\" content=\"iSamurai\" \/>\n<meta property=\"article:modified_time\" content=\"2026-04-23T13:37:59+00:00\" \/>\n<meta property=\"og:image\" content=\"http:\/\/isamurai.hu\/webshop\/wp-content\/uploads\/2026\/02\/IMG-18066256_m_jpeg_1_753de843-3c47-4ffa-934d-475641f113f6.jpg-scaled.jpeg\" \/>\n\t<meta property=\"og:image:width\" content=\"2560\" \/>\n\t<meta property=\"og:image:height\" content=\"2560\" \/>\n\t<meta property=\"og:image:type\" content=\"image\/jpeg\" \/>\n<meta name=\"twitter:card\" content=\"summary_large_image\" \/>\n<meta name=\"twitter:label1\" content=\"Becs\u00fclt olvas\u00e1si id\u0151\" \/>\n\t<meta name=\"twitter:data1\" content=\"1 perc\" \/>\n<script type=\"application\/ld+json\" class=\"yoast-schema-graph\">{\"@context\":\"https:\/\/schema.org\",\"@graph\":[{\"@type\":\"WebPage\",\"@id\":\"https:\/\/isamurai.hu\/webshop\/termek\/101-apple-iphone-17-256-gb-sage-green-bontatlan-2027-02-11-2ev\/\",\"url\":\"https:\/\/isamurai.hu\/webshop\/termek\/101-apple-iphone-17-256-gb-sage-green-bontatlan-2027-02-11-2ev\/\",\"name\":\"101. Apple iPhone 17 - 256 GB - Sage Green - Bontatlan - 2027.02.11. +2\u00e9v - iSamurai\",\"isPartOf\":{\"@id\":\"https:\/\/isamurai.hu\/webshop\/#website\"},\"primaryImageOfPage\":{\"@id\":\"https:\/\/isamurai.hu\/webshop\/termek\/101-apple-iphone-17-256-gb-sage-green-bontatlan-2027-02-11-2ev\/#primaryimage\"},\"image\":{\"@id\":\"https:\/\/isamurai.hu\/webshop\/termek\/101-apple-iphone-17-256-gb-sage-green-bontatlan-2027-02-11-2ev\/#primaryimage\"},\"thumbnailUrl\":\"https:\/\/isamurai.hu\/webshop\/wp-content\/uploads\/2026\/02\/IMG-18066256_m_jpeg_1_753de843-3c47-4ffa-934d-475641f113f6.jpg-scaled.jpeg\",\"datePublished\":\"2026-02-24T14:01:12+00:00\",\"dateModified\":\"2026-04-23T13:37:59+00:00\",\"breadcrumb\":{\"@id\":\"https:\/\/isamurai.hu\/webshop\/termek\/101-apple-iphone-17-256-gb-sage-green-bontatlan-2027-02-11-2ev\/#breadcrumb\"},\"inLanguage\":\"hu\",\"potentialAction\":[{\"@type\":\"ReadAction\",\"target\":[\"https:\/\/isamurai.hu\/webshop\/termek\/101-apple-iphone-17-256-gb-sage-green-bontatlan-2027-02-11-2ev\/\"]}]},{\"@type\":\"ImageObject\",\"inLanguage\":\"hu\",\"@id\":\"https:\/\/isamurai.hu\/webshop\/termek\/101-apple-iphone-17-256-gb-sage-green-bontatlan-2027-02-11-2ev\/#primaryimage\",\"url\":\"https:\/\/isamurai.hu\/webshop\/wp-content\/uploads\/2026\/02\/IMG-18066256_m_jpeg_1_753de843-3c47-4ffa-934d-475641f113f6.jpg-scaled.jpeg\",\"contentUrl\":\"https:\/\/isamurai.hu\/webshop\/wp-content\/uploads\/2026\/02\/IMG-18066256_m_jpeg_1_753de843-3c47-4ffa-934d-475641f113f6.jpg-scaled.jpeg\",\"width\":2560,\"height\":2560},{\"@type\":\"BreadcrumbList\",\"@id\":\"https:\/\/isamurai.hu\/webshop\/termek\/101-apple-iphone-17-256-gb-sage-green-bontatlan-2027-02-11-2ev\/#breadcrumb\",\"itemListElement\":[{\"@type\":\"ListItem\",\"position\":1,\"name\":\"Kezd\u0151lap\",\"item\":\"https:\/\/isamurai.hu\/webshop\/\"},{\"@type\":\"ListItem\",\"position\":2,\"name\":\"Ad\u00e1s-v\u00e9tel \u00e9s szerviz\",\"item\":\"https:\/\/isamurai.hu\/webshop\/\"},{\"@type\":\"ListItem\",\"position\":3,\"name\":\"101. Apple iPhone 17 &#8211; 256 GB &#8211; Sage Green &#8211; Bontatlan &#8211; 2027.02.11. +2\u00e9v\"}]},{\"@type\":\"WebSite\",\"@id\":\"https:\/\/isamurai.hu\/webshop\/#website\",\"url\":\"https:\/\/isamurai.hu\/webshop\/\",\"name\":\"iSamurai\",\"description\":\"\",\"potentialAction\":[{\"@type\":\"SearchAction\",\"target\":{\"@type\":\"EntryPoint\",\"urlTemplate\":\"https:\/\/isamurai.hu\/webshop\/?s={search_term_string}\"},\"query-input\":\"required name=search_term_string\"}],\"inLanguage\":\"hu\"}]}<\/script>\n<!-- \/ Yoast SEO plugin. -->","yoast_head_json":{"title":"101. Apple iPhone 17 - 256 GB - Sage Green - Bontatlan - 2027.02.11. +2\u00e9v - iSamurai","robots":{"index":"index","follow":"follow","max-snippet":"max-snippet:-1","max-image-preview":"max-image-preview:large","max-video-preview":"max-video-preview:-1"},"canonical":"https:\/\/isamurai.hu\/webshop\/termek\/101-apple-iphone-17-256-gb-sage-green-bontatlan-2027-02-11-2ev\/","og_locale":"hu_HU","og_type":"article","og_title":"101. Apple iPhone 17 - 256 GB - Sage Green - Bontatlan - 2027.02.11. +2\u00e9v - iSamurai","og_description":"Elad\u00f3 egy \u00faj, Apple iPhone 17 k\u00e9sz\u00fcl\u00e9k, bontatlan doboz\u00e1ban, 256gb-os t\u00e1rhellyel. A telefon k\u00e1rtyaf\u00fcggetlen, \u00edgy b\u00e1rmely h\u00e1l\u00f3zaton haszn\u00e1lhat\u00f3. Az eszk\u00f6z 2027.02.11+2 \u00e9vig garanci\u00e1lis.","og_url":"https:\/\/isamurai.hu\/webshop\/termek\/101-apple-iphone-17-256-gb-sage-green-bontatlan-2027-02-11-2ev\/","og_site_name":"iSamurai","article_modified_time":"2026-04-23T13:37:59+00:00","og_image":[{"width":2560,"height":2560,"url":"http:\/\/isamurai.hu\/webshop\/wp-content\/uploads\/2026\/02\/IMG-18066256_m_jpeg_1_753de843-3c47-4ffa-934d-475641f113f6.jpg-scaled.jpeg","type":"image\/jpeg"}],"twitter_card":"summary_large_image","twitter_misc":{"Becs\u00fclt olvas\u00e1si id\u0151":"1 perc"},"schema":{"@context":"https:\/\/schema.org","@graph":[{"@type":"WebPage","@id":"https:\/\/isamurai.hu\/webshop\/termek\/101-apple-iphone-17-256-gb-sage-green-bontatlan-2027-02-11-2ev\/","url":"https:\/\/isamurai.hu\/webshop\/termek\/101-apple-iphone-17-256-gb-sage-green-bontatlan-2027-02-11-2ev\/","name":"101. Apple iPhone 17 - 256 GB - Sage Green - Bontatlan - 2027.02.11. +2\u00e9v - iSamurai","isPartOf":{"@id":"https:\/\/isamurai.hu\/webshop\/#website"},"primaryImageOfPage":{"@id":"https:\/\/isamurai.hu\/webshop\/termek\/101-apple-iphone-17-256-gb-sage-green-bontatlan-2027-02-11-2ev\/#primaryimage"},"image":{"@id":"https:\/\/isamurai.hu\/webshop\/termek\/101-apple-iphone-17-256-gb-sage-green-bontatlan-2027-02-11-2ev\/#primaryimage"},"thumbnailUrl":"https:\/\/isamurai.hu\/webshop\/wp-content\/uploads\/2026\/02\/IMG-18066256_m_jpeg_1_753de843-3c47-4ffa-934d-475641f113f6.jpg-scaled.jpeg","datePublished":"2026-02-24T14:01:12+00:00","dateModified":"2026-04-23T13:37:59+00:00","breadcrumb":{"@id":"https:\/\/isamurai.hu\/webshop\/termek\/101-apple-iphone-17-256-gb-sage-green-bontatlan-2027-02-11-2ev\/#breadcrumb"},"inLanguage":"hu","potentialAction":[{"@type":"ReadAction","target":["https:\/\/isamurai.hu\/webshop\/termek\/101-apple-iphone-17-256-gb-sage-green-bontatlan-2027-02-11-2ev\/"]}]},{"@type":"ImageObject","inLanguage":"hu","@id":"https:\/\/isamurai.hu\/webshop\/termek\/101-apple-iphone-17-256-gb-sage-green-bontatlan-2027-02-11-2ev\/#primaryimage","url":"https:\/\/isamurai.hu\/webshop\/wp-content\/uploads\/2026\/02\/IMG-18066256_m_jpeg_1_753de843-3c47-4ffa-934d-475641f113f6.jpg-scaled.jpeg","contentUrl":"https:\/\/isamurai.hu\/webshop\/wp-content\/uploads\/2026\/02\/IMG-18066256_m_jpeg_1_753de843-3c47-4ffa-934d-475641f113f6.jpg-scaled.jpeg","width":2560,"height":2560},{"@type":"BreadcrumbList","@id":"https:\/\/isamurai.hu\/webshop\/termek\/101-apple-iphone-17-256-gb-sage-green-bontatlan-2027-02-11-2ev\/#breadcrumb","itemListElement":[{"@type":"ListItem","position":1,"name":"Kezd\u0151lap","item":"https:\/\/isamurai.hu\/webshop\/"},{"@type":"ListItem","position":2,"name":"Ad\u00e1s-v\u00e9tel \u00e9s szerviz","item":"https:\/\/isamurai.hu\/webshop\/"},{"@type":"ListItem","position":3,"name":"101. Apple iPhone 17 &#8211; 256 GB &#8211; Sage Green &#8211; Bontatlan &#8211; 2027.02.11. +2\u00e9v"}]},{"@type":"WebSite","@id":"https:\/\/isamurai.hu\/webshop\/#website","url":"https:\/\/isamurai.hu\/webshop\/","name":"iSamurai","description":"","potentialAction":[{"@type":"SearchAction","target":{"@type":"EntryPoint","urlTemplate":"https:\/\/isamurai.hu\/webshop\/?s={search_term_string}"},"query-input":"required name=search_term_string"}],"inLanguage":"hu"}]}},"_links":{"self":[{"href":"https:\/\/isamurai.hu\/webshop\/wp-json\/wp\/v2\/product\/22047"}],"collection":[{"href":"https:\/\/isamurai.hu\/webshop\/wp-json\/wp\/v2\/product"}],"about":[{"href":"https:\/\/isamurai.hu\/webshop\/wp-json\/wp\/v2\/types\/product"}],"replies":[{"embeddable":true,"href":"https:\/\/isamurai.hu\/webshop\/wp-json\/wp\/v2\/comments?post=22047"}],"wp:featuredmedia":[{"embeddable":true,"href":"https:\/\/isamurai.hu\/webshop\/wp-json\/wp\/v2\/media\/22333"}],"wp:attachment":[{"href":"https:\/\/isamurai.hu\/webshop\/wp-json\/wp\/v2\/media?parent=22047"}],"curies":[{"name":"wp","href":"https:\/\/api.w.org\/{rel}","templated":true}]}}