{"id":22120,"date":"2026-03-03T15:23:28","date_gmt":"2026-03-03T14:23:28","guid":{"rendered":"https:\/\/isamurai.hu\/webshop\/?post_type=product&#038;p=22120"},"modified":"2026-03-07T12:31:30","modified_gmt":"2026-03-07T11:31:30","slug":"77-apple-iphone-12-pro-256-gb-fekete-100-akku","status":"publish","type":"product","link":"https:\/\/isamurai.hu\/webshop\/termek\/77-apple-iphone-12-pro-256-gb-fekete-100-akku\/","title":{"rendered":"77.Apple iPhone 12 Pro-256 GB-fekete-100% akku"},"content":{"rendered":"","protected":false},"excerpt":{"rendered":"<p>Elad\u00f3 egy \u00fajszer\u0171 \u00e1llapot\u00fa Apple iPhone 12 Pro k\u00e9sz\u00fcl\u00e9k. Fekete sz\u00ednben, 256 GB bels\u0151 t\u00e1rhellyel. T\u00f6lt\u0151k\u00e1bellel, valamint 3 h\u00f3nap isamurai garanci\u00e1val. A k\u00e9sz\u00fcl\u00e9k k\u00e1rtyaf\u00fcggetlen, b\u00e1rmilyen h\u00e1l\u00f3zaton haszn\u00e1lhat\u00f3. Akkuja 100%-os.<\/p>\n","protected":false},"featured_media":22122,"comment_status":"open","ping_status":"closed","template":"","meta":{"_acf_changed":false},"class_list":{"0":"post-22120","1":"product","2":"type-product","3":"status-publish","4":"has-post-thumbnail","6":"product_cat-iphone-12-iphone-12-pro-iphone-12-pro-max-iphone-12-mini","8":"first","9":"instock","10":"shipping-taxable","11":"purchasable","12":"product-type-simple"},"acf":[],"yoast_head":"<!-- This site is optimized with the Yoast SEO plugin v23.1 - https:\/\/yoast.com\/wordpress\/plugins\/seo\/ -->\n<title>77.Apple iPhone 12 Pro-256 GB-fekete-100% akku - iSamurai<\/title>\n<meta name=\"robots\" content=\"index, follow, max-snippet:-1, max-image-preview:large, max-video-preview:-1\" \/>\n<link rel=\"canonical\" href=\"https:\/\/isamurai.hu\/webshop\/termek\/77-apple-iphone-12-pro-256-gb-fekete-100-akku\/\" \/>\n<meta property=\"og:locale\" content=\"hu_HU\" \/>\n<meta property=\"og:type\" content=\"article\" \/>\n<meta property=\"og:title\" content=\"77.Apple iPhone 12 Pro-256 GB-fekete-100% akku - iSamurai\" \/>\n<meta property=\"og:description\" content=\"Elad\u00f3 egy \u00fajszer\u0171 \u00e1llapot\u00fa Apple iPhone 12 Pro k\u00e9sz\u00fcl\u00e9k. Fekete sz\u00ednben, 256 GB bels\u0151 t\u00e1rhellyel. T\u00f6lt\u0151k\u00e1bellel, valamint 3 h\u00f3nap isamurai garanci\u00e1val. A k\u00e9sz\u00fcl\u00e9k k\u00e1rtyaf\u00fcggetlen, b\u00e1rmilyen h\u00e1l\u00f3zaton haszn\u00e1lhat\u00f3. Akkuja 100%-os.\" \/>\n<meta property=\"og:url\" content=\"https:\/\/isamurai.hu\/webshop\/termek\/77-apple-iphone-12-pro-256-gb-fekete-100-akku\/\" \/>\n<meta property=\"og:site_name\" content=\"iSamurai\" \/>\n<meta property=\"article:modified_time\" content=\"2026-03-07T11:31:30+00:00\" \/>\n<meta name=\"twitter:card\" content=\"summary_large_image\" \/>\n<script type=\"application\/ld+json\" class=\"yoast-schema-graph\">{\"@context\":\"https:\/\/schema.org\",\"@graph\":[{\"@type\":\"WebPage\",\"@id\":\"https:\/\/isamurai.hu\/webshop\/termek\/77-apple-iphone-12-pro-256-gb-fekete-100-akku\/\",\"url\":\"https:\/\/isamurai.hu\/webshop\/termek\/77-apple-iphone-12-pro-256-gb-fekete-100-akku\/\",\"name\":\"77.Apple iPhone 12 Pro-256 GB-fekete-100% akku - iSamurai\",\"isPartOf\":{\"@id\":\"https:\/\/isamurai.hu\/webshop\/#website\"},\"primaryImageOfPage\":{\"@id\":\"https:\/\/isamurai.hu\/webshop\/termek\/77-apple-iphone-12-pro-256-gb-fekete-100-akku\/#primaryimage\"},\"image\":{\"@id\":\"https:\/\/isamurai.hu\/webshop\/termek\/77-apple-iphone-12-pro-256-gb-fekete-100-akku\/#primaryimage\"},\"thumbnailUrl\":\"https:\/\/isamurai.hu\/webshop\/wp-content\/uploads\/2026\/03\/IMG_9010.heic\",\"datePublished\":\"2026-03-03T14:23:28+00:00\",\"dateModified\":\"2026-03-07T11:31:30+00:00\",\"breadcrumb\":{\"@id\":\"https:\/\/isamurai.hu\/webshop\/termek\/77-apple-iphone-12-pro-256-gb-fekete-100-akku\/#breadcrumb\"},\"inLanguage\":\"hu\",\"potentialAction\":[{\"@type\":\"ReadAction\",\"target\":[\"https:\/\/isamurai.hu\/webshop\/termek\/77-apple-iphone-12-pro-256-gb-fekete-100-akku\/\"]}]},{\"@type\":\"ImageObject\",\"inLanguage\":\"hu\",\"@id\":\"https:\/\/isamurai.hu\/webshop\/termek\/77-apple-iphone-12-pro-256-gb-fekete-100-akku\/#primaryimage\",\"url\":\"https:\/\/isamurai.hu\/webshop\/wp-content\/uploads\/2026\/03\/IMG_9010.heic\",\"contentUrl\":\"https:\/\/isamurai.hu\/webshop\/wp-content\/uploads\/2026\/03\/IMG_9010.heic\"},{\"@type\":\"BreadcrumbList\",\"@id\":\"https:\/\/isamurai.hu\/webshop\/termek\/77-apple-iphone-12-pro-256-gb-fekete-100-akku\/#breadcrumb\",\"itemListElement\":[{\"@type\":\"ListItem\",\"position\":1,\"name\":\"Kezd\u0151lap\",\"item\":\"https:\/\/isamurai.hu\/webshop\/\"},{\"@type\":\"ListItem\",\"position\":2,\"name\":\"Ad\u00e1s-v\u00e9tel \u00e9s szerviz\",\"item\":\"https:\/\/isamurai.hu\/webshop\/\"},{\"@type\":\"ListItem\",\"position\":3,\"name\":\"77.Apple iPhone 12 Pro-256 GB-fekete-100% akku\"}]},{\"@type\":\"WebSite\",\"@id\":\"https:\/\/isamurai.hu\/webshop\/#website\",\"url\":\"https:\/\/isamurai.hu\/webshop\/\",\"name\":\"iSamurai\",\"description\":\"\",\"potentialAction\":[{\"@type\":\"SearchAction\",\"target\":{\"@type\":\"EntryPoint\",\"urlTemplate\":\"https:\/\/isamurai.hu\/webshop\/?s={search_term_string}\"},\"query-input\":\"required name=search_term_string\"}],\"inLanguage\":\"hu\"}]}<\/script>\n<!-- \/ Yoast SEO plugin. -->","yoast_head_json":{"title":"77.Apple iPhone 12 Pro-256 GB-fekete-100% akku - iSamurai","robots":{"index":"index","follow":"follow","max-snippet":"max-snippet:-1","max-image-preview":"max-image-preview:large","max-video-preview":"max-video-preview:-1"},"canonical":"https:\/\/isamurai.hu\/webshop\/termek\/77-apple-iphone-12-pro-256-gb-fekete-100-akku\/","og_locale":"hu_HU","og_type":"article","og_title":"77.Apple iPhone 12 Pro-256 GB-fekete-100% akku - iSamurai","og_description":"Elad\u00f3 egy \u00fajszer\u0171 \u00e1llapot\u00fa Apple iPhone 12 Pro k\u00e9sz\u00fcl\u00e9k. Fekete sz\u00ednben, 256 GB bels\u0151 t\u00e1rhellyel. T\u00f6lt\u0151k\u00e1bellel, valamint 3 h\u00f3nap isamurai garanci\u00e1val. A k\u00e9sz\u00fcl\u00e9k k\u00e1rtyaf\u00fcggetlen, b\u00e1rmilyen h\u00e1l\u00f3zaton haszn\u00e1lhat\u00f3. Akkuja 100%-os.","og_url":"https:\/\/isamurai.hu\/webshop\/termek\/77-apple-iphone-12-pro-256-gb-fekete-100-akku\/","og_site_name":"iSamurai","article_modified_time":"2026-03-07T11:31:30+00:00","twitter_card":"summary_large_image","schema":{"@context":"https:\/\/schema.org","@graph":[{"@type":"WebPage","@id":"https:\/\/isamurai.hu\/webshop\/termek\/77-apple-iphone-12-pro-256-gb-fekete-100-akku\/","url":"https:\/\/isamurai.hu\/webshop\/termek\/77-apple-iphone-12-pro-256-gb-fekete-100-akku\/","name":"77.Apple iPhone 12 Pro-256 GB-fekete-100% akku - iSamurai","isPartOf":{"@id":"https:\/\/isamurai.hu\/webshop\/#website"},"primaryImageOfPage":{"@id":"https:\/\/isamurai.hu\/webshop\/termek\/77-apple-iphone-12-pro-256-gb-fekete-100-akku\/#primaryimage"},"image":{"@id":"https:\/\/isamurai.hu\/webshop\/termek\/77-apple-iphone-12-pro-256-gb-fekete-100-akku\/#primaryimage"},"thumbnailUrl":"https:\/\/isamurai.hu\/webshop\/wp-content\/uploads\/2026\/03\/IMG_9010.heic","datePublished":"2026-03-03T14:23:28+00:00","dateModified":"2026-03-07T11:31:30+00:00","breadcrumb":{"@id":"https:\/\/isamurai.hu\/webshop\/termek\/77-apple-iphone-12-pro-256-gb-fekete-100-akku\/#breadcrumb"},"inLanguage":"hu","potentialAction":[{"@type":"ReadAction","target":["https:\/\/isamurai.hu\/webshop\/termek\/77-apple-iphone-12-pro-256-gb-fekete-100-akku\/"]}]},{"@type":"ImageObject","inLanguage":"hu","@id":"https:\/\/isamurai.hu\/webshop\/termek\/77-apple-iphone-12-pro-256-gb-fekete-100-akku\/#primaryimage","url":"https:\/\/isamurai.hu\/webshop\/wp-content\/uploads\/2026\/03\/IMG_9010.heic","contentUrl":"https:\/\/isamurai.hu\/webshop\/wp-content\/uploads\/2026\/03\/IMG_9010.heic"},{"@type":"BreadcrumbList","@id":"https:\/\/isamurai.hu\/webshop\/termek\/77-apple-iphone-12-pro-256-gb-fekete-100-akku\/#breadcrumb","itemListElement":[{"@type":"ListItem","position":1,"name":"Kezd\u0151lap","item":"https:\/\/isamurai.hu\/webshop\/"},{"@type":"ListItem","position":2,"name":"Ad\u00e1s-v\u00e9tel \u00e9s szerviz","item":"https:\/\/isamurai.hu\/webshop\/"},{"@type":"ListItem","position":3,"name":"77.Apple iPhone 12 Pro-256 GB-fekete-100% akku"}]},{"@type":"WebSite","@id":"https:\/\/isamurai.hu\/webshop\/#website","url":"https:\/\/isamurai.hu\/webshop\/","name":"iSamurai","description":"","potentialAction":[{"@type":"SearchAction","target":{"@type":"EntryPoint","urlTemplate":"https:\/\/isamurai.hu\/webshop\/?s={search_term_string}"},"query-input":"required name=search_term_string"}],"inLanguage":"hu"}]}},"_links":{"self":[{"href":"https:\/\/isamurai.hu\/webshop\/wp-json\/wp\/v2\/product\/22120"}],"collection":[{"href":"https:\/\/isamurai.hu\/webshop\/wp-json\/wp\/v2\/product"}],"about":[{"href":"https:\/\/isamurai.hu\/webshop\/wp-json\/wp\/v2\/types\/product"}],"replies":[{"embeddable":true,"href":"https:\/\/isamurai.hu\/webshop\/wp-json\/wp\/v2\/comments?post=22120"}],"wp:featuredmedia":[{"embeddable":true,"href":"https:\/\/isamurai.hu\/webshop\/wp-json\/wp\/v2\/media\/22122"}],"wp:attachment":[{"href":"https:\/\/isamurai.hu\/webshop\/wp-json\/wp\/v2\/media?parent=22120"}],"curies":[{"name":"wp","href":"https:\/\/api.w.org\/{rel}","templated":true}]}}