{"id":22137,"date":"2026-03-03T16:59:19","date_gmt":"2026-03-03T15:59:19","guid":{"rendered":"https:\/\/isamurai.hu\/webshop\/?post_type=product&#038;p=22137"},"modified":"2026-03-19T19:37:18","modified_gmt":"2026-03-19T18:37:18","slug":"7-apple-iphone-14-pro-128-gb-fekete","status":"publish","type":"product","link":"https:\/\/isamurai.hu\/webshop\/termek\/7-apple-iphone-14-pro-128-gb-fekete\/","title":{"rendered":"7.Apple iPhone 14 Pro-128 GB-fekete"},"content":{"rendered":"","protected":false},"excerpt":{"rendered":"<p>Elad\u00f3 egy \u00fajszer\u0171 \u00e1llapot\u00fa Apple iPhone 14 Pro k\u00e9sz\u00fcl\u00e9k. Fekete sz\u00ednben, 128 GB bels\u0151 t\u00e1rhellyel. Teljes doboz\u00e1val, valamint 3 h\u00f3nap isamurai garanci\u00e1val. A k\u00e9sz\u00fcl\u00e9k k\u00e1rtyaf\u00fcggetlen, b\u00e1rmilyen h\u00e1l\u00f3zaton haszn\u00e1lhat\u00f3. Akkuja 87%-os.<\/p>\n","protected":false},"featured_media":22138,"comment_status":"open","ping_status":"closed","template":"","meta":{"_acf_changed":false},"class_list":{"0":"post-22137","1":"product","2":"type-product","3":"status-publish","4":"has-post-thumbnail","6":"product_cat-iphone-15-15-plus-15-pro-15-pro-max-14-14-plus-14-pro-14-pro-max","8":"first","9":"instock","10":"sale","11":"shipping-taxable","12":"purchasable","13":"product-type-simple"},"acf":[],"yoast_head":"<!-- This site is optimized with the Yoast SEO plugin v23.1 - https:\/\/yoast.com\/wordpress\/plugins\/seo\/ -->\n<title>7.Apple iPhone 14 Pro-128 GB-fekete - iSamurai<\/title>\n<meta name=\"robots\" content=\"index, follow, max-snippet:-1, max-image-preview:large, max-video-preview:-1\" \/>\n<link rel=\"canonical\" href=\"https:\/\/isamurai.hu\/webshop\/termek\/7-apple-iphone-14-pro-128-gb-fekete\/\" \/>\n<meta property=\"og:locale\" content=\"hu_HU\" \/>\n<meta property=\"og:type\" content=\"article\" \/>\n<meta property=\"og:title\" content=\"7.Apple iPhone 14 Pro-128 GB-fekete - iSamurai\" \/>\n<meta property=\"og:description\" content=\"Elad\u00f3 egy \u00fajszer\u0171 \u00e1llapot\u00fa Apple iPhone 14 Pro k\u00e9sz\u00fcl\u00e9k. Fekete sz\u00ednben, 128 GB bels\u0151 t\u00e1rhellyel. Teljes doboz\u00e1val, valamint 3 h\u00f3nap isamurai garanci\u00e1val. A k\u00e9sz\u00fcl\u00e9k k\u00e1rtyaf\u00fcggetlen, b\u00e1rmilyen h\u00e1l\u00f3zaton haszn\u00e1lhat\u00f3. Akkuja 87%-os.\" \/>\n<meta property=\"og:url\" content=\"https:\/\/isamurai.hu\/webshop\/termek\/7-apple-iphone-14-pro-128-gb-fekete\/\" \/>\n<meta property=\"og:site_name\" content=\"iSamurai\" \/>\n<meta property=\"article:modified_time\" content=\"2026-03-19T18:37:18+00:00\" \/>\n<meta name=\"twitter:card\" content=\"summary_large_image\" \/>\n<meta name=\"twitter:label1\" content=\"Becs\u00fclt olvas\u00e1si id\u0151\" \/>\n\t<meta name=\"twitter:data1\" content=\"1 perc\" \/>\n<script type=\"application\/ld+json\" class=\"yoast-schema-graph\">{\"@context\":\"https:\/\/schema.org\",\"@graph\":[{\"@type\":\"WebPage\",\"@id\":\"https:\/\/isamurai.hu\/webshop\/termek\/7-apple-iphone-14-pro-128-gb-fekete\/\",\"url\":\"https:\/\/isamurai.hu\/webshop\/termek\/7-apple-iphone-14-pro-128-gb-fekete\/\",\"name\":\"7.Apple iPhone 14 Pro-128 GB-fekete - iSamurai\",\"isPartOf\":{\"@id\":\"https:\/\/isamurai.hu\/webshop\/#website\"},\"primaryImageOfPage\":{\"@id\":\"https:\/\/isamurai.hu\/webshop\/termek\/7-apple-iphone-14-pro-128-gb-fekete\/#primaryimage\"},\"image\":{\"@id\":\"https:\/\/isamurai.hu\/webshop\/termek\/7-apple-iphone-14-pro-128-gb-fekete\/#primaryimage\"},\"thumbnailUrl\":\"https:\/\/isamurai.hu\/webshop\/wp-content\/uploads\/2026\/03\/IMG_9020-scaled.jpg\",\"datePublished\":\"2026-03-03T15:59:19+00:00\",\"dateModified\":\"2026-03-19T18:37:18+00:00\",\"breadcrumb\":{\"@id\":\"https:\/\/isamurai.hu\/webshop\/termek\/7-apple-iphone-14-pro-128-gb-fekete\/#breadcrumb\"},\"inLanguage\":\"hu\",\"potentialAction\":[{\"@type\":\"ReadAction\",\"target\":[\"https:\/\/isamurai.hu\/webshop\/termek\/7-apple-iphone-14-pro-128-gb-fekete\/\"]}]},{\"@type\":\"ImageObject\",\"inLanguage\":\"hu\",\"@id\":\"https:\/\/isamurai.hu\/webshop\/termek\/7-apple-iphone-14-pro-128-gb-fekete\/#primaryimage\",\"url\":\"https:\/\/isamurai.hu\/webshop\/wp-content\/uploads\/2026\/03\/IMG_9020-scaled.jpg\",\"contentUrl\":\"https:\/\/isamurai.hu\/webshop\/wp-content\/uploads\/2026\/03\/IMG_9020-scaled.jpg\",\"width\":1920,\"height\":2560},{\"@type\":\"BreadcrumbList\",\"@id\":\"https:\/\/isamurai.hu\/webshop\/termek\/7-apple-iphone-14-pro-128-gb-fekete\/#breadcrumb\",\"itemListElement\":[{\"@type\":\"ListItem\",\"position\":1,\"name\":\"Kezd\u0151lap\",\"item\":\"https:\/\/isamurai.hu\/webshop\/\"},{\"@type\":\"ListItem\",\"position\":2,\"name\":\"Ad\u00e1s-v\u00e9tel \u00e9s szerviz\",\"item\":\"https:\/\/isamurai.hu\/webshop\/\"},{\"@type\":\"ListItem\",\"position\":3,\"name\":\"7.Apple iPhone 14 Pro-128 GB-fekete\"}]},{\"@type\":\"WebSite\",\"@id\":\"https:\/\/isamurai.hu\/webshop\/#website\",\"url\":\"https:\/\/isamurai.hu\/webshop\/\",\"name\":\"iSamurai\",\"description\":\"\",\"potentialAction\":[{\"@type\":\"SearchAction\",\"target\":{\"@type\":\"EntryPoint\",\"urlTemplate\":\"https:\/\/isamurai.hu\/webshop\/?s={search_term_string}\"},\"query-input\":\"required name=search_term_string\"}],\"inLanguage\":\"hu\"}]}<\/script>\n<!-- \/ Yoast SEO plugin. -->","yoast_head_json":{"title":"7.Apple iPhone 14 Pro-128 GB-fekete - iSamurai","robots":{"index":"index","follow":"follow","max-snippet":"max-snippet:-1","max-image-preview":"max-image-preview:large","max-video-preview":"max-video-preview:-1"},"canonical":"https:\/\/isamurai.hu\/webshop\/termek\/7-apple-iphone-14-pro-128-gb-fekete\/","og_locale":"hu_HU","og_type":"article","og_title":"7.Apple iPhone 14 Pro-128 GB-fekete - iSamurai","og_description":"Elad\u00f3 egy \u00fajszer\u0171 \u00e1llapot\u00fa Apple iPhone 14 Pro k\u00e9sz\u00fcl\u00e9k. Fekete sz\u00ednben, 128 GB bels\u0151 t\u00e1rhellyel. Teljes doboz\u00e1val, valamint 3 h\u00f3nap isamurai garanci\u00e1val. A k\u00e9sz\u00fcl\u00e9k k\u00e1rtyaf\u00fcggetlen, b\u00e1rmilyen h\u00e1l\u00f3zaton haszn\u00e1lhat\u00f3. Akkuja 87%-os.","og_url":"https:\/\/isamurai.hu\/webshop\/termek\/7-apple-iphone-14-pro-128-gb-fekete\/","og_site_name":"iSamurai","article_modified_time":"2026-03-19T18:37:18+00:00","twitter_card":"summary_large_image","twitter_misc":{"Becs\u00fclt olvas\u00e1si id\u0151":"1 perc"},"schema":{"@context":"https:\/\/schema.org","@graph":[{"@type":"WebPage","@id":"https:\/\/isamurai.hu\/webshop\/termek\/7-apple-iphone-14-pro-128-gb-fekete\/","url":"https:\/\/isamurai.hu\/webshop\/termek\/7-apple-iphone-14-pro-128-gb-fekete\/","name":"7.Apple iPhone 14 Pro-128 GB-fekete - iSamurai","isPartOf":{"@id":"https:\/\/isamurai.hu\/webshop\/#website"},"primaryImageOfPage":{"@id":"https:\/\/isamurai.hu\/webshop\/termek\/7-apple-iphone-14-pro-128-gb-fekete\/#primaryimage"},"image":{"@id":"https:\/\/isamurai.hu\/webshop\/termek\/7-apple-iphone-14-pro-128-gb-fekete\/#primaryimage"},"thumbnailUrl":"https:\/\/isamurai.hu\/webshop\/wp-content\/uploads\/2026\/03\/IMG_9020-scaled.jpg","datePublished":"2026-03-03T15:59:19+00:00","dateModified":"2026-03-19T18:37:18+00:00","breadcrumb":{"@id":"https:\/\/isamurai.hu\/webshop\/termek\/7-apple-iphone-14-pro-128-gb-fekete\/#breadcrumb"},"inLanguage":"hu","potentialAction":[{"@type":"ReadAction","target":["https:\/\/isamurai.hu\/webshop\/termek\/7-apple-iphone-14-pro-128-gb-fekete\/"]}]},{"@type":"ImageObject","inLanguage":"hu","@id":"https:\/\/isamurai.hu\/webshop\/termek\/7-apple-iphone-14-pro-128-gb-fekete\/#primaryimage","url":"https:\/\/isamurai.hu\/webshop\/wp-content\/uploads\/2026\/03\/IMG_9020-scaled.jpg","contentUrl":"https:\/\/isamurai.hu\/webshop\/wp-content\/uploads\/2026\/03\/IMG_9020-scaled.jpg","width":1920,"height":2560},{"@type":"BreadcrumbList","@id":"https:\/\/isamurai.hu\/webshop\/termek\/7-apple-iphone-14-pro-128-gb-fekete\/#breadcrumb","itemListElement":[{"@type":"ListItem","position":1,"name":"Kezd\u0151lap","item":"https:\/\/isamurai.hu\/webshop\/"},{"@type":"ListItem","position":2,"name":"Ad\u00e1s-v\u00e9tel \u00e9s szerviz","item":"https:\/\/isamurai.hu\/webshop\/"},{"@type":"ListItem","position":3,"name":"7.Apple iPhone 14 Pro-128 GB-fekete"}]},{"@type":"WebSite","@id":"https:\/\/isamurai.hu\/webshop\/#website","url":"https:\/\/isamurai.hu\/webshop\/","name":"iSamurai","description":"","potentialAction":[{"@type":"SearchAction","target":{"@type":"EntryPoint","urlTemplate":"https:\/\/isamurai.hu\/webshop\/?s={search_term_string}"},"query-input":"required name=search_term_string"}],"inLanguage":"hu"}]}},"_links":{"self":[{"href":"https:\/\/isamurai.hu\/webshop\/wp-json\/wp\/v2\/product\/22137"}],"collection":[{"href":"https:\/\/isamurai.hu\/webshop\/wp-json\/wp\/v2\/product"}],"about":[{"href":"https:\/\/isamurai.hu\/webshop\/wp-json\/wp\/v2\/types\/product"}],"replies":[{"embeddable":true,"href":"https:\/\/isamurai.hu\/webshop\/wp-json\/wp\/v2\/comments?post=22137"}],"wp:featuredmedia":[{"embeddable":true,"href":"https:\/\/isamurai.hu\/webshop\/wp-json\/wp\/v2\/media\/22138"}],"wp:attachment":[{"href":"https:\/\/isamurai.hu\/webshop\/wp-json\/wp\/v2\/media?parent=22137"}],"curies":[{"name":"wp","href":"https:\/\/api.w.org\/{rel}","templated":true}]}}