{"id":22169,"date":"2026-03-03T18:44:01","date_gmt":"2026-03-03T17:44:01","guid":{"rendered":"https:\/\/isamurai.hu\/webshop\/?post_type=product&#038;p=22169"},"modified":"2026-03-07T12:28:25","modified_gmt":"2026-03-07T11:28:25","slug":"39-apple-macbook-air-2018-8-gb-128-ssd-81-akku","status":"publish","type":"product","link":"https:\/\/isamurai.hu\/webshop\/termek\/39-apple-macbook-air-2018-8-gb-128-ssd-81-akku\/","title":{"rendered":"39.Apple MacBook Air-2018-8 GB-128 SSD-81% akku"},"content":{"rendered":"","protected":false},"excerpt":{"rendered":"<p>Elad\u00f3 egy haszn\u00e1lt Apple MacBook AIR 2018-as modell, Intel i5 -\u00f6s processzorral, amerikai kioszt\u00e1s\u00fa billenty\u0171zettel. Asztrosz\u00fcrke sz\u00ednben, 8 GB RAM-mal \u00e9s 128 GB SSD-vel. A k\u00e9sz\u00fcl\u00e9k akkuja 81%-os \u00e9s az eszk\u00f6zre 3 h\u00f3nap garanci\u00e1t v\u00e1llalunk.<\/p>\n","protected":false},"featured_media":22170,"comment_status":"open","ping_status":"closed","template":"","meta":{"_acf_changed":false},"class_list":{"0":"post-22169","1":"product","2":"type-product","3":"status-publish","4":"has-post-thumbnail","6":"product_cat-macbook","8":"first","9":"instock","10":"shipping-taxable","11":"purchasable","12":"product-type-simple"},"acf":[],"yoast_head":"<!-- This site is optimized with the Yoast SEO plugin v23.1 - https:\/\/yoast.com\/wordpress\/plugins\/seo\/ -->\n<title>39.Apple MacBook Air-2018-8 GB-128 SSD-81% akku - iSamurai<\/title>\n<meta name=\"robots\" content=\"index, follow, max-snippet:-1, max-image-preview:large, max-video-preview:-1\" \/>\n<link rel=\"canonical\" href=\"https:\/\/isamurai.hu\/webshop\/termek\/39-apple-macbook-air-2018-8-gb-128-ssd-81-akku\/\" \/>\n<meta property=\"og:locale\" content=\"hu_HU\" \/>\n<meta property=\"og:type\" content=\"article\" \/>\n<meta property=\"og:title\" content=\"39.Apple MacBook Air-2018-8 GB-128 SSD-81% akku - iSamurai\" \/>\n<meta property=\"og:description\" content=\"Elad\u00f3 egy haszn\u00e1lt Apple MacBook AIR 2018-as modell, Intel i5 -\u00f6s processzorral, amerikai kioszt\u00e1s\u00fa billenty\u0171zettel. Asztrosz\u00fcrke sz\u00ednben, 8 GB RAM-mal \u00e9s 128 GB SSD-vel. A k\u00e9sz\u00fcl\u00e9k akkuja 81%-os \u00e9s az eszk\u00f6zre 3 h\u00f3nap garanci\u00e1t v\u00e1llalunk.\" \/>\n<meta property=\"og:url\" content=\"https:\/\/isamurai.hu\/webshop\/termek\/39-apple-macbook-air-2018-8-gb-128-ssd-81-akku\/\" \/>\n<meta property=\"og:site_name\" content=\"iSamurai\" \/>\n<meta property=\"article:modified_time\" content=\"2026-03-07T11:28:25+00:00\" \/>\n<meta property=\"og:image\" content=\"http:\/\/isamurai.hu\/webshop\/wp-content\/uploads\/2026\/03\/IMG_9050-scaled.jpg\" \/>\n\t<meta property=\"og:image:width\" content=\"2560\" \/>\n\t<meta property=\"og:image:height\" content=\"1995\" \/>\n\t<meta property=\"og:image:type\" content=\"image\/jpeg\" \/>\n<meta name=\"twitter:card\" content=\"summary_large_image\" \/>\n<meta name=\"twitter:label1\" content=\"Becs\u00fclt olvas\u00e1si id\u0151\" \/>\n\t<meta name=\"twitter:data1\" content=\"1 perc\" \/>\n<script type=\"application\/ld+json\" class=\"yoast-schema-graph\">{\"@context\":\"https:\/\/schema.org\",\"@graph\":[{\"@type\":\"WebPage\",\"@id\":\"https:\/\/isamurai.hu\/webshop\/termek\/39-apple-macbook-air-2018-8-gb-128-ssd-81-akku\/\",\"url\":\"https:\/\/isamurai.hu\/webshop\/termek\/39-apple-macbook-air-2018-8-gb-128-ssd-81-akku\/\",\"name\":\"39.Apple MacBook Air-2018-8 GB-128 SSD-81% akku - iSamurai\",\"isPartOf\":{\"@id\":\"https:\/\/isamurai.hu\/webshop\/#website\"},\"primaryImageOfPage\":{\"@id\":\"https:\/\/isamurai.hu\/webshop\/termek\/39-apple-macbook-air-2018-8-gb-128-ssd-81-akku\/#primaryimage\"},\"image\":{\"@id\":\"https:\/\/isamurai.hu\/webshop\/termek\/39-apple-macbook-air-2018-8-gb-128-ssd-81-akku\/#primaryimage\"},\"thumbnailUrl\":\"https:\/\/isamurai.hu\/webshop\/wp-content\/uploads\/2026\/03\/IMG_9050-scaled.jpg\",\"datePublished\":\"2026-03-03T17:44:01+00:00\",\"dateModified\":\"2026-03-07T11:28:25+00:00\",\"breadcrumb\":{\"@id\":\"https:\/\/isamurai.hu\/webshop\/termek\/39-apple-macbook-air-2018-8-gb-128-ssd-81-akku\/#breadcrumb\"},\"inLanguage\":\"hu\",\"potentialAction\":[{\"@type\":\"ReadAction\",\"target\":[\"https:\/\/isamurai.hu\/webshop\/termek\/39-apple-macbook-air-2018-8-gb-128-ssd-81-akku\/\"]}]},{\"@type\":\"ImageObject\",\"inLanguage\":\"hu\",\"@id\":\"https:\/\/isamurai.hu\/webshop\/termek\/39-apple-macbook-air-2018-8-gb-128-ssd-81-akku\/#primaryimage\",\"url\":\"https:\/\/isamurai.hu\/webshop\/wp-content\/uploads\/2026\/03\/IMG_9050-scaled.jpg\",\"contentUrl\":\"https:\/\/isamurai.hu\/webshop\/wp-content\/uploads\/2026\/03\/IMG_9050-scaled.jpg\",\"width\":2560,\"height\":1995},{\"@type\":\"BreadcrumbList\",\"@id\":\"https:\/\/isamurai.hu\/webshop\/termek\/39-apple-macbook-air-2018-8-gb-128-ssd-81-akku\/#breadcrumb\",\"itemListElement\":[{\"@type\":\"ListItem\",\"position\":1,\"name\":\"Kezd\u0151lap\",\"item\":\"https:\/\/isamurai.hu\/webshop\/\"},{\"@type\":\"ListItem\",\"position\":2,\"name\":\"Ad\u00e1s-v\u00e9tel \u00e9s szerviz\",\"item\":\"https:\/\/isamurai.hu\/webshop\/\"},{\"@type\":\"ListItem\",\"position\":3,\"name\":\"39.Apple MacBook Air-2018-8 GB-128 SSD-81% akku\"}]},{\"@type\":\"WebSite\",\"@id\":\"https:\/\/isamurai.hu\/webshop\/#website\",\"url\":\"https:\/\/isamurai.hu\/webshop\/\",\"name\":\"iSamurai\",\"description\":\"\",\"potentialAction\":[{\"@type\":\"SearchAction\",\"target\":{\"@type\":\"EntryPoint\",\"urlTemplate\":\"https:\/\/isamurai.hu\/webshop\/?s={search_term_string}\"},\"query-input\":\"required name=search_term_string\"}],\"inLanguage\":\"hu\"}]}<\/script>\n<!-- \/ Yoast SEO plugin. -->","yoast_head_json":{"title":"39.Apple MacBook Air-2018-8 GB-128 SSD-81% akku - iSamurai","robots":{"index":"index","follow":"follow","max-snippet":"max-snippet:-1","max-image-preview":"max-image-preview:large","max-video-preview":"max-video-preview:-1"},"canonical":"https:\/\/isamurai.hu\/webshop\/termek\/39-apple-macbook-air-2018-8-gb-128-ssd-81-akku\/","og_locale":"hu_HU","og_type":"article","og_title":"39.Apple MacBook Air-2018-8 GB-128 SSD-81% akku - iSamurai","og_description":"Elad\u00f3 egy haszn\u00e1lt Apple MacBook AIR 2018-as modell, Intel i5 -\u00f6s processzorral, amerikai kioszt\u00e1s\u00fa billenty\u0171zettel. Asztrosz\u00fcrke sz\u00ednben, 8 GB RAM-mal \u00e9s 128 GB SSD-vel. A k\u00e9sz\u00fcl\u00e9k akkuja 81%-os \u00e9s az eszk\u00f6zre 3 h\u00f3nap garanci\u00e1t v\u00e1llalunk.","og_url":"https:\/\/isamurai.hu\/webshop\/termek\/39-apple-macbook-air-2018-8-gb-128-ssd-81-akku\/","og_site_name":"iSamurai","article_modified_time":"2026-03-07T11:28:25+00:00","og_image":[{"width":2560,"height":1995,"url":"http:\/\/isamurai.hu\/webshop\/wp-content\/uploads\/2026\/03\/IMG_9050-scaled.jpg","type":"image\/jpeg"}],"twitter_card":"summary_large_image","twitter_misc":{"Becs\u00fclt olvas\u00e1si id\u0151":"1 perc"},"schema":{"@context":"https:\/\/schema.org","@graph":[{"@type":"WebPage","@id":"https:\/\/isamurai.hu\/webshop\/termek\/39-apple-macbook-air-2018-8-gb-128-ssd-81-akku\/","url":"https:\/\/isamurai.hu\/webshop\/termek\/39-apple-macbook-air-2018-8-gb-128-ssd-81-akku\/","name":"39.Apple MacBook Air-2018-8 GB-128 SSD-81% akku - iSamurai","isPartOf":{"@id":"https:\/\/isamurai.hu\/webshop\/#website"},"primaryImageOfPage":{"@id":"https:\/\/isamurai.hu\/webshop\/termek\/39-apple-macbook-air-2018-8-gb-128-ssd-81-akku\/#primaryimage"},"image":{"@id":"https:\/\/isamurai.hu\/webshop\/termek\/39-apple-macbook-air-2018-8-gb-128-ssd-81-akku\/#primaryimage"},"thumbnailUrl":"https:\/\/isamurai.hu\/webshop\/wp-content\/uploads\/2026\/03\/IMG_9050-scaled.jpg","datePublished":"2026-03-03T17:44:01+00:00","dateModified":"2026-03-07T11:28:25+00:00","breadcrumb":{"@id":"https:\/\/isamurai.hu\/webshop\/termek\/39-apple-macbook-air-2018-8-gb-128-ssd-81-akku\/#breadcrumb"},"inLanguage":"hu","potentialAction":[{"@type":"ReadAction","target":["https:\/\/isamurai.hu\/webshop\/termek\/39-apple-macbook-air-2018-8-gb-128-ssd-81-akku\/"]}]},{"@type":"ImageObject","inLanguage":"hu","@id":"https:\/\/isamurai.hu\/webshop\/termek\/39-apple-macbook-air-2018-8-gb-128-ssd-81-akku\/#primaryimage","url":"https:\/\/isamurai.hu\/webshop\/wp-content\/uploads\/2026\/03\/IMG_9050-scaled.jpg","contentUrl":"https:\/\/isamurai.hu\/webshop\/wp-content\/uploads\/2026\/03\/IMG_9050-scaled.jpg","width":2560,"height":1995},{"@type":"BreadcrumbList","@id":"https:\/\/isamurai.hu\/webshop\/termek\/39-apple-macbook-air-2018-8-gb-128-ssd-81-akku\/#breadcrumb","itemListElement":[{"@type":"ListItem","position":1,"name":"Kezd\u0151lap","item":"https:\/\/isamurai.hu\/webshop\/"},{"@type":"ListItem","position":2,"name":"Ad\u00e1s-v\u00e9tel \u00e9s szerviz","item":"https:\/\/isamurai.hu\/webshop\/"},{"@type":"ListItem","position":3,"name":"39.Apple MacBook Air-2018-8 GB-128 SSD-81% akku"}]},{"@type":"WebSite","@id":"https:\/\/isamurai.hu\/webshop\/#website","url":"https:\/\/isamurai.hu\/webshop\/","name":"iSamurai","description":"","potentialAction":[{"@type":"SearchAction","target":{"@type":"EntryPoint","urlTemplate":"https:\/\/isamurai.hu\/webshop\/?s={search_term_string}"},"query-input":"required name=search_term_string"}],"inLanguage":"hu"}]}},"_links":{"self":[{"href":"https:\/\/isamurai.hu\/webshop\/wp-json\/wp\/v2\/product\/22169"}],"collection":[{"href":"https:\/\/isamurai.hu\/webshop\/wp-json\/wp\/v2\/product"}],"about":[{"href":"https:\/\/isamurai.hu\/webshop\/wp-json\/wp\/v2\/types\/product"}],"replies":[{"embeddable":true,"href":"https:\/\/isamurai.hu\/webshop\/wp-json\/wp\/v2\/comments?post=22169"}],"wp:featuredmedia":[{"embeddable":true,"href":"https:\/\/isamurai.hu\/webshop\/wp-json\/wp\/v2\/media\/22170"}],"wp:attachment":[{"href":"https:\/\/isamurai.hu\/webshop\/wp-json\/wp\/v2\/media?parent=22169"}],"curies":[{"name":"wp","href":"https:\/\/api.w.org\/{rel}","templated":true}]}}