{"id":22226,"date":"2026-03-07T11:36:48","date_gmt":"2026-03-07T10:36:48","guid":{"rendered":"https:\/\/isamurai.hu\/webshop\/?post_type=product&#038;p=22226"},"modified":"2026-03-30T17:31:58","modified_gmt":"2026-03-30T16:31:58","slug":"13-apple-ipad-mini-7-a17-pro-128-gb-akku-100-apple-gar-2027-09","status":"publish","type":"product","link":"https:\/\/isamurai.hu\/webshop\/termek\/13-apple-ipad-mini-7-a17-pro-128-gb-akku-100-apple-gar-2027-09\/","title":{"rendered":"13. Apple iPad Mini 7 \u2013 A17 Pro \u2013 128 GB \u2013 Akku 100% \u2013 Apple Gar. 2027.09."},"content":{"rendered":"","protected":false},"excerpt":{"rendered":"<p>Elad\u00f3 egy \u00fajszer\u0171 Apple iPad Mini 7-es k\u00e9sz\u00fcl\u00e9k. A17 Pro chippel, WiFi-s modell, starlight sz\u00ednben, 128GB bels\u0151 t\u00e1rhellyel. \u00d6sszes gy\u00e1ri tartoz\u00e9k\u00e1val, valamint 2027.09.23.-ig Apple garanci\u00e1val. A g\u00e9p akkuja 100%-os, mind\u00f6ssze 8 ciklussal.<\/p>\n","protected":false},"featured_media":22288,"comment_status":"open","ping_status":"closed","template":"","meta":{"_acf_changed":false},"class_list":{"0":"post-22226","1":"product","2":"type-product","3":"status-publish","4":"has-post-thumbnail","6":"product_cat-ipad-mini","8":"first","9":"instock","10":"sale","11":"shipping-taxable","12":"purchasable","13":"product-type-simple"},"acf":[],"yoast_head":"<!-- This site is optimized with the Yoast SEO plugin v23.1 - https:\/\/yoast.com\/wordpress\/plugins\/seo\/ -->\n<title>13. Apple iPad Mini 7 \u2013 A17 Pro \u2013 128 GB \u2013 Akku 100% \u2013 Apple Gar. 2027.09. - iSamurai<\/title>\n<meta name=\"robots\" content=\"index, follow, max-snippet:-1, max-image-preview:large, max-video-preview:-1\" \/>\n<link rel=\"canonical\" href=\"https:\/\/isamurai.hu\/webshop\/termek\/13-apple-ipad-mini-7-a17-pro-128-gb-akku-100-apple-gar-2027-09\/\" \/>\n<meta property=\"og:locale\" content=\"hu_HU\" \/>\n<meta property=\"og:type\" content=\"article\" \/>\n<meta property=\"og:title\" content=\"13. Apple iPad Mini 7 \u2013 A17 Pro \u2013 128 GB \u2013 Akku 100% \u2013 Apple Gar. 2027.09. - iSamurai\" \/>\n<meta property=\"og:description\" content=\"Elad\u00f3 egy \u00fajszer\u0171 Apple iPad Mini 7-es k\u00e9sz\u00fcl\u00e9k. A17 Pro chippel, WiFi-s modell, starlight sz\u00ednben, 128GB bels\u0151 t\u00e1rhellyel. \u00d6sszes gy\u00e1ri tartoz\u00e9k\u00e1val, valamint 2027.09.23.-ig Apple garanci\u00e1val. A g\u00e9p akkuja 100%-os, mind\u00f6ssze 8 ciklussal.\" \/>\n<meta property=\"og:url\" content=\"https:\/\/isamurai.hu\/webshop\/termek\/13-apple-ipad-mini-7-a17-pro-128-gb-akku-100-apple-gar-2027-09\/\" \/>\n<meta property=\"og:site_name\" content=\"iSamurai\" \/>\n<meta property=\"article:modified_time\" content=\"2026-03-30T16:31:58+00:00\" \/>\n<meta property=\"og:image\" content=\"http:\/\/isamurai.hu\/webshop\/wp-content\/uploads\/2026\/03\/IMG_2008-scaled.jpg\" \/>\n\t<meta property=\"og:image:width\" content=\"2560\" \/>\n\t<meta property=\"og:image:height\" content=\"2560\" \/>\n\t<meta property=\"og:image:type\" content=\"image\/jpeg\" \/>\n<meta name=\"twitter:card\" content=\"summary_large_image\" \/>\n<meta name=\"twitter:label1\" content=\"Becs\u00fclt olvas\u00e1si id\u0151\" \/>\n\t<meta name=\"twitter:data1\" content=\"1 perc\" \/>\n<script type=\"application\/ld+json\" class=\"yoast-schema-graph\">{\"@context\":\"https:\/\/schema.org\",\"@graph\":[{\"@type\":\"WebPage\",\"@id\":\"https:\/\/isamurai.hu\/webshop\/termek\/13-apple-ipad-mini-7-a17-pro-128-gb-akku-100-apple-gar-2027-09\/\",\"url\":\"https:\/\/isamurai.hu\/webshop\/termek\/13-apple-ipad-mini-7-a17-pro-128-gb-akku-100-apple-gar-2027-09\/\",\"name\":\"13. Apple iPad Mini 7 \u2013 A17 Pro \u2013 128 GB \u2013 Akku 100% \u2013 Apple Gar. 2027.09. - iSamurai\",\"isPartOf\":{\"@id\":\"https:\/\/isamurai.hu\/webshop\/#website\"},\"primaryImageOfPage\":{\"@id\":\"https:\/\/isamurai.hu\/webshop\/termek\/13-apple-ipad-mini-7-a17-pro-128-gb-akku-100-apple-gar-2027-09\/#primaryimage\"},\"image\":{\"@id\":\"https:\/\/isamurai.hu\/webshop\/termek\/13-apple-ipad-mini-7-a17-pro-128-gb-akku-100-apple-gar-2027-09\/#primaryimage\"},\"thumbnailUrl\":\"https:\/\/isamurai.hu\/webshop\/wp-content\/uploads\/2026\/03\/IMG_2008-scaled.jpg\",\"datePublished\":\"2026-03-07T10:36:48+00:00\",\"dateModified\":\"2026-03-30T16:31:58+00:00\",\"breadcrumb\":{\"@id\":\"https:\/\/isamurai.hu\/webshop\/termek\/13-apple-ipad-mini-7-a17-pro-128-gb-akku-100-apple-gar-2027-09\/#breadcrumb\"},\"inLanguage\":\"hu\",\"potentialAction\":[{\"@type\":\"ReadAction\",\"target\":[\"https:\/\/isamurai.hu\/webshop\/termek\/13-apple-ipad-mini-7-a17-pro-128-gb-akku-100-apple-gar-2027-09\/\"]}]},{\"@type\":\"ImageObject\",\"inLanguage\":\"hu\",\"@id\":\"https:\/\/isamurai.hu\/webshop\/termek\/13-apple-ipad-mini-7-a17-pro-128-gb-akku-100-apple-gar-2027-09\/#primaryimage\",\"url\":\"https:\/\/isamurai.hu\/webshop\/wp-content\/uploads\/2026\/03\/IMG_2008-scaled.jpg\",\"contentUrl\":\"https:\/\/isamurai.hu\/webshop\/wp-content\/uploads\/2026\/03\/IMG_2008-scaled.jpg\",\"width\":2560,\"height\":2560},{\"@type\":\"BreadcrumbList\",\"@id\":\"https:\/\/isamurai.hu\/webshop\/termek\/13-apple-ipad-mini-7-a17-pro-128-gb-akku-100-apple-gar-2027-09\/#breadcrumb\",\"itemListElement\":[{\"@type\":\"ListItem\",\"position\":1,\"name\":\"Kezd\u0151lap\",\"item\":\"https:\/\/isamurai.hu\/webshop\/\"},{\"@type\":\"ListItem\",\"position\":2,\"name\":\"Ad\u00e1s-v\u00e9tel \u00e9s szerviz\",\"item\":\"https:\/\/isamurai.hu\/webshop\/\"},{\"@type\":\"ListItem\",\"position\":3,\"name\":\"13. Apple iPad Mini 7 \u2013 A17 Pro \u2013 128 GB \u2013 Akku 100% \u2013 Apple Gar. 2027.09.\"}]},{\"@type\":\"WebSite\",\"@id\":\"https:\/\/isamurai.hu\/webshop\/#website\",\"url\":\"https:\/\/isamurai.hu\/webshop\/\",\"name\":\"iSamurai\",\"description\":\"\",\"potentialAction\":[{\"@type\":\"SearchAction\",\"target\":{\"@type\":\"EntryPoint\",\"urlTemplate\":\"https:\/\/isamurai.hu\/webshop\/?s={search_term_string}\"},\"query-input\":\"required name=search_term_string\"}],\"inLanguage\":\"hu\"}]}<\/script>\n<!-- \/ Yoast SEO plugin. -->","yoast_head_json":{"title":"13. Apple iPad Mini 7 \u2013 A17 Pro \u2013 128 GB \u2013 Akku 100% \u2013 Apple Gar. 2027.09. - iSamurai","robots":{"index":"index","follow":"follow","max-snippet":"max-snippet:-1","max-image-preview":"max-image-preview:large","max-video-preview":"max-video-preview:-1"},"canonical":"https:\/\/isamurai.hu\/webshop\/termek\/13-apple-ipad-mini-7-a17-pro-128-gb-akku-100-apple-gar-2027-09\/","og_locale":"hu_HU","og_type":"article","og_title":"13. Apple iPad Mini 7 \u2013 A17 Pro \u2013 128 GB \u2013 Akku 100% \u2013 Apple Gar. 2027.09. - iSamurai","og_description":"Elad\u00f3 egy \u00fajszer\u0171 Apple iPad Mini 7-es k\u00e9sz\u00fcl\u00e9k. A17 Pro chippel, WiFi-s modell, starlight sz\u00ednben, 128GB bels\u0151 t\u00e1rhellyel. \u00d6sszes gy\u00e1ri tartoz\u00e9k\u00e1val, valamint 2027.09.23.-ig Apple garanci\u00e1val. A g\u00e9p akkuja 100%-os, mind\u00f6ssze 8 ciklussal.","og_url":"https:\/\/isamurai.hu\/webshop\/termek\/13-apple-ipad-mini-7-a17-pro-128-gb-akku-100-apple-gar-2027-09\/","og_site_name":"iSamurai","article_modified_time":"2026-03-30T16:31:58+00:00","og_image":[{"width":2560,"height":2560,"url":"http:\/\/isamurai.hu\/webshop\/wp-content\/uploads\/2026\/03\/IMG_2008-scaled.jpg","type":"image\/jpeg"}],"twitter_card":"summary_large_image","twitter_misc":{"Becs\u00fclt olvas\u00e1si id\u0151":"1 perc"},"schema":{"@context":"https:\/\/schema.org","@graph":[{"@type":"WebPage","@id":"https:\/\/isamurai.hu\/webshop\/termek\/13-apple-ipad-mini-7-a17-pro-128-gb-akku-100-apple-gar-2027-09\/","url":"https:\/\/isamurai.hu\/webshop\/termek\/13-apple-ipad-mini-7-a17-pro-128-gb-akku-100-apple-gar-2027-09\/","name":"13. Apple iPad Mini 7 \u2013 A17 Pro \u2013 128 GB \u2013 Akku 100% \u2013 Apple Gar. 2027.09. - iSamurai","isPartOf":{"@id":"https:\/\/isamurai.hu\/webshop\/#website"},"primaryImageOfPage":{"@id":"https:\/\/isamurai.hu\/webshop\/termek\/13-apple-ipad-mini-7-a17-pro-128-gb-akku-100-apple-gar-2027-09\/#primaryimage"},"image":{"@id":"https:\/\/isamurai.hu\/webshop\/termek\/13-apple-ipad-mini-7-a17-pro-128-gb-akku-100-apple-gar-2027-09\/#primaryimage"},"thumbnailUrl":"https:\/\/isamurai.hu\/webshop\/wp-content\/uploads\/2026\/03\/IMG_2008-scaled.jpg","datePublished":"2026-03-07T10:36:48+00:00","dateModified":"2026-03-30T16:31:58+00:00","breadcrumb":{"@id":"https:\/\/isamurai.hu\/webshop\/termek\/13-apple-ipad-mini-7-a17-pro-128-gb-akku-100-apple-gar-2027-09\/#breadcrumb"},"inLanguage":"hu","potentialAction":[{"@type":"ReadAction","target":["https:\/\/isamurai.hu\/webshop\/termek\/13-apple-ipad-mini-7-a17-pro-128-gb-akku-100-apple-gar-2027-09\/"]}]},{"@type":"ImageObject","inLanguage":"hu","@id":"https:\/\/isamurai.hu\/webshop\/termek\/13-apple-ipad-mini-7-a17-pro-128-gb-akku-100-apple-gar-2027-09\/#primaryimage","url":"https:\/\/isamurai.hu\/webshop\/wp-content\/uploads\/2026\/03\/IMG_2008-scaled.jpg","contentUrl":"https:\/\/isamurai.hu\/webshop\/wp-content\/uploads\/2026\/03\/IMG_2008-scaled.jpg","width":2560,"height":2560},{"@type":"BreadcrumbList","@id":"https:\/\/isamurai.hu\/webshop\/termek\/13-apple-ipad-mini-7-a17-pro-128-gb-akku-100-apple-gar-2027-09\/#breadcrumb","itemListElement":[{"@type":"ListItem","position":1,"name":"Kezd\u0151lap","item":"https:\/\/isamurai.hu\/webshop\/"},{"@type":"ListItem","position":2,"name":"Ad\u00e1s-v\u00e9tel \u00e9s szerviz","item":"https:\/\/isamurai.hu\/webshop\/"},{"@type":"ListItem","position":3,"name":"13. Apple iPad Mini 7 \u2013 A17 Pro \u2013 128 GB \u2013 Akku 100% \u2013 Apple Gar. 2027.09."}]},{"@type":"WebSite","@id":"https:\/\/isamurai.hu\/webshop\/#website","url":"https:\/\/isamurai.hu\/webshop\/","name":"iSamurai","description":"","potentialAction":[{"@type":"SearchAction","target":{"@type":"EntryPoint","urlTemplate":"https:\/\/isamurai.hu\/webshop\/?s={search_term_string}"},"query-input":"required name=search_term_string"}],"inLanguage":"hu"}]}},"_links":{"self":[{"href":"https:\/\/isamurai.hu\/webshop\/wp-json\/wp\/v2\/product\/22226"}],"collection":[{"href":"https:\/\/isamurai.hu\/webshop\/wp-json\/wp\/v2\/product"}],"about":[{"href":"https:\/\/isamurai.hu\/webshop\/wp-json\/wp\/v2\/types\/product"}],"replies":[{"embeddable":true,"href":"https:\/\/isamurai.hu\/webshop\/wp-json\/wp\/v2\/comments?post=22226"}],"wp:featuredmedia":[{"embeddable":true,"href":"https:\/\/isamurai.hu\/webshop\/wp-json\/wp\/v2\/media\/22288"}],"wp:attachment":[{"href":"https:\/\/isamurai.hu\/webshop\/wp-json\/wp\/v2\/media?parent=22226"}],"curies":[{"name":"wp","href":"https:\/\/api.w.org\/{rel}","templated":true}]}}