{"id":22238,"date":"2026-03-07T14:37:54","date_gmt":"2026-03-07T13:37:54","guid":{"rendered":"https:\/\/isamurai.hu\/webshop\/?post_type=product&#038;p=22238"},"modified":"2026-03-07T14:37:54","modified_gmt":"2026-03-07T13:37:54","slug":"25-apple-watch-s8-45mm-gps","status":"publish","type":"product","link":"https:\/\/isamurai.hu\/webshop\/termek\/25-apple-watch-s8-45mm-gps\/","title":{"rendered":"25.Apple Watch S8-45mm-GPS"},"content":{"rendered":"","protected":false},"excerpt":{"rendered":"<p>Elad\u00f3 egy haszn\u00e1lt, sz\u00e9p \u00e1llapot\u00fa Apple Watch S8 45 mm-es kijelz\u0151vel, Alum\u00ednium h\u00e1zas, GPS-es modell. T\u00f6lt\u0151k\u00e1bellel, valamint 3 h\u00f3nap garanci\u00e1val.<\/p>\n","protected":false},"featured_media":22239,"comment_status":"open","ping_status":"closed","template":"","meta":{"_acf_changed":false},"class_list":{"0":"post-22238","1":"product","2":"type-product","3":"status-publish","4":"has-post-thumbnail","6":"product_cat-watch","8":"first","9":"instock","10":"shipping-taxable","11":"purchasable","12":"product-type-simple"},"acf":[],"yoast_head":"<!-- This site is optimized with the Yoast SEO plugin v23.1 - https:\/\/yoast.com\/wordpress\/plugins\/seo\/ -->\n<title>25.Apple Watch S8-45mm-GPS - iSamurai<\/title>\n<meta name=\"robots\" content=\"index, follow, max-snippet:-1, max-image-preview:large, max-video-preview:-1\" \/>\n<link rel=\"canonical\" href=\"https:\/\/isamurai.hu\/webshop\/termek\/25-apple-watch-s8-45mm-gps\/\" \/>\n<meta property=\"og:locale\" content=\"hu_HU\" \/>\n<meta property=\"og:type\" content=\"article\" \/>\n<meta property=\"og:title\" content=\"25.Apple Watch S8-45mm-GPS - iSamurai\" \/>\n<meta property=\"og:description\" content=\"Elad\u00f3 egy haszn\u00e1lt, sz\u00e9p \u00e1llapot\u00fa Apple Watch S8 45 mm-es kijelz\u0151vel, Alum\u00ednium h\u00e1zas, GPS-es modell. T\u00f6lt\u0151k\u00e1bellel, valamint 3 h\u00f3nap garanci\u00e1val.\" \/>\n<meta property=\"og:url\" content=\"https:\/\/isamurai.hu\/webshop\/termek\/25-apple-watch-s8-45mm-gps\/\" \/>\n<meta property=\"og:site_name\" content=\"iSamurai\" \/>\n<meta name=\"twitter:card\" content=\"summary_large_image\" \/>\n<meta name=\"twitter:label1\" content=\"Becs\u00fclt olvas\u00e1si id\u0151\" \/>\n\t<meta name=\"twitter:data1\" content=\"1 perc\" \/>\n<script type=\"application\/ld+json\" class=\"yoast-schema-graph\">{\"@context\":\"https:\/\/schema.org\",\"@graph\":[{\"@type\":\"WebPage\",\"@id\":\"https:\/\/isamurai.hu\/webshop\/termek\/25-apple-watch-s8-45mm-gps\/\",\"url\":\"https:\/\/isamurai.hu\/webshop\/termek\/25-apple-watch-s8-45mm-gps\/\",\"name\":\"25.Apple Watch S8-45mm-GPS - iSamurai\",\"isPartOf\":{\"@id\":\"https:\/\/isamurai.hu\/webshop\/#website\"},\"primaryImageOfPage\":{\"@id\":\"https:\/\/isamurai.hu\/webshop\/termek\/25-apple-watch-s8-45mm-gps\/#primaryimage\"},\"image\":{\"@id\":\"https:\/\/isamurai.hu\/webshop\/termek\/25-apple-watch-s8-45mm-gps\/#primaryimage\"},\"thumbnailUrl\":\"https:\/\/isamurai.hu\/webshop\/wp-content\/uploads\/2026\/03\/IMG_9162.heic\",\"datePublished\":\"2026-03-07T13:37:54+00:00\",\"dateModified\":\"2026-03-07T13:37:54+00:00\",\"breadcrumb\":{\"@id\":\"https:\/\/isamurai.hu\/webshop\/termek\/25-apple-watch-s8-45mm-gps\/#breadcrumb\"},\"inLanguage\":\"hu\",\"potentialAction\":[{\"@type\":\"ReadAction\",\"target\":[\"https:\/\/isamurai.hu\/webshop\/termek\/25-apple-watch-s8-45mm-gps\/\"]}]},{\"@type\":\"ImageObject\",\"inLanguage\":\"hu\",\"@id\":\"https:\/\/isamurai.hu\/webshop\/termek\/25-apple-watch-s8-45mm-gps\/#primaryimage\",\"url\":\"https:\/\/isamurai.hu\/webshop\/wp-content\/uploads\/2026\/03\/IMG_9162.heic\",\"contentUrl\":\"https:\/\/isamurai.hu\/webshop\/wp-content\/uploads\/2026\/03\/IMG_9162.heic\"},{\"@type\":\"BreadcrumbList\",\"@id\":\"https:\/\/isamurai.hu\/webshop\/termek\/25-apple-watch-s8-45mm-gps\/#breadcrumb\",\"itemListElement\":[{\"@type\":\"ListItem\",\"position\":1,\"name\":\"Kezd\u0151lap\",\"item\":\"https:\/\/isamurai.hu\/webshop\/\"},{\"@type\":\"ListItem\",\"position\":2,\"name\":\"Ad\u00e1s-v\u00e9tel \u00e9s szerviz\",\"item\":\"https:\/\/isamurai.hu\/webshop\/\"},{\"@type\":\"ListItem\",\"position\":3,\"name\":\"25.Apple Watch S8-45mm-GPS\"}]},{\"@type\":\"WebSite\",\"@id\":\"https:\/\/isamurai.hu\/webshop\/#website\",\"url\":\"https:\/\/isamurai.hu\/webshop\/\",\"name\":\"iSamurai\",\"description\":\"\",\"potentialAction\":[{\"@type\":\"SearchAction\",\"target\":{\"@type\":\"EntryPoint\",\"urlTemplate\":\"https:\/\/isamurai.hu\/webshop\/?s={search_term_string}\"},\"query-input\":\"required name=search_term_string\"}],\"inLanguage\":\"hu\"}]}<\/script>\n<!-- \/ Yoast SEO plugin. -->","yoast_head_json":{"title":"25.Apple Watch S8-45mm-GPS - iSamurai","robots":{"index":"index","follow":"follow","max-snippet":"max-snippet:-1","max-image-preview":"max-image-preview:large","max-video-preview":"max-video-preview:-1"},"canonical":"https:\/\/isamurai.hu\/webshop\/termek\/25-apple-watch-s8-45mm-gps\/","og_locale":"hu_HU","og_type":"article","og_title":"25.Apple Watch S8-45mm-GPS - iSamurai","og_description":"Elad\u00f3 egy haszn\u00e1lt, sz\u00e9p \u00e1llapot\u00fa Apple Watch S8 45 mm-es kijelz\u0151vel, Alum\u00ednium h\u00e1zas, GPS-es modell. T\u00f6lt\u0151k\u00e1bellel, valamint 3 h\u00f3nap garanci\u00e1val.","og_url":"https:\/\/isamurai.hu\/webshop\/termek\/25-apple-watch-s8-45mm-gps\/","og_site_name":"iSamurai","twitter_card":"summary_large_image","twitter_misc":{"Becs\u00fclt olvas\u00e1si id\u0151":"1 perc"},"schema":{"@context":"https:\/\/schema.org","@graph":[{"@type":"WebPage","@id":"https:\/\/isamurai.hu\/webshop\/termek\/25-apple-watch-s8-45mm-gps\/","url":"https:\/\/isamurai.hu\/webshop\/termek\/25-apple-watch-s8-45mm-gps\/","name":"25.Apple Watch S8-45mm-GPS - iSamurai","isPartOf":{"@id":"https:\/\/isamurai.hu\/webshop\/#website"},"primaryImageOfPage":{"@id":"https:\/\/isamurai.hu\/webshop\/termek\/25-apple-watch-s8-45mm-gps\/#primaryimage"},"image":{"@id":"https:\/\/isamurai.hu\/webshop\/termek\/25-apple-watch-s8-45mm-gps\/#primaryimage"},"thumbnailUrl":"https:\/\/isamurai.hu\/webshop\/wp-content\/uploads\/2026\/03\/IMG_9162.heic","datePublished":"2026-03-07T13:37:54+00:00","dateModified":"2026-03-07T13:37:54+00:00","breadcrumb":{"@id":"https:\/\/isamurai.hu\/webshop\/termek\/25-apple-watch-s8-45mm-gps\/#breadcrumb"},"inLanguage":"hu","potentialAction":[{"@type":"ReadAction","target":["https:\/\/isamurai.hu\/webshop\/termek\/25-apple-watch-s8-45mm-gps\/"]}]},{"@type":"ImageObject","inLanguage":"hu","@id":"https:\/\/isamurai.hu\/webshop\/termek\/25-apple-watch-s8-45mm-gps\/#primaryimage","url":"https:\/\/isamurai.hu\/webshop\/wp-content\/uploads\/2026\/03\/IMG_9162.heic","contentUrl":"https:\/\/isamurai.hu\/webshop\/wp-content\/uploads\/2026\/03\/IMG_9162.heic"},{"@type":"BreadcrumbList","@id":"https:\/\/isamurai.hu\/webshop\/termek\/25-apple-watch-s8-45mm-gps\/#breadcrumb","itemListElement":[{"@type":"ListItem","position":1,"name":"Kezd\u0151lap","item":"https:\/\/isamurai.hu\/webshop\/"},{"@type":"ListItem","position":2,"name":"Ad\u00e1s-v\u00e9tel \u00e9s szerviz","item":"https:\/\/isamurai.hu\/webshop\/"},{"@type":"ListItem","position":3,"name":"25.Apple Watch S8-45mm-GPS"}]},{"@type":"WebSite","@id":"https:\/\/isamurai.hu\/webshop\/#website","url":"https:\/\/isamurai.hu\/webshop\/","name":"iSamurai","description":"","potentialAction":[{"@type":"SearchAction","target":{"@type":"EntryPoint","urlTemplate":"https:\/\/isamurai.hu\/webshop\/?s={search_term_string}"},"query-input":"required name=search_term_string"}],"inLanguage":"hu"}]}},"_links":{"self":[{"href":"https:\/\/isamurai.hu\/webshop\/wp-json\/wp\/v2\/product\/22238"}],"collection":[{"href":"https:\/\/isamurai.hu\/webshop\/wp-json\/wp\/v2\/product"}],"about":[{"href":"https:\/\/isamurai.hu\/webshop\/wp-json\/wp\/v2\/types\/product"}],"replies":[{"embeddable":true,"href":"https:\/\/isamurai.hu\/webshop\/wp-json\/wp\/v2\/comments?post=22238"}],"wp:featuredmedia":[{"embeddable":true,"href":"https:\/\/isamurai.hu\/webshop\/wp-json\/wp\/v2\/media\/22239"}],"wp:attachment":[{"href":"https:\/\/isamurai.hu\/webshop\/wp-json\/wp\/v2\/media?parent=22238"}],"curies":[{"name":"wp","href":"https:\/\/api.w.org\/{rel}","templated":true}]}}