{"id":22295,"date":"2026-04-01T13:17:06","date_gmt":"2026-04-01T12:17:06","guid":{"rendered":"https:\/\/isamurai.hu\/webshop\/?post_type=product&#038;p=22295"},"modified":"2026-04-01T13:21:23","modified_gmt":"2026-04-01T12:21:23","slug":"38-apple-ipad-air-7-13-128-gb-wifi-ujszeru-m3-100-akku-2028-12-apple","status":"publish","type":"product","link":"https:\/\/isamurai.hu\/webshop\/termek\/38-apple-ipad-air-7-13-128-gb-wifi-ujszeru-m3-100-akku-2028-12-apple\/","title":{"rendered":"38. Apple iPad Air 7 13&#8243; &#8211; 128 GB &#8211; Wifi &#8211; \u00dajszer\u0171 &#8211; M3 &#8211; 100% akku &#8211; 2028.12 Apple"},"content":{"rendered":"","protected":false},"excerpt":{"rendered":"<p>Elad\u00f3 egy \u00fajszer\u0171 \u00e1llapotban l\u00e9v\u0151 Apple iPad Air 7. gener\u00e1ci\u00f3s k\u00e9sz\u00fcl\u00e9k 13&#8243;-os kijelz\u0151vel. M3-as chippel, K\u00e9k sz\u00ednben, 128 GB bels\u0151 t\u00e1rhellyel, WiFi-s modell. Doboz\u00e1ban, bontatlan t\u00f6lt\u0151k\u00e1bellel, valamint 2026.12.21-ig Apple garanci\u00e9val +2\u00e9v szavatoss\u00e1ggal. Gy\u00e1ri akkuja 100%-os, mind\u00f6ssze 15 ciklussal.<\/p>\n","protected":false},"featured_media":22296,"comment_status":"open","ping_status":"closed","template":"","meta":{"_acf_changed":false},"class_list":{"0":"post-22295","1":"product","2":"type-product","3":"status-publish","4":"has-post-thumbnail","6":"product_cat-ipad-ipad-air","8":"first","9":"instock","10":"shipping-taxable","11":"purchasable","12":"product-type-simple"},"acf":[],"yoast_head":"<!-- This site is optimized with the Yoast SEO plugin v23.1 - https:\/\/yoast.com\/wordpress\/plugins\/seo\/ -->\n<title>38. Apple iPad Air 7 13&quot; - 128 GB - Wifi - \u00dajszer\u0171 - M3 - 100% akku - 2028.12 Apple - iSamurai<\/title>\n<meta name=\"robots\" content=\"index, follow, max-snippet:-1, max-image-preview:large, max-video-preview:-1\" \/>\n<link rel=\"canonical\" href=\"https:\/\/isamurai.hu\/webshop\/termek\/38-apple-ipad-air-7-13-128-gb-wifi-ujszeru-m3-100-akku-2028-12-apple\/\" \/>\n<meta property=\"og:locale\" content=\"hu_HU\" \/>\n<meta property=\"og:type\" content=\"article\" \/>\n<meta property=\"og:title\" content=\"38. Apple iPad Air 7 13&quot; - 128 GB - Wifi - \u00dajszer\u0171 - M3 - 100% akku - 2028.12 Apple - iSamurai\" \/>\n<meta property=\"og:description\" content=\"Elad\u00f3 egy \u00fajszer\u0171 \u00e1llapotban l\u00e9v\u0151 Apple iPad Air 7. gener\u00e1ci\u00f3s k\u00e9sz\u00fcl\u00e9k 13&quot;-os kijelz\u0151vel. M3-as chippel, K\u00e9k sz\u00ednben, 128 GB bels\u0151 t\u00e1rhellyel, WiFi-s modell. Doboz\u00e1ban, bontatlan t\u00f6lt\u0151k\u00e1bellel, valamint 2026.12.21-ig Apple garanci\u00e9val +2\u00e9v szavatoss\u00e1ggal. Gy\u00e1ri akkuja 100%-os, mind\u00f6ssze 15 ciklussal.\" \/>\n<meta property=\"og:url\" content=\"https:\/\/isamurai.hu\/webshop\/termek\/38-apple-ipad-air-7-13-128-gb-wifi-ujszeru-m3-100-akku-2028-12-apple\/\" \/>\n<meta property=\"og:site_name\" content=\"iSamurai\" \/>\n<meta property=\"article:modified_time\" content=\"2026-04-01T12:21:23+00:00\" \/>\n<meta property=\"og:image\" content=\"http:\/\/isamurai.hu\/webshop\/wp-content\/uploads\/2026\/04\/IMG_2025-scaled.jpg\" \/>\n\t<meta property=\"og:image:width\" content=\"2560\" \/>\n\t<meta property=\"og:image:height\" content=\"2560\" \/>\n\t<meta property=\"og:image:type\" content=\"image\/jpeg\" \/>\n<meta name=\"twitter:card\" content=\"summary_large_image\" \/>\n<meta name=\"twitter:label1\" content=\"Becs\u00fclt olvas\u00e1si id\u0151\" \/>\n\t<meta name=\"twitter:data1\" content=\"1 perc\" \/>\n<script type=\"application\/ld+json\" class=\"yoast-schema-graph\">{\"@context\":\"https:\/\/schema.org\",\"@graph\":[{\"@type\":\"WebPage\",\"@id\":\"https:\/\/isamurai.hu\/webshop\/termek\/38-apple-ipad-air-7-13-128-gb-wifi-ujszeru-m3-100-akku-2028-12-apple\/\",\"url\":\"https:\/\/isamurai.hu\/webshop\/termek\/38-apple-ipad-air-7-13-128-gb-wifi-ujszeru-m3-100-akku-2028-12-apple\/\",\"name\":\"38. Apple iPad Air 7 13\\\" - 128 GB - Wifi - \u00dajszer\u0171 - M3 - 100% akku - 2028.12 Apple - iSamurai\",\"isPartOf\":{\"@id\":\"https:\/\/isamurai.hu\/webshop\/#website\"},\"primaryImageOfPage\":{\"@id\":\"https:\/\/isamurai.hu\/webshop\/termek\/38-apple-ipad-air-7-13-128-gb-wifi-ujszeru-m3-100-akku-2028-12-apple\/#primaryimage\"},\"image\":{\"@id\":\"https:\/\/isamurai.hu\/webshop\/termek\/38-apple-ipad-air-7-13-128-gb-wifi-ujszeru-m3-100-akku-2028-12-apple\/#primaryimage\"},\"thumbnailUrl\":\"https:\/\/isamurai.hu\/webshop\/wp-content\/uploads\/2026\/04\/IMG_2025-scaled.jpg\",\"datePublished\":\"2026-04-01T12:17:06+00:00\",\"dateModified\":\"2026-04-01T12:21:23+00:00\",\"breadcrumb\":{\"@id\":\"https:\/\/isamurai.hu\/webshop\/termek\/38-apple-ipad-air-7-13-128-gb-wifi-ujszeru-m3-100-akku-2028-12-apple\/#breadcrumb\"},\"inLanguage\":\"hu\",\"potentialAction\":[{\"@type\":\"ReadAction\",\"target\":[\"https:\/\/isamurai.hu\/webshop\/termek\/38-apple-ipad-air-7-13-128-gb-wifi-ujszeru-m3-100-akku-2028-12-apple\/\"]}]},{\"@type\":\"ImageObject\",\"inLanguage\":\"hu\",\"@id\":\"https:\/\/isamurai.hu\/webshop\/termek\/38-apple-ipad-air-7-13-128-gb-wifi-ujszeru-m3-100-akku-2028-12-apple\/#primaryimage\",\"url\":\"https:\/\/isamurai.hu\/webshop\/wp-content\/uploads\/2026\/04\/IMG_2025-scaled.jpg\",\"contentUrl\":\"https:\/\/isamurai.hu\/webshop\/wp-content\/uploads\/2026\/04\/IMG_2025-scaled.jpg\",\"width\":2560,\"height\":2560},{\"@type\":\"BreadcrumbList\",\"@id\":\"https:\/\/isamurai.hu\/webshop\/termek\/38-apple-ipad-air-7-13-128-gb-wifi-ujszeru-m3-100-akku-2028-12-apple\/#breadcrumb\",\"itemListElement\":[{\"@type\":\"ListItem\",\"position\":1,\"name\":\"Kezd\u0151lap\",\"item\":\"https:\/\/isamurai.hu\/webshop\/\"},{\"@type\":\"ListItem\",\"position\":2,\"name\":\"Ad\u00e1s-v\u00e9tel \u00e9s szerviz\",\"item\":\"https:\/\/isamurai.hu\/webshop\/\"},{\"@type\":\"ListItem\",\"position\":3,\"name\":\"38. Apple iPad Air 7 13&#8243; &#8211; 128 GB &#8211; Wifi &#8211; \u00dajszer\u0171 &#8211; M3 &#8211; 100% akku &#8211; 2028.12 Apple\"}]},{\"@type\":\"WebSite\",\"@id\":\"https:\/\/isamurai.hu\/webshop\/#website\",\"url\":\"https:\/\/isamurai.hu\/webshop\/\",\"name\":\"iSamurai\",\"description\":\"\",\"potentialAction\":[{\"@type\":\"SearchAction\",\"target\":{\"@type\":\"EntryPoint\",\"urlTemplate\":\"https:\/\/isamurai.hu\/webshop\/?s={search_term_string}\"},\"query-input\":\"required name=search_term_string\"}],\"inLanguage\":\"hu\"}]}<\/script>\n<!-- \/ Yoast SEO plugin. -->","yoast_head_json":{"title":"38. Apple iPad Air 7 13\" - 128 GB - Wifi - \u00dajszer\u0171 - M3 - 100% akku - 2028.12 Apple - iSamurai","robots":{"index":"index","follow":"follow","max-snippet":"max-snippet:-1","max-image-preview":"max-image-preview:large","max-video-preview":"max-video-preview:-1"},"canonical":"https:\/\/isamurai.hu\/webshop\/termek\/38-apple-ipad-air-7-13-128-gb-wifi-ujszeru-m3-100-akku-2028-12-apple\/","og_locale":"hu_HU","og_type":"article","og_title":"38. Apple iPad Air 7 13\" - 128 GB - Wifi - \u00dajszer\u0171 - M3 - 100% akku - 2028.12 Apple - iSamurai","og_description":"Elad\u00f3 egy \u00fajszer\u0171 \u00e1llapotban l\u00e9v\u0151 Apple iPad Air 7. gener\u00e1ci\u00f3s k\u00e9sz\u00fcl\u00e9k 13\"-os kijelz\u0151vel. M3-as chippel, K\u00e9k sz\u00ednben, 128 GB bels\u0151 t\u00e1rhellyel, WiFi-s modell. Doboz\u00e1ban, bontatlan t\u00f6lt\u0151k\u00e1bellel, valamint 2026.12.21-ig Apple garanci\u00e9val +2\u00e9v szavatoss\u00e1ggal. Gy\u00e1ri akkuja 100%-os, mind\u00f6ssze 15 ciklussal.","og_url":"https:\/\/isamurai.hu\/webshop\/termek\/38-apple-ipad-air-7-13-128-gb-wifi-ujszeru-m3-100-akku-2028-12-apple\/","og_site_name":"iSamurai","article_modified_time":"2026-04-01T12:21:23+00:00","og_image":[{"width":2560,"height":2560,"url":"http:\/\/isamurai.hu\/webshop\/wp-content\/uploads\/2026\/04\/IMG_2025-scaled.jpg","type":"image\/jpeg"}],"twitter_card":"summary_large_image","twitter_misc":{"Becs\u00fclt olvas\u00e1si id\u0151":"1 perc"},"schema":{"@context":"https:\/\/schema.org","@graph":[{"@type":"WebPage","@id":"https:\/\/isamurai.hu\/webshop\/termek\/38-apple-ipad-air-7-13-128-gb-wifi-ujszeru-m3-100-akku-2028-12-apple\/","url":"https:\/\/isamurai.hu\/webshop\/termek\/38-apple-ipad-air-7-13-128-gb-wifi-ujszeru-m3-100-akku-2028-12-apple\/","name":"38. Apple iPad Air 7 13\" - 128 GB - Wifi - \u00dajszer\u0171 - M3 - 100% akku - 2028.12 Apple - iSamurai","isPartOf":{"@id":"https:\/\/isamurai.hu\/webshop\/#website"},"primaryImageOfPage":{"@id":"https:\/\/isamurai.hu\/webshop\/termek\/38-apple-ipad-air-7-13-128-gb-wifi-ujszeru-m3-100-akku-2028-12-apple\/#primaryimage"},"image":{"@id":"https:\/\/isamurai.hu\/webshop\/termek\/38-apple-ipad-air-7-13-128-gb-wifi-ujszeru-m3-100-akku-2028-12-apple\/#primaryimage"},"thumbnailUrl":"https:\/\/isamurai.hu\/webshop\/wp-content\/uploads\/2026\/04\/IMG_2025-scaled.jpg","datePublished":"2026-04-01T12:17:06+00:00","dateModified":"2026-04-01T12:21:23+00:00","breadcrumb":{"@id":"https:\/\/isamurai.hu\/webshop\/termek\/38-apple-ipad-air-7-13-128-gb-wifi-ujszeru-m3-100-akku-2028-12-apple\/#breadcrumb"},"inLanguage":"hu","potentialAction":[{"@type":"ReadAction","target":["https:\/\/isamurai.hu\/webshop\/termek\/38-apple-ipad-air-7-13-128-gb-wifi-ujszeru-m3-100-akku-2028-12-apple\/"]}]},{"@type":"ImageObject","inLanguage":"hu","@id":"https:\/\/isamurai.hu\/webshop\/termek\/38-apple-ipad-air-7-13-128-gb-wifi-ujszeru-m3-100-akku-2028-12-apple\/#primaryimage","url":"https:\/\/isamurai.hu\/webshop\/wp-content\/uploads\/2026\/04\/IMG_2025-scaled.jpg","contentUrl":"https:\/\/isamurai.hu\/webshop\/wp-content\/uploads\/2026\/04\/IMG_2025-scaled.jpg","width":2560,"height":2560},{"@type":"BreadcrumbList","@id":"https:\/\/isamurai.hu\/webshop\/termek\/38-apple-ipad-air-7-13-128-gb-wifi-ujszeru-m3-100-akku-2028-12-apple\/#breadcrumb","itemListElement":[{"@type":"ListItem","position":1,"name":"Kezd\u0151lap","item":"https:\/\/isamurai.hu\/webshop\/"},{"@type":"ListItem","position":2,"name":"Ad\u00e1s-v\u00e9tel \u00e9s szerviz","item":"https:\/\/isamurai.hu\/webshop\/"},{"@type":"ListItem","position":3,"name":"38. Apple iPad Air 7 13&#8243; &#8211; 128 GB &#8211; Wifi &#8211; \u00dajszer\u0171 &#8211; M3 &#8211; 100% akku &#8211; 2028.12 Apple"}]},{"@type":"WebSite","@id":"https:\/\/isamurai.hu\/webshop\/#website","url":"https:\/\/isamurai.hu\/webshop\/","name":"iSamurai","description":"","potentialAction":[{"@type":"SearchAction","target":{"@type":"EntryPoint","urlTemplate":"https:\/\/isamurai.hu\/webshop\/?s={search_term_string}"},"query-input":"required name=search_term_string"}],"inLanguage":"hu"}]}},"_links":{"self":[{"href":"https:\/\/isamurai.hu\/webshop\/wp-json\/wp\/v2\/product\/22295"}],"collection":[{"href":"https:\/\/isamurai.hu\/webshop\/wp-json\/wp\/v2\/product"}],"about":[{"href":"https:\/\/isamurai.hu\/webshop\/wp-json\/wp\/v2\/types\/product"}],"replies":[{"embeddable":true,"href":"https:\/\/isamurai.hu\/webshop\/wp-json\/wp\/v2\/comments?post=22295"}],"wp:featuredmedia":[{"embeddable":true,"href":"https:\/\/isamurai.hu\/webshop\/wp-json\/wp\/v2\/media\/22296"}],"wp:attachment":[{"href":"https:\/\/isamurai.hu\/webshop\/wp-json\/wp\/v2\/media?parent=22295"}],"curies":[{"name":"wp","href":"https:\/\/api.w.org\/{rel}","templated":true}]}}