{"id":22313,"date":"2026-04-09T17:08:29","date_gmt":"2026-04-09T16:08:29","guid":{"rendered":"https:\/\/isamurai.hu\/webshop\/?post_type=product&#038;p=22313"},"modified":"2026-04-09T17:19:15","modified_gmt":"2026-04-09T16:19:15","slug":"30-apple-watch-series-11-gps-46-mm-space-gray-akku-100","status":"publish","type":"product","link":"https:\/\/isamurai.hu\/webshop\/termek\/30-apple-watch-series-11-gps-46-mm-space-gray-akku-100\/","title":{"rendered":"30. Apple Watch Series 11 &#8211; GPS &#8211; 46 mm &#8211; Space Gray &#8211; Akku 100%"},"content":{"rendered":"","protected":false},"excerpt":{"rendered":"<p>Elad\u00f3 egy \u00fajszer\u0171 Apple Watch Series 11, Space Gray sz\u00ednben, GPS-es modell, 46 mm-es kijelz\u0151vel. Doboz\u00e1ban t\u00f6lt\u0151k\u00e1bellel, valamint 2026.09.20.-ig Apple garanci\u00e1val. Az akkuja 100%-os.<\/p>\n","protected":false},"featured_media":22314,"comment_status":"open","ping_status":"closed","template":"","meta":{"_acf_changed":false},"class_list":{"0":"post-22313","1":"product","2":"type-product","3":"status-publish","4":"has-post-thumbnail","6":"product_cat-watch","8":"first","9":"instock","10":"shipping-taxable","11":"purchasable","12":"product-type-simple"},"acf":[],"yoast_head":"<!-- This site is optimized with the Yoast SEO plugin v23.1 - https:\/\/yoast.com\/wordpress\/plugins\/seo\/ -->\n<title>30. Apple Watch Series 11 - GPS - 46 mm - Space Gray - Akku 100% - iSamurai<\/title>\n<meta name=\"robots\" content=\"index, follow, max-snippet:-1, max-image-preview:large, max-video-preview:-1\" \/>\n<link rel=\"canonical\" href=\"https:\/\/isamurai.hu\/webshop\/termek\/30-apple-watch-series-11-gps-46-mm-space-gray-akku-100\/\" \/>\n<meta property=\"og:locale\" content=\"hu_HU\" \/>\n<meta property=\"og:type\" content=\"article\" \/>\n<meta property=\"og:title\" content=\"30. Apple Watch Series 11 - GPS - 46 mm - Space Gray - Akku 100% - iSamurai\" \/>\n<meta property=\"og:description\" content=\"Elad\u00f3 egy \u00fajszer\u0171 Apple Watch Series 11, Space Gray sz\u00ednben, GPS-es modell, 46 mm-es kijelz\u0151vel. Doboz\u00e1ban t\u00f6lt\u0151k\u00e1bellel, valamint 2026.09.20.-ig Apple garanci\u00e1val. Az akkuja 100%-os.\" \/>\n<meta property=\"og:url\" content=\"https:\/\/isamurai.hu\/webshop\/termek\/30-apple-watch-series-11-gps-46-mm-space-gray-akku-100\/\" \/>\n<meta property=\"og:site_name\" content=\"iSamurai\" \/>\n<meta property=\"article:modified_time\" content=\"2026-04-09T16:19:15+00:00\" \/>\n<meta property=\"og:image\" content=\"http:\/\/isamurai.hu\/webshop\/wp-content\/uploads\/2026\/04\/IMG_2050-scaled.jpeg\" \/>\n\t<meta property=\"og:image:width\" content=\"2560\" \/>\n\t<meta property=\"og:image:height\" content=\"2560\" \/>\n\t<meta property=\"og:image:type\" content=\"image\/jpeg\" \/>\n<meta name=\"twitter:card\" content=\"summary_large_image\" \/>\n<meta name=\"twitter:label1\" content=\"Becs\u00fclt olvas\u00e1si id\u0151\" \/>\n\t<meta name=\"twitter:data1\" content=\"1 perc\" \/>\n<script type=\"application\/ld+json\" class=\"yoast-schema-graph\">{\"@context\":\"https:\/\/schema.org\",\"@graph\":[{\"@type\":\"WebPage\",\"@id\":\"https:\/\/isamurai.hu\/webshop\/termek\/30-apple-watch-series-11-gps-46-mm-space-gray-akku-100\/\",\"url\":\"https:\/\/isamurai.hu\/webshop\/termek\/30-apple-watch-series-11-gps-46-mm-space-gray-akku-100\/\",\"name\":\"30. Apple Watch Series 11 - GPS - 46 mm - Space Gray - Akku 100% - iSamurai\",\"isPartOf\":{\"@id\":\"https:\/\/isamurai.hu\/webshop\/#website\"},\"primaryImageOfPage\":{\"@id\":\"https:\/\/isamurai.hu\/webshop\/termek\/30-apple-watch-series-11-gps-46-mm-space-gray-akku-100\/#primaryimage\"},\"image\":{\"@id\":\"https:\/\/isamurai.hu\/webshop\/termek\/30-apple-watch-series-11-gps-46-mm-space-gray-akku-100\/#primaryimage\"},\"thumbnailUrl\":\"https:\/\/isamurai.hu\/webshop\/wp-content\/uploads\/2026\/04\/IMG_2050-scaled.jpeg\",\"datePublished\":\"2026-04-09T16:08:29+00:00\",\"dateModified\":\"2026-04-09T16:19:15+00:00\",\"breadcrumb\":{\"@id\":\"https:\/\/isamurai.hu\/webshop\/termek\/30-apple-watch-series-11-gps-46-mm-space-gray-akku-100\/#breadcrumb\"},\"inLanguage\":\"hu\",\"potentialAction\":[{\"@type\":\"ReadAction\",\"target\":[\"https:\/\/isamurai.hu\/webshop\/termek\/30-apple-watch-series-11-gps-46-mm-space-gray-akku-100\/\"]}]},{\"@type\":\"ImageObject\",\"inLanguage\":\"hu\",\"@id\":\"https:\/\/isamurai.hu\/webshop\/termek\/30-apple-watch-series-11-gps-46-mm-space-gray-akku-100\/#primaryimage\",\"url\":\"https:\/\/isamurai.hu\/webshop\/wp-content\/uploads\/2026\/04\/IMG_2050-scaled.jpeg\",\"contentUrl\":\"https:\/\/isamurai.hu\/webshop\/wp-content\/uploads\/2026\/04\/IMG_2050-scaled.jpeg\",\"width\":2560,\"height\":2560},{\"@type\":\"BreadcrumbList\",\"@id\":\"https:\/\/isamurai.hu\/webshop\/termek\/30-apple-watch-series-11-gps-46-mm-space-gray-akku-100\/#breadcrumb\",\"itemListElement\":[{\"@type\":\"ListItem\",\"position\":1,\"name\":\"Kezd\u0151lap\",\"item\":\"https:\/\/isamurai.hu\/webshop\/\"},{\"@type\":\"ListItem\",\"position\":2,\"name\":\"Ad\u00e1s-v\u00e9tel \u00e9s szerviz\",\"item\":\"https:\/\/isamurai.hu\/webshop\/\"},{\"@type\":\"ListItem\",\"position\":3,\"name\":\"30. Apple Watch Series 11 &#8211; GPS &#8211; 46 mm &#8211; Space Gray &#8211; Akku 100%\"}]},{\"@type\":\"WebSite\",\"@id\":\"https:\/\/isamurai.hu\/webshop\/#website\",\"url\":\"https:\/\/isamurai.hu\/webshop\/\",\"name\":\"iSamurai\",\"description\":\"\",\"potentialAction\":[{\"@type\":\"SearchAction\",\"target\":{\"@type\":\"EntryPoint\",\"urlTemplate\":\"https:\/\/isamurai.hu\/webshop\/?s={search_term_string}\"},\"query-input\":\"required name=search_term_string\"}],\"inLanguage\":\"hu\"}]}<\/script>\n<!-- \/ Yoast SEO plugin. -->","yoast_head_json":{"title":"30. Apple Watch Series 11 - GPS - 46 mm - Space Gray - Akku 100% - iSamurai","robots":{"index":"index","follow":"follow","max-snippet":"max-snippet:-1","max-image-preview":"max-image-preview:large","max-video-preview":"max-video-preview:-1"},"canonical":"https:\/\/isamurai.hu\/webshop\/termek\/30-apple-watch-series-11-gps-46-mm-space-gray-akku-100\/","og_locale":"hu_HU","og_type":"article","og_title":"30. Apple Watch Series 11 - GPS - 46 mm - Space Gray - Akku 100% - iSamurai","og_description":"Elad\u00f3 egy \u00fajszer\u0171 Apple Watch Series 11, Space Gray sz\u00ednben, GPS-es modell, 46 mm-es kijelz\u0151vel. Doboz\u00e1ban t\u00f6lt\u0151k\u00e1bellel, valamint 2026.09.20.-ig Apple garanci\u00e1val. Az akkuja 100%-os.","og_url":"https:\/\/isamurai.hu\/webshop\/termek\/30-apple-watch-series-11-gps-46-mm-space-gray-akku-100\/","og_site_name":"iSamurai","article_modified_time":"2026-04-09T16:19:15+00:00","og_image":[{"width":2560,"height":2560,"url":"http:\/\/isamurai.hu\/webshop\/wp-content\/uploads\/2026\/04\/IMG_2050-scaled.jpeg","type":"image\/jpeg"}],"twitter_card":"summary_large_image","twitter_misc":{"Becs\u00fclt olvas\u00e1si id\u0151":"1 perc"},"schema":{"@context":"https:\/\/schema.org","@graph":[{"@type":"WebPage","@id":"https:\/\/isamurai.hu\/webshop\/termek\/30-apple-watch-series-11-gps-46-mm-space-gray-akku-100\/","url":"https:\/\/isamurai.hu\/webshop\/termek\/30-apple-watch-series-11-gps-46-mm-space-gray-akku-100\/","name":"30. Apple Watch Series 11 - GPS - 46 mm - Space Gray - Akku 100% - iSamurai","isPartOf":{"@id":"https:\/\/isamurai.hu\/webshop\/#website"},"primaryImageOfPage":{"@id":"https:\/\/isamurai.hu\/webshop\/termek\/30-apple-watch-series-11-gps-46-mm-space-gray-akku-100\/#primaryimage"},"image":{"@id":"https:\/\/isamurai.hu\/webshop\/termek\/30-apple-watch-series-11-gps-46-mm-space-gray-akku-100\/#primaryimage"},"thumbnailUrl":"https:\/\/isamurai.hu\/webshop\/wp-content\/uploads\/2026\/04\/IMG_2050-scaled.jpeg","datePublished":"2026-04-09T16:08:29+00:00","dateModified":"2026-04-09T16:19:15+00:00","breadcrumb":{"@id":"https:\/\/isamurai.hu\/webshop\/termek\/30-apple-watch-series-11-gps-46-mm-space-gray-akku-100\/#breadcrumb"},"inLanguage":"hu","potentialAction":[{"@type":"ReadAction","target":["https:\/\/isamurai.hu\/webshop\/termek\/30-apple-watch-series-11-gps-46-mm-space-gray-akku-100\/"]}]},{"@type":"ImageObject","inLanguage":"hu","@id":"https:\/\/isamurai.hu\/webshop\/termek\/30-apple-watch-series-11-gps-46-mm-space-gray-akku-100\/#primaryimage","url":"https:\/\/isamurai.hu\/webshop\/wp-content\/uploads\/2026\/04\/IMG_2050-scaled.jpeg","contentUrl":"https:\/\/isamurai.hu\/webshop\/wp-content\/uploads\/2026\/04\/IMG_2050-scaled.jpeg","width":2560,"height":2560},{"@type":"BreadcrumbList","@id":"https:\/\/isamurai.hu\/webshop\/termek\/30-apple-watch-series-11-gps-46-mm-space-gray-akku-100\/#breadcrumb","itemListElement":[{"@type":"ListItem","position":1,"name":"Kezd\u0151lap","item":"https:\/\/isamurai.hu\/webshop\/"},{"@type":"ListItem","position":2,"name":"Ad\u00e1s-v\u00e9tel \u00e9s szerviz","item":"https:\/\/isamurai.hu\/webshop\/"},{"@type":"ListItem","position":3,"name":"30. Apple Watch Series 11 &#8211; GPS &#8211; 46 mm &#8211; Space Gray &#8211; Akku 100%"}]},{"@type":"WebSite","@id":"https:\/\/isamurai.hu\/webshop\/#website","url":"https:\/\/isamurai.hu\/webshop\/","name":"iSamurai","description":"","potentialAction":[{"@type":"SearchAction","target":{"@type":"EntryPoint","urlTemplate":"https:\/\/isamurai.hu\/webshop\/?s={search_term_string}"},"query-input":"required name=search_term_string"}],"inLanguage":"hu"}]}},"_links":{"self":[{"href":"https:\/\/isamurai.hu\/webshop\/wp-json\/wp\/v2\/product\/22313"}],"collection":[{"href":"https:\/\/isamurai.hu\/webshop\/wp-json\/wp\/v2\/product"}],"about":[{"href":"https:\/\/isamurai.hu\/webshop\/wp-json\/wp\/v2\/types\/product"}],"replies":[{"embeddable":true,"href":"https:\/\/isamurai.hu\/webshop\/wp-json\/wp\/v2\/comments?post=22313"}],"wp:featuredmedia":[{"embeddable":true,"href":"https:\/\/isamurai.hu\/webshop\/wp-json\/wp\/v2\/media\/22314"}],"wp:attachment":[{"href":"https:\/\/isamurai.hu\/webshop\/wp-json\/wp\/v2\/media?parent=22313"}],"curies":[{"name":"wp","href":"https:\/\/api.w.org\/{rel}","templated":true}]}}